{"id":1657,"date":"2023-07-09T21:31:16","date_gmt":"2023-07-09T19:31:16","guid":{"rendered":"https:\/\/xn--pferdundpftchen-itb.de\/woocommerce\/?post_type=product&#038;p=1657"},"modified":"2025-01-25T18:37:36","modified_gmt":"2025-01-25T17:37:36","slug":"vitamin-b6","status":"publish","type":"product","link":"https:\/\/xn--pferdundpftchen-itb.de\/woocommerce\/produkt\/vitamin-b6\/","title":{"rendered":"Vitamin B6"},"content":{"rendered":"<p>Vitamin B6 von Navalis \u2013 Der Regulator im Aminos\u00e4ure-Metabolismus<\/p>\n<p>Vitamin B6 von Navalis ist ein Mikron\u00e4hrstoffprodukt, das speziell entwickelt wurde, um einen m\u00f6glichen Vitamin B6-Mangel bei Deinem Pferd auszugleichen. Es enth\u00e4lt Pyridoxin-HCl, die aktivierte Form von Vitamin B6, die eine hervorragende Verf\u00fcgbarkeit im Organismus gew\u00e4hrleistet.<\/p>\n<p>Vitamin B6 wird als Coenzym vieler Enzyme, insbesondere des Aminos\u00e4ure-Stoffwechsels, ben\u00f6tigt. Es spielt eine zentrale Rolle bei der Umwandlung von Aminos\u00e4uren und ist entscheidend f\u00fcr eine Vielzahl von Stoffwechselprozessen. Ein Mangel an Vitamin B6 tritt h\u00e4ufig aufgrund von St\u00f6rungen der k\u00f6rpereigenen Synthese im Verdauungstrakt oder bei Stoffwechselerkrankungen auf. Zudem wird Vitamin B6 auch mit der nicht wissenschaftlich nachgewiesenen, jedoch oft diskutierten Kryptopyrrolurie (KPU) in Verbindung gebracht.<\/p>\n<p>Mit Vitamin B6 von Navalis kannst Du sicherstellen, dass Dein Pferd optimal mit diesem wichtigen Mikron\u00e4hrstoff versorgt wird \u2013 f\u00fcr einen stabilen Aminos\u00e4ure-Stoffwechsel und eine ausgewogene Gesundheit.<\/p>\n<p>Zusammensetzung: Bierhefe, Karotten, Leinsamen, Soja, Pflanzen\u00f6l (Leinsamen, kaltgepresst)<\/p>\n<p>Inhaltsstoffe: Rohprotein 23,70 %, Rohfett 6,40 %, Rohfaser 10,30 %, Rohasche 5,30 %, Natrium 0,27 %<\/p>\n<p>F\u00fctterungsempfehlung: T\u00e4glich 2 gestrichene Messl\u00f6ffel (entspricht 20 g) f\u00fcr ein Pferd mit 600 kg K\u00f6rpergewicht. Ein dauerhafter Einsatz ist m\u00f6glich. Je nach Bedarfssituation kann die F\u00fctterung auf 3 bis maximal 4 Messl\u00f6ffel t\u00e4glich, idealerweise auf 2 Mahlzeiten verteilt, erh\u00f6ht werden. Bei dauerhafter F\u00fctterung sollte die t\u00e4gliche F\u00fctterung auf 1-2 Messl\u00f6ffel begrenzt bleiben.<\/p>\n<p>Dieses Erg\u00e4nzungsfuttermittel darf aufgrund des, gegen\u00fcber Alleinfuttermitteln erh\u00f6hten, Gehaltes an Bentonit nur an Pferde bis zu 200 % der Gesamttagesration verf\u00fcttert werden. Die gleichzeitige orale Verabreichung von Makroliden ist zu vermeiden.<\/p>\n","protected":false},"excerpt":{"rendered":"<p>Vitamin B6 von Navalis \u2013 Der Regulator im Aminos\u00e4ure-Metabolismus Vitamin B6 von Navalis ist ein Mikron\u00e4hrstoffprodukt, das speziell entwickelt wurde, um einen m\u00f6glichen Vitamin B6-Mangel bei Deinem Pferd auszugleichen. Es enth\u00e4lt Pyridoxin-HCl, die aktivierte Form von Vitamin B6, die eine hervorragende Verf\u00fcgbarkeit im Organismus gew\u00e4hrleistet. Vitamin B6 wird als Coenzym vieler Enzyme, insbesondere des Aminos\u00e4ure-Stoffwechsels, [&hellip;]<\/p>\n","protected":false},"featured_media":1643,"comment_status":"open","ping_status":"closed","template":"","meta":[],"product_brand":[],"product_cat":[15,70,33],"product_tag":[],"class_list":{"0":"post-1657","1":"product","2":"type-product","3":"status-publish","4":"has-post-thumbnail","6":"product_cat-pferd","7":"product_cat-mineralstoffe-pferd","8":"product_cat-magen-verdauung-pferd","10":"first","11":"instock","12":"taxable","13":"shipping-taxable","14":"purchasable","15":"product-type-simple"},"jetpack_sharing_enabled":true,"_links":{"self":[{"href":"https:\/\/xn--pferdundpftchen-itb.de\/woocommerce\/wp-json\/wp\/v2\/product\/1657","targetHints":{"allow":["GET"]}}],"collection":[{"href":"https:\/\/xn--pferdundpftchen-itb.de\/woocommerce\/wp-json\/wp\/v2\/product"}],"about":[{"href":"https:\/\/xn--pferdundpftchen-itb.de\/woocommerce\/wp-json\/wp\/v2\/types\/product"}],"replies":[{"embeddable":true,"href":"https:\/\/xn--pferdundpftchen-itb.de\/woocommerce\/wp-json\/wp\/v2\/comments?post=1657"}],"wp:featuredmedia":[{"embeddable":true,"href":"https:\/\/xn--pferdundpftchen-itb.de\/woocommerce\/wp-json\/wp\/v2\/media\/1643"}],"wp:attachment":[{"href":"https:\/\/xn--pferdundpftchen-itb.de\/woocommerce\/wp-json\/wp\/v2\/media?parent=1657"}],"wp:term":[{"taxonomy":"product_brand","embeddable":true,"href":"https:\/\/xn--pferdundpftchen-itb.de\/woocommerce\/wp-json\/wp\/v2\/product_brand?post=1657"},{"taxonomy":"product_cat","embeddable":true,"href":"https:\/\/xn--pferdundpftchen-itb.de\/woocommerce\/wp-json\/wp\/v2\/product_cat?post=1657"},{"taxonomy":"product_tag","embeddable":true,"href":"https:\/\/xn--pferdundpftchen-itb.de\/woocommerce\/wp-json\/wp\/v2\/product_tag?post=1657"}],"curies":[{"name":"wp","href":"https:\/\/api.w.org\/{rel}","templated":true}]}}