{"id":1659,"date":"2023-07-09T21:33:12","date_gmt":"2023-07-09T19:33:12","guid":{"rendered":"https:\/\/xn--pferdundpftchen-itb.de\/woocommerce\/?post_type=product&#038;p=1659"},"modified":"2025-01-25T18:38:28","modified_gmt":"2025-01-25T17:38:28","slug":"jod","status":"publish","type":"product","link":"https:\/\/xn--pferdundpftchen-itb.de\/woocommerce\/produkt\/jod\/","title":{"rendered":"Jod"},"content":{"rendered":"<p><strong>Jod von Navalis \u2013 Das vernachl\u00e4ssigte Spurenelement f\u00fcr gesunde Schilddr\u00fcsenfunktion<\/strong><\/p>\n<p>Jod von Navalis ist ein organisches Mikron\u00e4hrstoffprodukt, das speziell entwickelt wurde, um einen m\u00f6glichen Jodmangel bei Deinem Pferd auszugleichen. Es enth\u00e4lt einen hohen Anteil an nat\u00fcrlichem Jod aus Blasentang, das f\u00fcr eine optimale Verf\u00fcgbarkeit und Aufnahme im Organismus sorgt.<\/p>\n<p>Jod ist ein essentieller Baustein der Schilddr\u00fcsenhormone, die eine Vielzahl wichtiger K\u00f6rperfunktionen regulieren \u2013 von der K\u00f6rpertemperatur \u00fcber die Herzt\u00e4tigkeit und Verdauung bis hin zum Leistungsverm\u00f6gen und Immunsystem. Mehrbedarfssituationen treten h\u00e4ufig im Wachstum, Alter sowie bei Tr\u00e4chtigkeit und Laktation auf. Ein Jodmangel kann zu einer gest\u00f6rten Bildung von Schilddr\u00fcsenhormonen f\u00fchren, was Leistungsdepression, Lethargie und Fellprobleme verursachen kann. In fortgeschrittenen F\u00e4llen kann sogar eine Kropfbildung auftreten.<\/p>\n<p>Mit Jod von Navalis stellst Du sicher, dass Dein Pferd optimal mit diesem wichtigen Spurenelement versorgt ist \u2013 f\u00fcr eine gesunde Schilddr\u00fcsenfunktion und eine starke Leistung.<\/p>\n<p>Zusammensetzung: Bierhefe, Karotten, Soja, Leinsamen, Blasentang, Anis, Pflanzen\u00f6l (Leinsamen, kaltgepresst)<\/p>\n<p>Inhaltsstoffe: Rohprotein 18,70 %, Rohfett 12,70 %, Rohfaser 11,10 %, Rohasche 5,60 %, Natrium 0,48 %<\/p>\n<p>F\u00fctterungsempfehlung: T\u00e4glich 2 Messl\u00f6ffel (entspricht 20 g) f\u00fcr ein Pferd mit 600 kg K\u00f6rpergewicht. Zwischen Spurenelementen und Mineralstoffen bestehen Wechselwirkungen. So kann u. U. ein Mangel an anderen Elementen induziert werden. Bei gleichzeitiger F\u00fctterung anderer Elemente hoher Dosierung, sollte die F\u00fctterung \u00fcber den Tag verteilt werden.<\/p>\n<p>Dieses Erg\u00e4nzungsfuttermittel darf aufgrund des, gegen\u00fcber Alleinfuttermitteln erh\u00f6hten, Gehaltes an Spurenelementen nur an Pferde bis zu 10 % der Gesamttagesration verf\u00fcttert werden.<\/p>\n","protected":false},"excerpt":{"rendered":"<p>Jod von Navalis \u2013 Das vernachl\u00e4ssigte Spurenelement f\u00fcr gesunde Schilddr\u00fcsenfunktion Jod von Navalis ist ein organisches Mikron\u00e4hrstoffprodukt, das speziell entwickelt wurde, um einen m\u00f6glichen Jodmangel bei Deinem Pferd auszugleichen. Es enth\u00e4lt einen hohen Anteil an nat\u00fcrlichem Jod aus Blasentang, das f\u00fcr eine optimale Verf\u00fcgbarkeit und Aufnahme im Organismus sorgt. Jod ist ein essentieller Baustein der [&hellip;]<\/p>\n","protected":false},"featured_media":1635,"comment_status":"open","ping_status":"closed","template":"","meta":[],"product_brand":[],"product_cat":[15,70,46,49],"product_tag":[],"class_list":{"0":"post-1659","1":"product","2":"type-product","3":"status-publish","4":"has-post-thumbnail","6":"product_cat-pferd","7":"product_cat-mineralstoffe-pferd","8":"product_cat-haut-fell-pferd","9":"product_cat-hormone-fortpflanzung","11":"first","12":"instock","13":"taxable","14":"shipping-taxable","15":"purchasable","16":"product-type-simple"},"jetpack_sharing_enabled":true,"_links":{"self":[{"href":"https:\/\/xn--pferdundpftchen-itb.de\/woocommerce\/wp-json\/wp\/v2\/product\/1659","targetHints":{"allow":["GET"]}}],"collection":[{"href":"https:\/\/xn--pferdundpftchen-itb.de\/woocommerce\/wp-json\/wp\/v2\/product"}],"about":[{"href":"https:\/\/xn--pferdundpftchen-itb.de\/woocommerce\/wp-json\/wp\/v2\/types\/product"}],"replies":[{"embeddable":true,"href":"https:\/\/xn--pferdundpftchen-itb.de\/woocommerce\/wp-json\/wp\/v2\/comments?post=1659"}],"wp:featuredmedia":[{"embeddable":true,"href":"https:\/\/xn--pferdundpftchen-itb.de\/woocommerce\/wp-json\/wp\/v2\/media\/1635"}],"wp:attachment":[{"href":"https:\/\/xn--pferdundpftchen-itb.de\/woocommerce\/wp-json\/wp\/v2\/media?parent=1659"}],"wp:term":[{"taxonomy":"product_brand","embeddable":true,"href":"https:\/\/xn--pferdundpftchen-itb.de\/woocommerce\/wp-json\/wp\/v2\/product_brand?post=1659"},{"taxonomy":"product_cat","embeddable":true,"href":"https:\/\/xn--pferdundpftchen-itb.de\/woocommerce\/wp-json\/wp\/v2\/product_cat?post=1659"},{"taxonomy":"product_tag","embeddable":true,"href":"https:\/\/xn--pferdundpftchen-itb.de\/woocommerce\/wp-json\/wp\/v2\/product_tag?post=1659"}],"curies":[{"name":"wp","href":"https:\/\/api.w.org\/{rel}","templated":true}]}}