{"id":1676,"date":"2023-07-09T21:40:09","date_gmt":"2023-07-09T19:40:09","guid":{"rendered":"https:\/\/xn--pferdundpftchen-itb.de\/woocommerce\/?post_type=product&#038;p=1676"},"modified":"2023-07-09T21:40:29","modified_gmt":"2023-07-09T19:40:29","slug":"leder-und-sattelseife","status":"publish","type":"product","link":"https:\/\/xn--pferdundpftchen-itb.de\/woocommerce\/produkt\/leder-und-sattelseife\/","title":{"rendered":"Leder- und Sattelseife"},"content":{"rendered":"<p>Diese handgemachte Naturseife erleichtert das Reinigen und Fetten des Leders, da beides in einem Durchgang erfolgt.<br \/>\nF\u00fcr alle Leder rund ums Pferd (und dar\u00fcber hinaus) ist die Leder-und Sattelseife einsetzbar. Als Sattelseife ist sie speziell f\u00fcr die Reinigung, Fettung und Pflege von Glattleder formuliert. Stark reinigend bekommt sie auch hartn\u00e4ckigen Schmutz in den Griff. Diese Lederpflege ist in der praktischen Metalldose f\u00fcr den t\u00e4glichen Einsatz immer griffbereit.<\/p>\n<p>Anwendung: Die Naturseife braucht nur eine geringe Menge Wasser. Damit wird sie in das Leder eingearbeitet, wobei v.a. bei grobnarbigen Ledern die tiefen Kerben besonders beachtet werden sollten. Hier kann zum Beispiel auch eine weiche B\u00fcrste zur Reinigung eingesetzt werden, ansonsten l\u00e4sst sich die Seife am leichtesten mit einem Schwamm auftragen. Die Sattelseife sollte bei korrektem Einsatz eine feine Schaumschicht bilden. Dieser Schaum kann nach der Reinigung zusammen mit eventuellen Seifenresten abgewischt werden. Dann sollte das Leder eine weile Trocknen. Dank der besonderen Zusammensetzung unserer nat\u00fcrlichen Sattelseife muss danach das Leder nicht extra eingefettet werden \u2013 das Einfetten geschieht bereits mit der Reinigung gemeinsam. Damit wird automatisch die Elastizit\u00e4t des Leders erhalten und die Poren werden verschlossen, womit Schmutz nicht in das Leder eindringen kann. Ein weiterer Arbeitsschritt ist nicht n\u00f6tig.<\/p>\n<p>Ausschlie\u00dflich aus nat\u00fcrlichen Zutaten, frei von Erd\u00f6len, Palm\u00f6l oder Silikonen, kein Mikroplastik, vegan, in einer plastikfreien Verpackung. In Handarbeit hergestellt. <\/p>\n<p>Zusammensetzung: Cocos nucifera oil, Aqua, Canola oil, Helianthus annuus seed oil, Sodium Hydroxide, Helianthus annuus seed wax<\/p>\n","protected":false},"excerpt":{"rendered":"<p>Diese handgemachte Naturseife erleichtert das Reinigen und Fetten des Leders, da beides in einem Durchgang erfolgt. F\u00fcr alle Leder rund ums Pferd (und dar\u00fcber hinaus) ist die Leder-und Sattelseife einsetzbar. Als Sattelseife ist sie speziell f\u00fcr die Reinigung, Fettung und Pflege von Glattleder formuliert. Stark reinigend bekommt sie auch hartn\u00e4ckigen Schmutz in den Griff. Diese [&hellip;]<\/p>\n","protected":false},"featured_media":1669,"comment_status":"open","ping_status":"closed","template":"","meta":[],"product_brand":[],"product_cat":[15,81],"product_tag":[],"class_list":{"0":"post-1676","1":"product","2":"type-product","3":"status-publish","4":"has-post-thumbnail","6":"product_cat-pferd","7":"product_cat-zubehoer-pferd","9":"first","10":"instock","11":"taxable","12":"shipping-taxable","13":"purchasable","14":"product-type-simple"},"jetpack_sharing_enabled":true,"_links":{"self":[{"href":"https:\/\/xn--pferdundpftchen-itb.de\/woocommerce\/wp-json\/wp\/v2\/product\/1676","targetHints":{"allow":["GET"]}}],"collection":[{"href":"https:\/\/xn--pferdundpftchen-itb.de\/woocommerce\/wp-json\/wp\/v2\/product"}],"about":[{"href":"https:\/\/xn--pferdundpftchen-itb.de\/woocommerce\/wp-json\/wp\/v2\/types\/product"}],"replies":[{"embeddable":true,"href":"https:\/\/xn--pferdundpftchen-itb.de\/woocommerce\/wp-json\/wp\/v2\/comments?post=1676"}],"wp:featuredmedia":[{"embeddable":true,"href":"https:\/\/xn--pferdundpftchen-itb.de\/woocommerce\/wp-json\/wp\/v2\/media\/1669"}],"wp:attachment":[{"href":"https:\/\/xn--pferdundpftchen-itb.de\/woocommerce\/wp-json\/wp\/v2\/media?parent=1676"}],"wp:term":[{"taxonomy":"product_brand","embeddable":true,"href":"https:\/\/xn--pferdundpftchen-itb.de\/woocommerce\/wp-json\/wp\/v2\/product_brand?post=1676"},{"taxonomy":"product_cat","embeddable":true,"href":"https:\/\/xn--pferdundpftchen-itb.de\/woocommerce\/wp-json\/wp\/v2\/product_cat?post=1676"},{"taxonomy":"product_tag","embeddable":true,"href":"https:\/\/xn--pferdundpftchen-itb.de\/woocommerce\/wp-json\/wp\/v2\/product_tag?post=1676"}],"curies":[{"name":"wp","href":"https:\/\/api.w.org\/{rel}","templated":true}]}}