{"id":1683,"date":"2023-07-09T21:46:32","date_gmt":"2023-07-09T19:46:32","guid":{"rendered":"https:\/\/xn--pferdundpftchen-itb.de\/woocommerce\/?post_type=product&#038;p=1683"},"modified":"2024-02-15T10:25:45","modified_gmt":"2024-02-15T09:25:45","slug":"pferdeseife-defense","status":"publish","type":"product","link":"https:\/\/xn--pferdundpftchen-itb.de\/woocommerce\/produkt\/pferdeseife-defense\/","title":{"rendered":"Pferdeseife Defense"},"content":{"rendered":"<p>In den Sommer- und Herbstmonaten auf der Weide werden Pferde h\u00e4ufig von l\u00e4stigen Parasiten gequ\u00e4lt. Grundlage jeder Behandlung gegen Haarlinge, Milben, Zecken und Co.\u00a0beim Pferd ist schonende, aber gr\u00fcndliche Pflege.\u00a0<\/p>\n<p>Der ideale Begleiter f\u00fcr diesen Zweck ist die Pferde-Pflege-Seife \u201cDefense\u201d. Sie beruhigt die gereizte Haut, lindert den Juckreiz und unterst\u00fctzt durch ihre pflegenden Eigenschaften die Abschwellung bei Stichen und Bissen.<\/p>\n<p>Dabei kommt die Pflegeseife ganz ohne Chemie aus, dein Pferd wird sich bei der komplett naturbelassenen Pflege sehr wohl f\u00fchlen!<\/p>\n<p>Und solltest\u00a0Du\u00a0nur einzelne Hautpartien reinigen, lass den Seifenschaum einfach ohne Aussp\u00fclen auf der Haut. Denn er bildet dort eine nat\u00fcrliche Schutzschicht, durch die sich Parasiten erst einmal durchk\u00e4mpfen m\u00fcssen. <\/p>\n<p>Zusammensetzung: Cocos nucifera oil, Aqua, Olea europaea oil, Helianthus annuus seed oil, Carthamus tinctorius oil, Sodium Hydroxide, Ricinus communis oil, Citrus grandis oil, Thymus vulgaris oil, Melaleuca alternifolia oil, Limonene*, Linalool* (*from natural essential oils)<\/p>\n","protected":false},"excerpt":{"rendered":"<p>In den Sommer- und Herbstmonaten auf der Weide werden Pferde h\u00e4ufig von l\u00e4stigen Parasiten gequ\u00e4lt. Grundlage jeder Behandlung gegen Haarlinge, Milben, Zecken und Co.\u00a0beim Pferd ist schonende, aber gr\u00fcndliche Pflege.\u00a0 Der ideale Begleiter f\u00fcr diesen Zweck ist die Pferde-Pflege-Seife \u201cDefense\u201d. Sie beruhigt die gereizte Haut, lindert den Juckreiz und unterst\u00fctzt durch ihre pflegenden Eigenschaften die [&hellip;]<\/p>\n","protected":false},"featured_media":1670,"comment_status":"open","ping_status":"closed","template":"","meta":[],"product_brand":[],"product_cat":[15,39,40,46],"product_tag":[],"class_list":{"0":"post-1683","1":"product","2":"type-product","3":"status-publish","4":"has-post-thumbnail","6":"product_cat-pferd","7":"product_cat-parasiten-pferd","8":"product_cat-pflege-aeusserliche-anwendung-pferd","9":"product_cat-haut-fell-pferd","11":"first","12":"instock","13":"taxable","14":"shipping-taxable","15":"purchasable","16":"product-type-simple"},"jetpack_sharing_enabled":true,"_links":{"self":[{"href":"https:\/\/xn--pferdundpftchen-itb.de\/woocommerce\/wp-json\/wp\/v2\/product\/1683","targetHints":{"allow":["GET"]}}],"collection":[{"href":"https:\/\/xn--pferdundpftchen-itb.de\/woocommerce\/wp-json\/wp\/v2\/product"}],"about":[{"href":"https:\/\/xn--pferdundpftchen-itb.de\/woocommerce\/wp-json\/wp\/v2\/types\/product"}],"replies":[{"embeddable":true,"href":"https:\/\/xn--pferdundpftchen-itb.de\/woocommerce\/wp-json\/wp\/v2\/comments?post=1683"}],"wp:featuredmedia":[{"embeddable":true,"href":"https:\/\/xn--pferdundpftchen-itb.de\/woocommerce\/wp-json\/wp\/v2\/media\/1670"}],"wp:attachment":[{"href":"https:\/\/xn--pferdundpftchen-itb.de\/woocommerce\/wp-json\/wp\/v2\/media?parent=1683"}],"wp:term":[{"taxonomy":"product_brand","embeddable":true,"href":"https:\/\/xn--pferdundpftchen-itb.de\/woocommerce\/wp-json\/wp\/v2\/product_brand?post=1683"},{"taxonomy":"product_cat","embeddable":true,"href":"https:\/\/xn--pferdundpftchen-itb.de\/woocommerce\/wp-json\/wp\/v2\/product_cat?post=1683"},{"taxonomy":"product_tag","embeddable":true,"href":"https:\/\/xn--pferdundpftchen-itb.de\/woocommerce\/wp-json\/wp\/v2\/product_tag?post=1683"}],"curies":[{"name":"wp","href":"https:\/\/api.w.org\/{rel}","templated":true}]}}