{"id":1685,"date":"2023-07-09T21:48:37","date_gmt":"2023-07-09T19:48:37","guid":{"rendered":"https:\/\/xn--pferdundpftchen-itb.de\/woocommerce\/?post_type=product&#038;p=1685"},"modified":"2024-02-15T10:24:32","modified_gmt":"2024-02-15T09:24:32","slug":"pferdeseife-maukzem","status":"publish","type":"product","link":"https:\/\/xn--pferdundpftchen-itb.de\/woocommerce\/produkt\/pferdeseife-maukzem\/","title":{"rendered":"Pferdeseife Maukzem"},"content":{"rendered":"<p>Mauke und Ekzeme (Sommerekzem) sind Beschwerden, die Pferde leider sehr h\u00e4ufig aufsuchen. Die Tiere leiden unter juckenden Entz\u00fcndungen und der Pferdehalter sucht verzweifelt nach M\u00f6glichkeiten, seinem Pferd zu helfen.<br \/>\nDie Grundlage jeder Behandlung von Mauke und Ekzemen ist jedoch Hygiene. Krankheitserreger vermehren sich sehr schnell und k\u00f6nnen bereits durch kleine Fissuren in die Haut eintreten.<br \/>\nDie Pferde-Pflege-Seife &#8222;Maukzem&#8220; pflegt Haut und Fell auf \u00e4u\u00dferst schonende Weise und verbessert so die hygienische Situation. Ihre stark r\u00fcckfettenden Eigenschaften beruhigen die betroffenenen Hautpartien und lindern den Juckreiz. Dabei unterst\u00fctzen ausgesuchte Kr\u00e4uter die Wundheilung auf nat\u00fcrliche Weise.<\/p>\n<p>Das Pferd einshampoonieren, die Seife einwirken lassen, aussp\u00fclen &#8211; fertig. Bei partieller Pflege kann der Seifenschaum auf der Haut verbleiben und bildet dort einen nat\u00fcrlichen Schutzfilm. Die Anwendung kann t\u00e4glich (im Akutfall mehrmals) wiederholt werden.<\/p>\n<p>Die Pferde-Pflege-Seife &#8222;&#8220;Maukzem&#8220;&#8220; ist besonders mild und kann somit auch f\u00fcr die Reinigung empfindlicher Stellen, wie zur Schlauch- und Euterpflege, bei kleinen Wunden und Fissuren verwendet werden. Sie reizt nicht die empfindlichen Schleimh\u00e4ute.\u00a0<\/p>\n<p>Bei der Entwicklung der Seife haben Tierheilpraktiker und Tier\u00e4rzte mitgewirkt.\u00a0<\/p>\n<p>Zusammensetzung: Cocos nucifera oil, Aqua, Olea europaea oil, Helianthus annuus seed oil, Sodium Hydroxide, Ricinus communis oil, Nigella sativa (Black Cumin) seed oil, Hamamelis virginiana, Calendula officinalis flower leaves<\/p>\n","protected":false},"excerpt":{"rendered":"<p>Mauke und Ekzeme (Sommerekzem) sind Beschwerden, die Pferde leider sehr h\u00e4ufig aufsuchen. Die Tiere leiden unter juckenden Entz\u00fcndungen und der Pferdehalter sucht verzweifelt nach M\u00f6glichkeiten, seinem Pferd zu helfen. Die Grundlage jeder Behandlung von Mauke und Ekzemen ist jedoch Hygiene. Krankheitserreger vermehren sich sehr schnell und k\u00f6nnen bereits durch kleine Fissuren in die Haut eintreten. [&hellip;]<\/p>\n","protected":false},"featured_media":1671,"comment_status":"open","ping_status":"closed","template":"","meta":[],"product_brand":[],"product_cat":[15,40,46],"product_tag":[],"class_list":{"0":"post-1685","1":"product","2":"type-product","3":"status-publish","4":"has-post-thumbnail","6":"product_cat-pferd","7":"product_cat-pflege-aeusserliche-anwendung-pferd","8":"product_cat-haut-fell-pferd","10":"first","11":"instock","12":"taxable","13":"shipping-taxable","14":"purchasable","15":"product-type-simple"},"jetpack_sharing_enabled":true,"_links":{"self":[{"href":"https:\/\/xn--pferdundpftchen-itb.de\/woocommerce\/wp-json\/wp\/v2\/product\/1685","targetHints":{"allow":["GET"]}}],"collection":[{"href":"https:\/\/xn--pferdundpftchen-itb.de\/woocommerce\/wp-json\/wp\/v2\/product"}],"about":[{"href":"https:\/\/xn--pferdundpftchen-itb.de\/woocommerce\/wp-json\/wp\/v2\/types\/product"}],"replies":[{"embeddable":true,"href":"https:\/\/xn--pferdundpftchen-itb.de\/woocommerce\/wp-json\/wp\/v2\/comments?post=1685"}],"wp:featuredmedia":[{"embeddable":true,"href":"https:\/\/xn--pferdundpftchen-itb.de\/woocommerce\/wp-json\/wp\/v2\/media\/1671"}],"wp:attachment":[{"href":"https:\/\/xn--pferdundpftchen-itb.de\/woocommerce\/wp-json\/wp\/v2\/media?parent=1685"}],"wp:term":[{"taxonomy":"product_brand","embeddable":true,"href":"https:\/\/xn--pferdundpftchen-itb.de\/woocommerce\/wp-json\/wp\/v2\/product_brand?post=1685"},{"taxonomy":"product_cat","embeddable":true,"href":"https:\/\/xn--pferdundpftchen-itb.de\/woocommerce\/wp-json\/wp\/v2\/product_cat?post=1685"},{"taxonomy":"product_tag","embeddable":true,"href":"https:\/\/xn--pferdundpftchen-itb.de\/woocommerce\/wp-json\/wp\/v2\/product_tag?post=1685"}],"curies":[{"name":"wp","href":"https:\/\/api.w.org\/{rel}","templated":true}]}}