{"id":1687,"date":"2023-07-09T21:50:14","date_gmt":"2023-07-09T19:50:14","guid":{"rendered":"https:\/\/xn--pferdundpftchen-itb.de\/woocommerce\/?post_type=product&#038;p=1687"},"modified":"2024-02-15T10:21:56","modified_gmt":"2024-02-15T09:21:56","slug":"huf-pflege-seife","status":"publish","type":"product","link":"https:\/\/xn--pferdundpftchen-itb.de\/woocommerce\/produkt\/huf-pflege-seife\/","title":{"rendered":"Huf-Pflege-Seife"},"content":{"rendered":"<p>&#8222;Ohne Huf kein Pferd\u201d &#8211; Dieser Satz ist unter Pferdebesitzern gut bekannt. Denn die Hufe unserer Pferde sind ein \u00e4u\u00dferst wichtiger K\u00f6rperteil. Zwar sind sie sehr widerstandsf\u00e4hig, trotzdem nisten sich hier gerne Bakterien ein. Schnell bilden sich kleine Entz\u00fcndungen und Risse, sie k\u00f6nnen spr\u00f6de und trocken werden oder von Pilzen und Bakterien heimgesucht werden. Deshalb sollten Pferdehufe ganz besonders sorgf\u00e4ltig gepflegt werden. Die Huf-Pflegeseife ist daf\u00fcr ideal geeignet.<\/p>\n<p>Sie ist eine stark r\u00fcckfettende Naturseife, die schonend pflegt, aber gleichzeitig gr\u00fcndlich reinigt. Ganz ohne Chemie unterst\u00fctzt sie die Behandlung von rissigen, trockenen, br\u00fcchigen und spr\u00f6den Hufen. Auch bei Hufpilz, Strahlf\u00e4ule, sowie zu deren Vorbeugung leistet die Pflegeseife tolle unterst\u00fctzende Dienste. Die Seife wird mit Hilfe eines Pinsels aufgetragen oder in den Strahl eingesch\u00e4umt und nicht abgewaschen. Beim Eintrocknen bildet sich eine r\u00fcckfettende Schutzschicht. So bleibt der Huf gepflegt und geschmeidig. So einfach kann sorgf\u00e4ltige Hufpflege sein!\u00a0<\/p>\n<p>Zusammensetzung: Cocos nucifera oil, Canola oil, Aqua, Helianthus annuus seed oil, Sodium Hydroxide, Lavandula angustifolia oil, Thymus vulgaris oil, Salvia officinalis oil, Pinus Mugo Leaf Oil, Rosmarinus officinalis oil, mentha piperita oil, Menthol, Linalool*, Limonene*, Campher* (*from natural essential oils)<\/p>\n","protected":false},"excerpt":{"rendered":"<p>&#8222;Ohne Huf kein Pferd\u201d &#8211; Dieser Satz ist unter Pferdebesitzern gut bekannt. Denn die Hufe unserer Pferde sind ein \u00e4u\u00dferst wichtiger K\u00f6rperteil. Zwar sind sie sehr widerstandsf\u00e4hig, trotzdem nisten sich hier gerne Bakterien ein. Schnell bilden sich kleine Entz\u00fcndungen und Risse, sie k\u00f6nnen spr\u00f6de und trocken werden oder von Pilzen und Bakterien heimgesucht werden. Deshalb [&hellip;]<\/p>\n","protected":false},"featured_media":1665,"comment_status":"open","ping_status":"closed","template":"","meta":[],"product_brand":[],"product_cat":[15,40,46],"product_tag":[],"class_list":{"0":"post-1687","1":"product","2":"type-product","3":"status-publish","4":"has-post-thumbnail","6":"product_cat-pferd","7":"product_cat-pflege-aeusserliche-anwendung-pferd","8":"product_cat-haut-fell-pferd","10":"first","11":"instock","12":"taxable","13":"shipping-taxable","14":"purchasable","15":"product-type-simple"},"jetpack_sharing_enabled":true,"_links":{"self":[{"href":"https:\/\/xn--pferdundpftchen-itb.de\/woocommerce\/wp-json\/wp\/v2\/product\/1687","targetHints":{"allow":["GET"]}}],"collection":[{"href":"https:\/\/xn--pferdundpftchen-itb.de\/woocommerce\/wp-json\/wp\/v2\/product"}],"about":[{"href":"https:\/\/xn--pferdundpftchen-itb.de\/woocommerce\/wp-json\/wp\/v2\/types\/product"}],"replies":[{"embeddable":true,"href":"https:\/\/xn--pferdundpftchen-itb.de\/woocommerce\/wp-json\/wp\/v2\/comments?post=1687"}],"wp:featuredmedia":[{"embeddable":true,"href":"https:\/\/xn--pferdundpftchen-itb.de\/woocommerce\/wp-json\/wp\/v2\/media\/1665"}],"wp:attachment":[{"href":"https:\/\/xn--pferdundpftchen-itb.de\/woocommerce\/wp-json\/wp\/v2\/media?parent=1687"}],"wp:term":[{"taxonomy":"product_brand","embeddable":true,"href":"https:\/\/xn--pferdundpftchen-itb.de\/woocommerce\/wp-json\/wp\/v2\/product_brand?post=1687"},{"taxonomy":"product_cat","embeddable":true,"href":"https:\/\/xn--pferdundpftchen-itb.de\/woocommerce\/wp-json\/wp\/v2\/product_cat?post=1687"},{"taxonomy":"product_tag","embeddable":true,"href":"https:\/\/xn--pferdundpftchen-itb.de\/woocommerce\/wp-json\/wp\/v2\/product_tag?post=1687"}],"curies":[{"name":"wp","href":"https:\/\/api.w.org\/{rel}","templated":true}]}}