{"id":1699,"date":"2023-07-09T21:56:07","date_gmt":"2023-07-09T19:56:07","guid":{"rendered":"https:\/\/xn--pferdundpftchen-itb.de\/woocommerce\/?post_type=product&#038;p=1699"},"modified":"2023-07-09T21:56:07","modified_gmt":"2023-07-09T19:56:07","slug":"veggies-skincare","status":"publish","type":"product","link":"https:\/\/xn--pferdundpftchen-itb.de\/woocommerce\/produkt\/veggies-skincare\/","title":{"rendered":"VEGGIES skincare"},"content":{"rendered":"<p>VEGDOG VEGGIES skincare sind die innovativen, gesunden, rein pflanzlichen Snacks mit Kelpalge\u00a0und Hanf. Sie sorgen f\u00fcr ein strahlendes Aussehen Deines Vierbeiners \u2013 durch gesunde Haut und gl\u00e4nzendes Fell!\u00a0<\/p>\n<p>Die enthaltene Kelpalge ist eine hervorragende pflanzliche Alternative zu Fisch\u00f6l, denn sie verf\u00fcgt \u00fcber einen hohen Gehalt an Jod. Dieses ist wichtig f\u00fcr eine gesunde Schilddr\u00fcse und unterst\u00fctzt somit den Stoffwechsel. Hanf hingegen enth\u00e4lt die essenziellen Omega-3-und Omega-6-Fetts\u00e4uren, die gesunde Haut und gl\u00e4nzendes Fell zaubern. Dar\u00fcber hinaus versorgt Hanf Deinen Vierbeiner mit Mineralstoffen und Vitaminen.<br \/>\nDank der hypoallergenen Rezeptur sind die VEGDOG VEGGIES auch f\u00fcr Futtermittelallergiker geeignet.<\/p>\n<p>Co2-arm und in Norddeutschland produziert mit Zutaten aus gr\u00f6\u00dftenteils regionaler Herkunft und hohen Qualit\u00e4tsstandarts. Ohne Lock-, Farb- und Konservierungsstoffe und ohne Tierversuche.<\/p>\n<p>Zusammensetzung: 47,5% Kastanie*, Erbse*, pflanzliche Nebenerzeugnisse, 2,5% Hanf*, 2% Kelpalge*, (*gemahlen)<\/p>\n","protected":false},"excerpt":{"rendered":"<p>VEGDOG VEGGIES skincare sind die innovativen, gesunden, rein pflanzlichen Snacks mit Kelpalge\u00a0und Hanf. Sie sorgen f\u00fcr ein strahlendes Aussehen Deines Vierbeiners \u2013 durch gesunde Haut und gl\u00e4nzendes Fell!\u00a0 Die enthaltene Kelpalge ist eine hervorragende pflanzliche Alternative zu Fisch\u00f6l, denn sie verf\u00fcgt \u00fcber einen hohen Gehalt an Jod. Dieses ist wichtig f\u00fcr eine gesunde Schilddr\u00fcse und [&hellip;]<\/p>\n","protected":false},"featured_media":1697,"comment_status":"open","ping_status":"closed","template":"","meta":[],"product_brand":[],"product_cat":[20,68,43],"product_tag":[],"class_list":{"0":"post-1699","1":"product","2":"type-product","3":"status-publish","4":"has-post-thumbnail","6":"product_cat-hund","7":"product_cat-leckerlies-snacks-hund","8":"product_cat-haut-fell","10":"first","11":"instock","12":"taxable","13":"shipping-taxable","14":"purchasable","15":"product-type-simple"},"jetpack_sharing_enabled":true,"_links":{"self":[{"href":"https:\/\/xn--pferdundpftchen-itb.de\/woocommerce\/wp-json\/wp\/v2\/product\/1699","targetHints":{"allow":["GET"]}}],"collection":[{"href":"https:\/\/xn--pferdundpftchen-itb.de\/woocommerce\/wp-json\/wp\/v2\/product"}],"about":[{"href":"https:\/\/xn--pferdundpftchen-itb.de\/woocommerce\/wp-json\/wp\/v2\/types\/product"}],"replies":[{"embeddable":true,"href":"https:\/\/xn--pferdundpftchen-itb.de\/woocommerce\/wp-json\/wp\/v2\/comments?post=1699"}],"wp:featuredmedia":[{"embeddable":true,"href":"https:\/\/xn--pferdundpftchen-itb.de\/woocommerce\/wp-json\/wp\/v2\/media\/1697"}],"wp:attachment":[{"href":"https:\/\/xn--pferdundpftchen-itb.de\/woocommerce\/wp-json\/wp\/v2\/media?parent=1699"}],"wp:term":[{"taxonomy":"product_brand","embeddable":true,"href":"https:\/\/xn--pferdundpftchen-itb.de\/woocommerce\/wp-json\/wp\/v2\/product_brand?post=1699"},{"taxonomy":"product_cat","embeddable":true,"href":"https:\/\/xn--pferdundpftchen-itb.de\/woocommerce\/wp-json\/wp\/v2\/product_cat?post=1699"},{"taxonomy":"product_tag","embeddable":true,"href":"https:\/\/xn--pferdundpftchen-itb.de\/woocommerce\/wp-json\/wp\/v2\/product_tag?post=1699"}],"curies":[{"name":"wp","href":"https:\/\/api.w.org\/{rel}","templated":true}]}}