{"id":1701,"date":"2023-07-09T21:57:43","date_gmt":"2023-07-09T19:57:43","guid":{"rendered":"https:\/\/xn--pferdundpftchen-itb.de\/woocommerce\/?post_type=product&#038;p=1701"},"modified":"2023-07-09T21:57:43","modified_gmt":"2023-07-09T19:57:43","slug":"jerkeys","status":"publish","type":"product","link":"https:\/\/xn--pferdundpftchen-itb.de\/woocommerce\/produkt\/jerkeys\/","title":{"rendered":"Jerkeys"},"content":{"rendered":"<p>VEGDOG JERKEYS \u2013 die Jackpots f\u00fcr Deinen Feinschmecker mit Karotte und Buchenrauch. Sie \u00fcberzeugen nicht nur durch ihren Geschmack, sondern auch durch ihr \u201eduftes\u201c Aroma! Dieses stammt \u00fcbrigens nicht von Zus\u00e4tzen, sondern entsteht beim R\u00e4uchern \u00fcber Buchenholz.<br \/>\nDank der hypoallergenen Rezeptur sind die JERKEYS auch f\u00fcr Futtermittelallergiker geeignet. Co2 arm und in Norddeutschland hergestellt. <\/p>\n<p>Zusammensetzung: Gem\u00fcse (88%, davon 10% Karotte), pflanzliche Nebenerzeugnisse (Glycerin, Pulvercellulose, Kartoffelst\u00e4rke), Mineralstoffe, Buchenrauch.<\/p>\n","protected":false},"excerpt":{"rendered":"<p>VEGDOG JERKEYS \u2013 die Jackpots f\u00fcr Deinen Feinschmecker mit Karotte und Buchenrauch. Sie \u00fcberzeugen nicht nur durch ihren Geschmack, sondern auch durch ihr \u201eduftes\u201c Aroma! Dieses stammt \u00fcbrigens nicht von Zus\u00e4tzen, sondern entsteht beim R\u00e4uchern \u00fcber Buchenholz. Dank der hypoallergenen Rezeptur sind die JERKEYS auch f\u00fcr Futtermittelallergiker geeignet. Co2 arm und in Norddeutschland hergestellt. Zusammensetzung: [&hellip;]<\/p>\n","protected":false},"featured_media":1694,"comment_status":"open","ping_status":"closed","template":"","meta":[],"product_brand":[],"product_cat":[20,68],"product_tag":[],"class_list":{"0":"post-1701","1":"product","2":"type-product","3":"status-publish","4":"has-post-thumbnail","6":"product_cat-hund","7":"product_cat-leckerlies-snacks-hund","9":"first","10":"instock","11":"taxable","12":"shipping-taxable","13":"purchasable","14":"product-type-simple"},"jetpack_sharing_enabled":true,"_links":{"self":[{"href":"https:\/\/xn--pferdundpftchen-itb.de\/woocommerce\/wp-json\/wp\/v2\/product\/1701","targetHints":{"allow":["GET"]}}],"collection":[{"href":"https:\/\/xn--pferdundpftchen-itb.de\/woocommerce\/wp-json\/wp\/v2\/product"}],"about":[{"href":"https:\/\/xn--pferdundpftchen-itb.de\/woocommerce\/wp-json\/wp\/v2\/types\/product"}],"replies":[{"embeddable":true,"href":"https:\/\/xn--pferdundpftchen-itb.de\/woocommerce\/wp-json\/wp\/v2\/comments?post=1701"}],"wp:featuredmedia":[{"embeddable":true,"href":"https:\/\/xn--pferdundpftchen-itb.de\/woocommerce\/wp-json\/wp\/v2\/media\/1694"}],"wp:attachment":[{"href":"https:\/\/xn--pferdundpftchen-itb.de\/woocommerce\/wp-json\/wp\/v2\/media?parent=1701"}],"wp:term":[{"taxonomy":"product_brand","embeddable":true,"href":"https:\/\/xn--pferdundpftchen-itb.de\/woocommerce\/wp-json\/wp\/v2\/product_brand?post=1701"},{"taxonomy":"product_cat","embeddable":true,"href":"https:\/\/xn--pferdundpftchen-itb.de\/woocommerce\/wp-json\/wp\/v2\/product_cat?post=1701"},{"taxonomy":"product_tag","embeddable":true,"href":"https:\/\/xn--pferdundpftchen-itb.de\/woocommerce\/wp-json\/wp\/v2\/product_tag?post=1701"}],"curies":[{"name":"wp","href":"https:\/\/api.w.org\/{rel}","templated":true}]}}