{"id":1702,"date":"2023-07-09T21:58:56","date_gmt":"2023-07-09T19:58:56","guid":{"rendered":"https:\/\/xn--pferdundpftchen-itb.de\/woocommerce\/?post_type=product&#038;p=1702"},"modified":"2023-07-09T21:58:56","modified_gmt":"2023-07-09T19:58:56","slug":"beevys","status":"publish","type":"product","link":"https:\/\/xn--pferdundpftchen-itb.de\/woocommerce\/produkt\/beevys\/","title":{"rendered":"Beevys"},"content":{"rendered":"<p>VEGDOG BEEVYS 80 g \u2013 Die gesunde Belohnung mit dem besonderen Aroma! Rein pflanzliche Sticks mit Roter Beete und Buchenrauch<\/p>\n<p>VEGDOG BEEVYS \u2013 die Jackpots f\u00fcr Deinen Feinschmecker mit Roter Beete und Buchenrauch. Sie \u00fcberzeugen nicht nur durch ihren Geschmack, sondern auch durch ihr besonderes Aroma! Durch das leichte Zerbrechen an den Einkerbungen kann er auch wunderbar zum Training verwendet werden. Ein wahrer Super-Snack!<\/p>\n<p>Das \u201cdufte Aroma\u201d der BEEVYS stammt nicht von Zus\u00e4tzen, sondern entsteht nat\u00fcrlich beim R\u00e4uchern \u00fcber Buchenholz. Und die Rote Beete ist eine echte Power-Wurzel, die voller N\u00e4hrstoffe steckt: Vitamin C, Eisen, Magnesium, Kalium, Kalzium und B-Vitamine.<\/p>\n<p>Dank der hypoallergenen Rezeptur sind die BEEVYS auch f\u00fcr Futtermittelallergiker geeignet. <\/p>\n<p>Co2-arm und in Norddeutschland produziert mit Zutaten aus gr\u00f6\u00dftenteils regionaler Herkunft und hohen Qualit\u00e4tsstandarts. Ohne Lock-, Farb- und Konservierungsstoffe und ohne Tierversuche.<\/p>\n<p>Zusammensetzung: Gem\u00fcse (87%, u.a. 5% rote Beete), pflanzliche Nebenerzeugnisse (Glycerin, Pulvercellulose, Kartoffelst\u00e4rke), Mineralstoffe, Getreide, Buchenrauch.<\/p>\n","protected":false},"excerpt":{"rendered":"<p>VEGDOG BEEVYS 80 g \u2013 Die gesunde Belohnung mit dem besonderen Aroma! Rein pflanzliche Sticks mit Roter Beete und Buchenrauch VEGDOG BEEVYS \u2013 die Jackpots f\u00fcr Deinen Feinschmecker mit Roter Beete und Buchenrauch. Sie \u00fcberzeugen nicht nur durch ihren Geschmack, sondern auch durch ihr besonderes Aroma! Durch das leichte Zerbrechen an den Einkerbungen kann er [&hellip;]<\/p>\n","protected":false},"featured_media":1692,"comment_status":"open","ping_status":"closed","template":"","meta":[],"product_brand":[],"product_cat":[20,68],"product_tag":[],"class_list":{"0":"post-1702","1":"product","2":"type-product","3":"status-publish","4":"has-post-thumbnail","6":"product_cat-hund","7":"product_cat-leckerlies-snacks-hund","9":"first","10":"instock","11":"taxable","12":"shipping-taxable","13":"purchasable","14":"product-type-simple"},"jetpack_sharing_enabled":true,"_links":{"self":[{"href":"https:\/\/xn--pferdundpftchen-itb.de\/woocommerce\/wp-json\/wp\/v2\/product\/1702","targetHints":{"allow":["GET"]}}],"collection":[{"href":"https:\/\/xn--pferdundpftchen-itb.de\/woocommerce\/wp-json\/wp\/v2\/product"}],"about":[{"href":"https:\/\/xn--pferdundpftchen-itb.de\/woocommerce\/wp-json\/wp\/v2\/types\/product"}],"replies":[{"embeddable":true,"href":"https:\/\/xn--pferdundpftchen-itb.de\/woocommerce\/wp-json\/wp\/v2\/comments?post=1702"}],"wp:featuredmedia":[{"embeddable":true,"href":"https:\/\/xn--pferdundpftchen-itb.de\/woocommerce\/wp-json\/wp\/v2\/media\/1692"}],"wp:attachment":[{"href":"https:\/\/xn--pferdundpftchen-itb.de\/woocommerce\/wp-json\/wp\/v2\/media?parent=1702"}],"wp:term":[{"taxonomy":"product_brand","embeddable":true,"href":"https:\/\/xn--pferdundpftchen-itb.de\/woocommerce\/wp-json\/wp\/v2\/product_brand?post=1702"},{"taxonomy":"product_cat","embeddable":true,"href":"https:\/\/xn--pferdundpftchen-itb.de\/woocommerce\/wp-json\/wp\/v2\/product_cat?post=1702"},{"taxonomy":"product_tag","embeddable":true,"href":"https:\/\/xn--pferdundpftchen-itb.de\/woocommerce\/wp-json\/wp\/v2\/product_tag?post=1702"}],"curies":[{"name":"wp","href":"https:\/\/api.w.org\/{rel}","templated":true}]}}