{"id":1703,"date":"2023-07-09T22:00:05","date_gmt":"2023-07-09T20:00:05","guid":{"rendered":"https:\/\/xn--pferdundpftchen-itb.de\/woocommerce\/?post_type=product&#038;p=1703"},"modified":"2023-07-09T22:00:05","modified_gmt":"2023-07-09T20:00:05","slug":"dentals","status":"publish","type":"product","link":"https:\/\/xn--pferdundpftchen-itb.de\/woocommerce\/produkt\/dentals\/","title":{"rendered":"Dentals"},"content":{"rendered":"<p>VEGDOG DENTALS sind die revolution\u00e4ren, gesunden, rein pflanzlichen Kausticks aus roter Beete und Tapioka. Perfekt zur Zahnreinigung Deines treuen Begleiters.<\/p>\n<p>Durch die gemeinsam mit Tier\u00e4rzt*innen entwickelte Schwammstruktur wird die S\u00e4uberung der Z\u00e4hne besonders gut unterst\u00fctzt und das Zahnfleisch beim Kauen massiert. Die enthaltene rote Beete spendet reichlich Vitamin C und enth\u00e4lt Ballaststoffe. Sie reguliert die Darmt\u00e4tigkeit und regt den Stoffwechsel sowie die Zellerneuerung an. Das Tapiokamehl st\u00e4rkt als alternative Kohlenhydratquelle die Muskeln und Gelenke Deines Lieblings. Dank der hypoallergenen Rezeptur sind die DENTALS auch f\u00fcr Futtermittelallergiker geeignet.<\/p>\n<p>Co2-arm und in Norddeutschland produziert mit Zutaten aus gr\u00f6\u00dftenteils regionaler Herkunft und hohen Qualit\u00e4tsstandarts. Ohne Lock-, Farb- und Konservierungsstoffe und ohne Tierversuche.<\/p>\n<p>Zusammensetzung: Kartoffelmehl, 23,87% Tapiokast\u00e4rke, Glycerin, Cellulosefasern, Bierhefe, 0,51% Rote Beete, Raps\u00f6l<\/p>\n","protected":false},"excerpt":{"rendered":"<p>VEGDOG DENTALS sind die revolution\u00e4ren, gesunden, rein pflanzlichen Kausticks aus roter Beete und Tapioka. Perfekt zur Zahnreinigung Deines treuen Begleiters. Durch die gemeinsam mit Tier\u00e4rzt*innen entwickelte Schwammstruktur wird die S\u00e4uberung der Z\u00e4hne besonders gut unterst\u00fctzt und das Zahnfleisch beim Kauen massiert. Die enthaltene rote Beete spendet reichlich Vitamin C und enth\u00e4lt Ballaststoffe. Sie reguliert die [&hellip;]<\/p>\n","protected":false},"featured_media":1693,"comment_status":"open","ping_status":"closed","template":"","meta":[],"product_brand":[],"product_cat":[20,68,30],"product_tag":[],"class_list":{"0":"post-1703","1":"product","2":"type-product","3":"status-publish","4":"has-post-thumbnail","6":"product_cat-hund","7":"product_cat-leckerlies-snacks-hund","8":"product_cat-zaehne-maul","10":"first","11":"instock","12":"taxable","13":"shipping-taxable","14":"purchasable","15":"product-type-simple"},"jetpack_sharing_enabled":true,"_links":{"self":[{"href":"https:\/\/xn--pferdundpftchen-itb.de\/woocommerce\/wp-json\/wp\/v2\/product\/1703","targetHints":{"allow":["GET"]}}],"collection":[{"href":"https:\/\/xn--pferdundpftchen-itb.de\/woocommerce\/wp-json\/wp\/v2\/product"}],"about":[{"href":"https:\/\/xn--pferdundpftchen-itb.de\/woocommerce\/wp-json\/wp\/v2\/types\/product"}],"replies":[{"embeddable":true,"href":"https:\/\/xn--pferdundpftchen-itb.de\/woocommerce\/wp-json\/wp\/v2\/comments?post=1703"}],"wp:featuredmedia":[{"embeddable":true,"href":"https:\/\/xn--pferdundpftchen-itb.de\/woocommerce\/wp-json\/wp\/v2\/media\/1693"}],"wp:attachment":[{"href":"https:\/\/xn--pferdundpftchen-itb.de\/woocommerce\/wp-json\/wp\/v2\/media?parent=1703"}],"wp:term":[{"taxonomy":"product_brand","embeddable":true,"href":"https:\/\/xn--pferdundpftchen-itb.de\/woocommerce\/wp-json\/wp\/v2\/product_brand?post=1703"},{"taxonomy":"product_cat","embeddable":true,"href":"https:\/\/xn--pferdundpftchen-itb.de\/woocommerce\/wp-json\/wp\/v2\/product_cat?post=1703"},{"taxonomy":"product_tag","embeddable":true,"href":"https:\/\/xn--pferdundpftchen-itb.de\/woocommerce\/wp-json\/wp\/v2\/product_tag?post=1703"}],"curies":[{"name":"wp","href":"https:\/\/api.w.org\/{rel}","templated":true}]}}