{"id":1723,"date":"2023-07-10T10:05:50","date_gmt":"2023-07-10T08:05:50","guid":{"rendered":"https:\/\/xn--pferdundpftchen-itb.de\/woocommerce\/?post_type=product&#038;p=1723"},"modified":"2023-07-10T10:21:08","modified_gmt":"2023-07-10T08:21:08","slug":"mineral-plus-pellets","status":"publish","type":"product","link":"https:\/\/xn--pferdundpftchen-itb.de\/woocommerce\/produkt\/mineral-plus-pellets\/","title":{"rendered":"Mineral Plus (Pellets)"},"content":{"rendered":"<p>Hochwertiges Mineralfutter mit allen lebenswichtigen Vitalstoffen. Es ist reich an organisch gebundenen Spurenelementen und Inhaltsstoffen nativen Ursprungs. Es enth\u00e4lt eine spezielle Kombination aus N\u00e4hr- und Wirkstoffen, welche eine stabilisierende, regenerierende und sch\u00fctzende Funktion auf das Pferd aus\u00fcbt. Hochwertige Aminos\u00e4uren, Biokatalysatoren, Kr\u00e4uter, Vitamine, Spurenelemente, Probiotika und Antioxidantien unterst\u00fctzen den Stoffwechsel des Pferdes nachhaltig.<\/p>\n<p>erh\u00e4ltlich als Pulver, Pellets und BIGS<br \/>\ngetreide- und melassefrei<br \/>\nohne Dextrose und Molkepulver<br \/>\nkeine Bierhefe als F\u00fcllstoff (Phytins\u00e4ure, Histidin, Akzeptanz usw.)<br \/>\nkein Apfeltrester<br \/>\njetzt mit noch mehr Zink, Kupfer, Biotin und Vitamin E<br \/>\nausschlie\u00dflich organisch gebundene Spurenelemente<br \/>\nprobiotisch<br \/>\nhoher Kr\u00e4uteranteil<\/p>\n<p>Mineral Plus ist getreidefrei, ohne Melasse, Apfeltrester oder Bierhefe und die Spurenelemente liegen in organisch gebundener Form vor.<\/p>\n<p>Zusammensetzung: Gr\u00fcnmehl, Johannisbrot, Karotten, Leinsamen, Calciumcarbonat, Aronia, Sojaproteinkonzentrat, Petersilie, Methylsulfonylmethan (MSM), Calciumglukonat, Magnesiumoxid, Fenchel, Anis, Spirulina, Island Moos, K\u00fcmmel, Magnesiumfumarat, Kaliumchlorid, Honigkraut<\/p>\n<p>Inhaltsstoffe: Vitamin A 125.000 I.E., Vitamin B1 300 mg, Vitamin B2 150 mg, Vitamin B6 300 mg, Vitamin B12 5.000 mcg, Vitamin C 2.200 mg, Vitamin D3 18.000 I.E., Vitamin E 4.000 mg<br \/>\nBiotin 10.000 mcg, Beta-Carotin 500 mg, Niacin 400 mg, Fols\u00e4ure 250 mg, Calcium-D-Pantothenat 200 mg, Cholinchlorid 450 mg, Betain 5.000 mg, Zink 6.500 mg, Eisen 650 mg, Mangan 2.600 mg,<br \/>\nKupfer 1.000 mg, Jod 15 mg, Selen 10 mg, Kobalt 10 mg, L-Lysin 10.000 mg<br \/>\nTechnologische Zusatzstoffe: Lecithin 450 mg<br \/>\nVerdaulichkeitsf\u00f6rderer: Saccharomyces cerevisiae 2,5&#215;1011 KBE<\/p>\n<p>F\u00fctterungsempfehlung: &#8222;Pferde: 10 &#8211; 15 g je 100 kg K\u00f6rpergewicht \/ Tag mit dem Futter verabreichen (z. B. mit bereits eingeweichten Heucobs).<br \/>\n1 Messbecher entspricht ca. 125 g.<br \/>\nAufgrund des h\u00f6heren Gehaltes an Vitamin D3 und Spurenelementen sollte die Tagesration nicht mehr als verdoppelt werden.<\/p>\n<p>F\u00fctterungsdauer:<br \/>\nUm eine optimale Wirkung zu erreichen, sollte die F\u00fctterung \u00fcber einen l\u00e4ngeren Zeitraum erfolgen. Eine ganzj\u00e4hrige F\u00fctterung ist problemlos und verbessert die Resultate.<\/p>\n<p>Dopingrelevanz:<br \/>\nGem\u00e4\u00df den Anti-Doping- und Medikamentenkontrollregeln der Deutschen Reiterlichen Vereinigung (FN) besteht bei diesem Produkt wegen eines Kr\u00e4uteranteils \u00fcber 3 % eine empfohlene Karenzzeit (von der letzten Anwendung des Produktes bis zum Einsatz auf dem Turnier) von 48 h.<\/p>\n","protected":false},"excerpt":{"rendered":"<p>Hochwertiges Mineralfutter mit allen lebenswichtigen Vitalstoffen. Es ist reich an organisch gebundenen Spurenelementen und Inhaltsstoffen nativen Ursprungs. Es enth\u00e4lt eine spezielle Kombination aus N\u00e4hr- und Wirkstoffen, welche eine stabilisierende, regenerierende und sch\u00fctzende Funktion auf das Pferd aus\u00fcbt. Hochwertige Aminos\u00e4uren, Biokatalysatoren, Kr\u00e4uter, Vitamine, Spurenelemente, Probiotika und Antioxidantien unterst\u00fctzen den Stoffwechsel des Pferdes nachhaltig. erh\u00e4ltlich als Pulver, [&hellip;]<\/p>\n","protected":false},"featured_media":1719,"comment_status":"open","ping_status":"closed","template":"","meta":[],"product_brand":[],"product_cat":[15,70],"product_tag":[],"class_list":{"0":"post-1723","1":"product","2":"type-product","3":"status-publish","4":"has-post-thumbnail","6":"product_cat-pferd","7":"product_cat-mineralstoffe-pferd","9":"first","10":"instock","11":"taxable","12":"shipping-taxable","13":"purchasable","14":"product-type-variable"},"jetpack_sharing_enabled":true,"_links":{"self":[{"href":"https:\/\/xn--pferdundpftchen-itb.de\/woocommerce\/wp-json\/wp\/v2\/product\/1723","targetHints":{"allow":["GET"]}}],"collection":[{"href":"https:\/\/xn--pferdundpftchen-itb.de\/woocommerce\/wp-json\/wp\/v2\/product"}],"about":[{"href":"https:\/\/xn--pferdundpftchen-itb.de\/woocommerce\/wp-json\/wp\/v2\/types\/product"}],"replies":[{"embeddable":true,"href":"https:\/\/xn--pferdundpftchen-itb.de\/woocommerce\/wp-json\/wp\/v2\/comments?post=1723"}],"wp:featuredmedia":[{"embeddable":true,"href":"https:\/\/xn--pferdundpftchen-itb.de\/woocommerce\/wp-json\/wp\/v2\/media\/1719"}],"wp:attachment":[{"href":"https:\/\/xn--pferdundpftchen-itb.de\/woocommerce\/wp-json\/wp\/v2\/media?parent=1723"}],"wp:term":[{"taxonomy":"product_brand","embeddable":true,"href":"https:\/\/xn--pferdundpftchen-itb.de\/woocommerce\/wp-json\/wp\/v2\/product_brand?post=1723"},{"taxonomy":"product_cat","embeddable":true,"href":"https:\/\/xn--pferdundpftchen-itb.de\/woocommerce\/wp-json\/wp\/v2\/product_cat?post=1723"},{"taxonomy":"product_tag","embeddable":true,"href":"https:\/\/xn--pferdundpftchen-itb.de\/woocommerce\/wp-json\/wp\/v2\/product_tag?post=1723"}],"curies":[{"name":"wp","href":"https:\/\/api.w.org\/{rel}","templated":true}]}}