{"id":1727,"date":"2023-07-10T10:16:27","date_gmt":"2023-07-10T08:16:27","guid":{"rendered":"https:\/\/xn--pferdundpftchen-itb.de\/woocommerce\/?post_type=product&#038;p=1727"},"modified":"2023-07-10T10:16:28","modified_gmt":"2023-07-10T08:16:28","slug":"insektenspray-parasit-nat","status":"publish","type":"product","link":"https:\/\/xn--pferdundpftchen-itb.de\/woocommerce\/produkt\/insektenspray-parasit-nat\/","title":{"rendered":"Insektenspray Parasit nat."},"content":{"rendered":"<p>gut vertr\u00e4glich durch pflegende Wirkstoffe<br \/>\nLangzeitschutz vor Bremsen, Fliegen und M\u00fccken<br \/>\nkann direkt aufgespr\u00fcht werden<\/p>\n<p>Parasit nat. direkt auf das Fell aufspr\u00fchen oder mit einem Schwamm die besonders betroffenen Stellen einreiben.<\/p>\n<p>Parasit nat. wehrt mit seiner einzigartigen Kombination hocheffektiver Inhaltsstoffe Bremsen, Fliegen und M\u00fccken auch bei hohen Temperaturen und schwitzenden Pferden sofort und zuverl\u00e4ssig f\u00fcr mehrere Stunden ab.<\/p>\n<p>Auch zum Schutz vor Kriebelm\u00fccken, Grasmilben und Zecken w\u00e4hrend der Weidesaison &#8211; einfach vor dem Weidegang aufspr\u00fchen.<\/p>\n<p>Gem\u00e4\u00df den Anti-Doping- und Medikamentenkontrollregeln der Deutschen Reiterlichen Vereinigung (FN) ist die \u00e4u\u00dferliche Anwendung dieses Produktes im Wettkampf erlaubt (ADMR-konform).<\/p>\n<p>Gut als erg\u00e4nzende Prophylaxe bei Mauke \/ Grasmilbenbefall und zum Schutz vor Kriebelm\u00fccken einsetzbar.<\/p>\n<p>Zusammensetzung:<br \/>\nWirkstoffe: Ethyl Buthylacethylaminopropionate 100 g\/kg, Geraniol 5 g\/kg<br \/>\nWeitere Inhaltsstoffe: Nelkenbl\u00e4tter\u00f6l<\/p>\n<p>Anwendung: Bei parasit\u00e4rem Befall sollten die Pferde 10 bis 20 Tage t\u00e4glich an den betroffenen Problemzonen eingespr\u00fcht werden (evtl. mit einer B\u00fcrste eink\u00e4mmen).<\/p>\n<p>Bei Bedarf kann die Anwendung nach 3 Wochen wiederholt werden.<\/p>\n<p>Zur Prophylaxe (besonders bei Ekzemern) zweimal t\u00e4glich besonders w\u00e4hrend der aktiven Kriebelm\u00fcckenzeit aufspr\u00fchen.<\/p>\n<p>Auch als Spray zur Abwehr von Fliegen, M\u00fccken und Kriebelm\u00fccken gut geeignet.<\/p>\n","protected":false},"excerpt":{"rendered":"<p>gut vertr\u00e4glich durch pflegende Wirkstoffe Langzeitschutz vor Bremsen, Fliegen und M\u00fccken kann direkt aufgespr\u00fcht werden Parasit nat. direkt auf das Fell aufspr\u00fchen oder mit einem Schwamm die besonders betroffenen Stellen einreiben. Parasit nat. wehrt mit seiner einzigartigen Kombination hocheffektiver Inhaltsstoffe Bremsen, Fliegen und M\u00fccken auch bei hohen Temperaturen und schwitzenden Pferden sofort und zuverl\u00e4ssig f\u00fcr [&hellip;]<\/p>\n","protected":false},"featured_media":1721,"comment_status":"open","ping_status":"closed","template":"","meta":[],"product_brand":[],"product_cat":[15,39,40],"product_tag":[],"class_list":{"0":"post-1727","1":"product","2":"type-product","3":"status-publish","4":"has-post-thumbnail","6":"product_cat-pferd","7":"product_cat-parasiten-pferd","8":"product_cat-pflege-aeusserliche-anwendung-pferd","10":"first","11":"instock","12":"taxable","13":"shipping-taxable","14":"purchasable","15":"product-type-variable"},"jetpack_sharing_enabled":true,"_links":{"self":[{"href":"https:\/\/xn--pferdundpftchen-itb.de\/woocommerce\/wp-json\/wp\/v2\/product\/1727","targetHints":{"allow":["GET"]}}],"collection":[{"href":"https:\/\/xn--pferdundpftchen-itb.de\/woocommerce\/wp-json\/wp\/v2\/product"}],"about":[{"href":"https:\/\/xn--pferdundpftchen-itb.de\/woocommerce\/wp-json\/wp\/v2\/types\/product"}],"replies":[{"embeddable":true,"href":"https:\/\/xn--pferdundpftchen-itb.de\/woocommerce\/wp-json\/wp\/v2\/comments?post=1727"}],"wp:featuredmedia":[{"embeddable":true,"href":"https:\/\/xn--pferdundpftchen-itb.de\/woocommerce\/wp-json\/wp\/v2\/media\/1721"}],"wp:attachment":[{"href":"https:\/\/xn--pferdundpftchen-itb.de\/woocommerce\/wp-json\/wp\/v2\/media?parent=1727"}],"wp:term":[{"taxonomy":"product_brand","embeddable":true,"href":"https:\/\/xn--pferdundpftchen-itb.de\/woocommerce\/wp-json\/wp\/v2\/product_brand?post=1727"},{"taxonomy":"product_cat","embeddable":true,"href":"https:\/\/xn--pferdundpftchen-itb.de\/woocommerce\/wp-json\/wp\/v2\/product_cat?post=1727"},{"taxonomy":"product_tag","embeddable":true,"href":"https:\/\/xn--pferdundpftchen-itb.de\/woocommerce\/wp-json\/wp\/v2\/product_tag?post=1727"}],"curies":[{"name":"wp","href":"https:\/\/api.w.org\/{rel}","templated":true}]}}