{"id":1731,"date":"2023-07-10T10:40:53","date_gmt":"2023-07-10T08:40:53","guid":{"rendered":"https:\/\/xn--pferdundpftchen-itb.de\/woocommerce\/?post_type=product&#038;p=1731"},"modified":"2025-01-25T18:51:34","modified_gmt":"2025-01-25T17:51:34","slug":"sanfte-alge","status":"publish","type":"product","link":"https:\/\/xn--pferdundpftchen-itb.de\/woocommerce\/produkt\/sanfte-alge\/","title":{"rendered":"sanfte Alge"},"content":{"rendered":"<p><strong>Sanfte Alge von Foten \u2013 Dein Allround-Talent f\u00fcr mehr Wohlbefinden!<\/strong><\/p>\n<p>G\u00f6nn deinem Fell, deinen Gelenken, Muskeln, deinem Gehirn und deinem Immunsystem die nat\u00fcrliche Pflege, die sie verdienen \u2013 mit <em>Sanfte Alge<\/em> von Foten! Unser Algen\u00f6l ist 100% vegan, nachhaltig und aus hochwertigen, pflanzlichen Zutaten hergestellt.<\/p>\n<p>\ud83c\udf3f <strong>100% nat\u00fcrliche, vegane Zutaten<\/strong> \u2013 ohne Kompromisse, nur das Beste aus der Natur.<br \/>\n\ud83c\udf31 <strong>Nachhaltig kultiviertes Algen\u00f6l<\/strong> \u2013 f\u00fcr die Umwelt und deinen K\u00f6rper.<br \/>\n\ud83d\udc9a <strong>Biologisches Oliven\u00f6l<\/strong> als nat\u00fcrliches Antioxidans \u2013 unterst\u00fctzt deinen K\u00f6rper auf nat\u00fcrliche Weise.<br \/>\n\ud83d\udca1 <strong>Veganer Vitamin D &amp; E Gehalt<\/strong> \u2013 vitalisierend und pflegend f\u00fcr deinen K\u00f6rper.<br \/>\n\ud83c\udf0a <strong>Omega-3-Fetts\u00e4uren<\/strong> \u2013 tragen zu einem ausgewogenen Omega-6\/Omega-3-Verh\u00e4ltnis bei und unterst\u00fctzen dein Immunsystem.<br \/>\n\ud83c\udf3f <strong>Schadstoffarm und nachhaltig<\/strong> \u2013 f\u00fcr eine gesunde Zukunft f\u00fcr dich und unseren Planeten.<\/p>\n<p>Setze auf <em>Sanfte Alge<\/em> von Foten und erlebe, wie sich dein K\u00f6rper dank nat\u00fcrlicher, veganer Inhaltsstoffe noch besser anf\u00fchlt. Ideal f\u00fcr eine gesunde Unterst\u00fctzung deines gesamten Wohlbefindens!<\/p>\n<p>Zusammensetzung: DHA- und EPA-reiches Algen\u00f6l aus der Mikroalge Schizochytrium sp. (74 %), Oliven\u00f6l (23 %), Sonnenblumen\u00f6l (2 %).<\/p>\n<p>F\u00fctterungsempfehlung:<br \/>\nGrunds\u00e4tzlich empfehlen sich 70 mg Omega-3 je Kilogramm K\u00f6rpergewicht bei Hunden und Katzen -&gt; dies entspricht 1 ml je 3 kg K\u00f6rpergewicht.<br \/>\nGrunds\u00e4tzlich empfehlen sich 2-3 g Omega-3 je 100 Kilogramm K\u00f6rpergewicht bei Pferden -&gt; dies entspricht 10-15 ml je 100 kg K\u00f6rpergewicht.<\/p>\n","protected":false},"excerpt":{"rendered":"<p>Sanfte Alge von Foten \u2013 Dein Allround-Talent f\u00fcr mehr Wohlbefinden! G\u00f6nn deinem Fell, deinen Gelenken, Muskeln, deinem Gehirn und deinem Immunsystem die nat\u00fcrliche Pflege, die sie verdienen \u2013 mit Sanfte Alge von Foten! Unser Algen\u00f6l ist 100% vegan, nachhaltig und aus hochwertigen, pflanzlichen Zutaten hergestellt. \ud83c\udf3f 100% nat\u00fcrliche, vegane Zutaten \u2013 ohne Kompromisse, nur das [&hellip;]<\/p>\n","protected":false},"featured_media":1732,"comment_status":"open","ping_status":"closed","template":"","meta":[],"product_brand":[],"product_cat":[15,34,73,35,53,46,36,33,20,67,30,76,51,43,29,28,21,77,66,31,52,44,32,61],"product_tag":[],"class_list":{"0":"post-1731","1":"product","2":"type-product","3":"status-publish","4":"has-post-thumbnail","6":"product_cat-pferd","7":"product_cat-oele-fette","8":"product_cat-zaehne-maul-pferd","9":"product_cat-atemwege-lunge","10":"product_cat-gelenke-bewegungsapparat-pferd","11":"product_cat-haut-fell-pferd","12":"product_cat-immunsystem-pferd","13":"product_cat-magen-verdauung-pferd","14":"product_cat-hund","15":"product_cat-oele-fette-hund","16":"product_cat-zaehne-maul","17":"product_cat-atemwege-lunge-hund","18":"product_cat-gelenke-bewegungsapparat","19":"product_cat-haut-fell","20":"product_cat-immunsystem","21":"product_cat-magen-verdauung","22":"product_cat-katze","23":"product_cat-atemwege-lunge-katze","24":"product_cat-le-fette-katze","25":"product_cat-zaehne-maul-katze","26":"product_cat-gelenke-bewegungsapparat-katze","27":"product_cat-haut-fell-katze","28":"product_cat-immunsystem-katze","29":"product_cat-magen-verdauung-katze","31":"first","32":"instock","33":"taxable","34":"shipping-taxable","35":"purchasable","36":"product-type-variable"},"jetpack_sharing_enabled":true,"_links":{"self":[{"href":"https:\/\/xn--pferdundpftchen-itb.de\/woocommerce\/wp-json\/wp\/v2\/product\/1731","targetHints":{"allow":["GET"]}}],"collection":[{"href":"https:\/\/xn--pferdundpftchen-itb.de\/woocommerce\/wp-json\/wp\/v2\/product"}],"about":[{"href":"https:\/\/xn--pferdundpftchen-itb.de\/woocommerce\/wp-json\/wp\/v2\/types\/product"}],"replies":[{"embeddable":true,"href":"https:\/\/xn--pferdundpftchen-itb.de\/woocommerce\/wp-json\/wp\/v2\/comments?post=1731"}],"wp:featuredmedia":[{"embeddable":true,"href":"https:\/\/xn--pferdundpftchen-itb.de\/woocommerce\/wp-json\/wp\/v2\/media\/1732"}],"wp:attachment":[{"href":"https:\/\/xn--pferdundpftchen-itb.de\/woocommerce\/wp-json\/wp\/v2\/media?parent=1731"}],"wp:term":[{"taxonomy":"product_brand","embeddable":true,"href":"https:\/\/xn--pferdundpftchen-itb.de\/woocommerce\/wp-json\/wp\/v2\/product_brand?post=1731"},{"taxonomy":"product_cat","embeddable":true,"href":"https:\/\/xn--pferdundpftchen-itb.de\/woocommerce\/wp-json\/wp\/v2\/product_cat?post=1731"},{"taxonomy":"product_tag","embeddable":true,"href":"https:\/\/xn--pferdundpftchen-itb.de\/woocommerce\/wp-json\/wp\/v2\/product_tag?post=1731"}],"curies":[{"name":"wp","href":"https:\/\/api.w.org\/{rel}","templated":true}]}}