{"id":1735,"date":"2023-07-10T10:43:49","date_gmt":"2023-07-10T08:43:49","guid":{"rendered":"https:\/\/xn--pferdundpftchen-itb.de\/woocommerce\/?post_type=product&#038;p=1735"},"modified":"2024-11-26T14:41:54","modified_gmt":"2024-11-26T13:41:54","slug":"wilder-dorsch","status":"publish","type":"product","link":"https:\/\/xn--pferdundpftchen-itb.de\/woocommerce\/produkt\/wilder-dorsch\/","title":{"rendered":"wilder Dorsch"},"content":{"rendered":"<p><strong>Nat\u00fcrliches Dorsch\u00f6l \u2013 F\u00fcr gl\u00e4nzendes Fell, starke Gelenke und ein gesundes Immunsystem<\/strong><br \/>\nF\u00fcr Hunde, Katzen und Pferde<\/p>\n<p>G\u00f6nn deinem Liebling das Beste aus der Natur mit unserem <strong>hochwertigen Dorsch\u00f6l<\/strong> \u2013 reich an <strong>Omega-3-Fetts\u00e4uren<\/strong> und nat\u00fcrlichen Vitaminen. Dieses besondere \u00d6l unterst\u00fctzt nicht nur das <strong>Fell<\/strong>, sondern f\u00f6rdert auch <strong>Gelenke<\/strong>, <strong>Muskeln<\/strong>, <strong>Gehirn<\/strong> und das <strong>Immunsystem<\/strong>. Ideal f\u00fcr Hunde, Katzen und Pferde gleicherma\u00dfen!<\/p>\n<p><strong>Warum Dorsch\u00f6l?<\/strong><br \/>\nUnser Dorsch\u00f6l enth\u00e4lt einen besonders hohen Anteil an <strong>EPA<\/strong>, <strong>DHA<\/strong> und <strong>DPA<\/strong>, die wertvollen Omega-3-Fetts\u00e4uren, die f\u00fcr das Wohlbefinden deines Haustiers unverzichtbar sind. Diese wirken immunmodulierend, verbessern das Verh\u00e4ltnis von <strong>Omega-6 zu Omega-3<\/strong> und tragen so zur F\u00f6rderung eines gesunden Stoffwechsels bei.<\/p>\n<p><strong>Vorteile auf einen Blick:<\/strong><\/p>\n<ul>\n<li><strong>Gl\u00e4nzendes Fell und gesunde Haut<\/strong>: Omega-3-Fetts\u00e4uren tragen zur Pflege des Fells bei und sorgen f\u00fcr eine gl\u00e4nzende, gesunde Haut.<\/li>\n<li><strong>Starke Gelenke und Muskeln<\/strong>: Omega-3 wirkt entz\u00fcndungshemmend und unterst\u00fctzt die Gesundheit der Gelenke sowie die Muskulatur, insbesondere bei \u00e4lteren oder aktiveren Tieren.<\/li>\n<li><strong>F\u00f6rderung der Gehirn- und Herzkreislauffunktion<\/strong>: Die enthaltenen Fetts\u00e4uren sind besonders wichtig f\u00fcr das <strong>Gehirn<\/strong> und die <strong>kognitiven Funktionen<\/strong> deines Haustiers.<\/li>\n<li><strong>St\u00e4rkung des Immunsystems<\/strong>: Die nat\u00fcrlichen Vitamine <strong>A, D &amp; E<\/strong> sowie das <strong>biologische Oliven\u00f6l<\/strong> als Antioxidans tragen zur St\u00e4rkung des Immunsystems bei und sch\u00fctzen vor freien Radikalen.<\/li>\n<li><strong>Nachhaltiger Wildfang<\/strong>: Das Dorsch\u00f6l stammt aus <strong>nachhaltigem Wildfang<\/strong> und ist besonders rein und aufwendig verarbeitet, um die bestm\u00f6gliche Qualit\u00e4t zu garantieren.<\/li>\n<li><strong>Unabh\u00e4ngig gepr\u00fcft<\/strong>: Unser Dorsch\u00f6l wird regelm\u00e4\u00dfig von <strong>unabh\u00e4ngigen Laboren gepr\u00fcft<\/strong>, um h\u00f6chste Reinheit und Sicherheit zu gew\u00e4hrleisten.<\/li>\n<\/ul>\n<p><strong>100% nat\u00fcrliche Zutaten<\/strong> \u2013 ohne k\u00fcnstliche Zus\u00e4tze, Konservierungsstoffe oder Farbstoffe.<\/p>\n<p><strong>Verwendung:<\/strong><br \/>\nEinfach in das Futter deines Hundes, deiner Katze oder deines Pferdes einmischen. Schon kleine Mengen haben eine gro\u00dfe Wirkung!<\/p>\n<p><strong>G\u00f6nn deinem Tier das Beste aus der Natur<\/strong> \u2013 mit unserem nat\u00fcrlichen Dorsch\u00f6l f\u00fcr gl\u00e4nzendes Fell, starke Gelenke und ein gesundes Immunsystem. Ein wahrer Allrounder f\u00fcr die Gesundheit deines treuen Begleiters!<\/p>\n<p>Hinweis von Jessy: Eines meiner absoluten Lieblingsprodukte und ein Must-Have f\u00fcr alle Pferde-, Hunde- und auch Katzenbesitzer. Das Dorsch\u00f6l wird sehr gut akzeptiert, hat deutlich mehr Omega-3-Fetts\u00e4uren als die meisten andere \u00d6le und wirkt sich dadurch positiv auf Haut, Verdauung, Gelenke, Fell, etc. aus. Jedes Tier sollte zumindest immer mal wieder kurweise dieses \u00d6l gef\u00fcttert bekommen!<\/p>\n<p>Zusammensetzung: Nat\u00fcrliches Dorsch\u00f6l (90 %), Oliven\u00f6l (10%)<\/p>\n<p>F\u00fctterungsempfehlung:<br \/>\nGrunds\u00e4tzlich empfehlen sich 70 mg Omega-3 je Kilogramm K\u00f6rpergewicht bei Hunden und Katzen -&gt; dies entspricht 1 ml je 3 kg K\u00f6rpergewicht.<br \/>\nGrunds\u00e4tzlich empfehlen sich 2-3 g Omega-3 je 100 Kilogramm K\u00f6rpergewicht bei Pferden -&gt; dies entspricht 10-15 ml je 100 kg K\u00f6rpergewicht.<\/p>\n","protected":false},"excerpt":{"rendered":"<p>Nat\u00fcrliches Dorsch\u00f6l \u2013 F\u00fcr gl\u00e4nzendes Fell, starke Gelenke und ein gesundes Immunsystem F\u00fcr Hunde, Katzen und Pferde G\u00f6nn deinem Liebling das Beste aus der Natur mit unserem hochwertigen Dorsch\u00f6l \u2013 reich an Omega-3-Fetts\u00e4uren und nat\u00fcrlichen Vitaminen. Dieses besondere \u00d6l unterst\u00fctzt nicht nur das Fell, sondern f\u00f6rdert auch Gelenke, Muskeln, Gehirn und das Immunsystem. Ideal f\u00fcr [&hellip;]<\/p>\n","protected":false},"featured_media":2412,"comment_status":"open","ping_status":"closed","template":"","meta":[],"product_brand":[],"product_cat":[15,34,73,35,53,46,36,33,20,67,30,76,51,43,29,28,21,77,66,31,52,44,32,61],"product_tag":[],"class_list":{"0":"post-1735","1":"product","2":"type-product","3":"status-publish","4":"has-post-thumbnail","6":"product_cat-pferd","7":"product_cat-oele-fette","8":"product_cat-zaehne-maul-pferd","9":"product_cat-atemwege-lunge","10":"product_cat-gelenke-bewegungsapparat-pferd","11":"product_cat-haut-fell-pferd","12":"product_cat-immunsystem-pferd","13":"product_cat-magen-verdauung-pferd","14":"product_cat-hund","15":"product_cat-oele-fette-hund","16":"product_cat-zaehne-maul","17":"product_cat-atemwege-lunge-hund","18":"product_cat-gelenke-bewegungsapparat","19":"product_cat-haut-fell","20":"product_cat-immunsystem","21":"product_cat-magen-verdauung","22":"product_cat-katze","23":"product_cat-atemwege-lunge-katze","24":"product_cat-le-fette-katze","25":"product_cat-zaehne-maul-katze","26":"product_cat-gelenke-bewegungsapparat-katze","27":"product_cat-haut-fell-katze","28":"product_cat-immunsystem-katze","29":"product_cat-magen-verdauung-katze","31":"first","32":"instock","33":"taxable","34":"shipping-taxable","35":"purchasable","36":"product-type-variable"},"jetpack_sharing_enabled":true,"_links":{"self":[{"href":"https:\/\/xn--pferdundpftchen-itb.de\/woocommerce\/wp-json\/wp\/v2\/product\/1735","targetHints":{"allow":["GET"]}}],"collection":[{"href":"https:\/\/xn--pferdundpftchen-itb.de\/woocommerce\/wp-json\/wp\/v2\/product"}],"about":[{"href":"https:\/\/xn--pferdundpftchen-itb.de\/woocommerce\/wp-json\/wp\/v2\/types\/product"}],"replies":[{"embeddable":true,"href":"https:\/\/xn--pferdundpftchen-itb.de\/woocommerce\/wp-json\/wp\/v2\/comments?post=1735"}],"wp:featuredmedia":[{"embeddable":true,"href":"https:\/\/xn--pferdundpftchen-itb.de\/woocommerce\/wp-json\/wp\/v2\/media\/2412"}],"wp:attachment":[{"href":"https:\/\/xn--pferdundpftchen-itb.de\/woocommerce\/wp-json\/wp\/v2\/media?parent=1735"}],"wp:term":[{"taxonomy":"product_brand","embeddable":true,"href":"https:\/\/xn--pferdundpftchen-itb.de\/woocommerce\/wp-json\/wp\/v2\/product_brand?post=1735"},{"taxonomy":"product_cat","embeddable":true,"href":"https:\/\/xn--pferdundpftchen-itb.de\/woocommerce\/wp-json\/wp\/v2\/product_cat?post=1735"},{"taxonomy":"product_tag","embeddable":true,"href":"https:\/\/xn--pferdundpftchen-itb.de\/woocommerce\/wp-json\/wp\/v2\/product_tag?post=1735"}],"curies":[{"name":"wp","href":"https:\/\/api.w.org\/{rel}","templated":true}]}}