{"id":1812,"date":"2023-07-14T11:31:37","date_gmt":"2023-07-14T09:31:37","guid":{"rendered":"https:\/\/xn--pferdundpftchen-itb.de\/woocommerce\/?post_type=product&#038;p=1812"},"modified":"2025-01-12T18:01:25","modified_gmt":"2025-01-12T17:01:25","slug":"kristallkraft-no-2","status":"publish","type":"product","link":"https:\/\/xn--pferdundpftchen-itb.de\/woocommerce\/produkt\/kristallkraft-no-2\/","title":{"rendered":"Kristallkraft No. 2"},"content":{"rendered":"<h3>Kristallkraft No 2 \u2013 Die alternative Entgiftungskur f\u00fcr dein Pferd<\/h3>\n<p>Entlaste den Stoffwechsel deines Pferdes auf nat\u00fcrliche Weise \u2013 mit <strong>Kristallkraft No 2<\/strong>! Diese spezielle Entgiftungskur unterst\u00fctzt die Regulierung des S\u00e4ure-Basen-Haushalts, bindet Toxine und Ammoniak, neutralisiert freie Radikale und f\u00f6rdert den Wiederaufbau einer gesunden Darmflora.<\/p>\n<p><strong>Vorteile auf einen Blick:<\/strong><\/p>\n<ul>\n<li><strong>Regulierung des S\u00e4ure-Basen-Gleichgewichts:<\/strong> F\u00fcr einen ausgeglichenen Stoffwechsel und mehr Wohlbefinden.<\/li>\n<li><strong>Toxinbindung:<\/strong> Hilft, den K\u00f6rper von sch\u00e4dlichen Stoffen wie Ammoniak zu befreien.<\/li>\n<li><strong>Neutralisierung freier Radikale:<\/strong> Sch\u00fctzt die Zellen und unterst\u00fctzt die Gesundheit deines Pferdes.<\/li>\n<li><strong>Darmflora-Aufbau:<\/strong> F\u00f6rdert eine gesunde Verdauung und stabilisiert die Darmfunktion.<\/li>\n<\/ul>\n<p><strong>Frei von Getreide, Melasse und Doping<\/strong> \u2013 ideal geeignet f\u00fcr Pferde mit:<\/p>\n<ul>\n<li><strong>Allergien und Hautproblemen<\/strong><\/li>\n<li><strong>Kotwasser oder Verdauungsst\u00f6rungen<\/strong><\/li>\n<li><strong>EMS (Equines Metabolisches Syndrom), Cushing oder Hufrehe<\/strong><\/li>\n<\/ul>\n<p>G\u00f6nn deinem Pferd diese innovative Entgiftungskur, die mit nat\u00fcrlichen Inhaltsstoffen f\u00fcr Vitalit\u00e4t und Lebensfreude sorgt. <strong>Kristallkraft No 2<\/strong> \u2013 der ideale Begleiter f\u00fcr Pferde, die Unterst\u00fctzung im Stoffwechsel und bei spezifischen Herausforderungen ben\u00f6tigen.<\/p>\n<p><strong>Vertraue auf die Kraft der Natur \u2013 f\u00fcr die Gesundheit deines Pferdes!<\/strong><\/p>\n<p>Zusammensetzung: Leinkuchen, Johannisbrotschrot, Hefezellwandextrakt (7%), Mariendistel\u00f6l (2%), Kr\u00e4utschermischung (1%) (Koriander, Klettenwurzel, L\u00f6wenzahnwurzel, Schafgarbenkraut)<\/p>\n<p>F\u00fctterungsempfehlung:<br \/>\nKurgabe: 2 Messbecher a ca. 80g tgl. je Gro\u00dfpferd<br \/>\nDauergabe: 1 Messbecher a ca. 80g je Gro\u00dfpferd<br \/>\nKleinpferde und Ponys entsprechend weniger<\/p>\n","protected":false},"excerpt":{"rendered":"<p>Kristallkraft No 2 \u2013 Die alternative Entgiftungskur f\u00fcr dein Pferd Entlaste den Stoffwechsel deines Pferdes auf nat\u00fcrliche Weise \u2013 mit Kristallkraft No 2! Diese spezielle Entgiftungskur unterst\u00fctzt die Regulierung des S\u00e4ure-Basen-Haushalts, bindet Toxine und Ammoniak, neutralisiert freie Radikale und f\u00f6rdert den Wiederaufbau einer gesunden Darmflora. Vorteile auf einen Blick: Regulierung des S\u00e4ure-Basen-Gleichgewichts: F\u00fcr einen ausgeglichenen [&hellip;]<\/p>\n","protected":false},"featured_media":924,"comment_status":"open","ping_status":"closed","template":"","meta":[],"product_brand":[],"product_cat":[15,48,46,36,64,33],"product_tag":[],"class_list":{"0":"post-1812","1":"product","2":"type-product","3":"status-publish","4":"has-post-thumbnail","6":"product_cat-pferd","7":"product_cat-ausleitung-entgiftung-pferd","8":"product_cat-haut-fell-pferd","9":"product_cat-immunsystem-pferd","10":"product_cat-leber-niere-pferd","11":"product_cat-magen-verdauung-pferd","13":"first","14":"instock","15":"taxable","16":"shipping-taxable","17":"purchasable","18":"product-type-simple"},"jetpack_sharing_enabled":true,"_links":{"self":[{"href":"https:\/\/xn--pferdundpftchen-itb.de\/woocommerce\/wp-json\/wp\/v2\/product\/1812","targetHints":{"allow":["GET"]}}],"collection":[{"href":"https:\/\/xn--pferdundpftchen-itb.de\/woocommerce\/wp-json\/wp\/v2\/product"}],"about":[{"href":"https:\/\/xn--pferdundpftchen-itb.de\/woocommerce\/wp-json\/wp\/v2\/types\/product"}],"replies":[{"embeddable":true,"href":"https:\/\/xn--pferdundpftchen-itb.de\/woocommerce\/wp-json\/wp\/v2\/comments?post=1812"}],"wp:featuredmedia":[{"embeddable":true,"href":"https:\/\/xn--pferdundpftchen-itb.de\/woocommerce\/wp-json\/wp\/v2\/media\/924"}],"wp:attachment":[{"href":"https:\/\/xn--pferdundpftchen-itb.de\/woocommerce\/wp-json\/wp\/v2\/media?parent=1812"}],"wp:term":[{"taxonomy":"product_brand","embeddable":true,"href":"https:\/\/xn--pferdundpftchen-itb.de\/woocommerce\/wp-json\/wp\/v2\/product_brand?post=1812"},{"taxonomy":"product_cat","embeddable":true,"href":"https:\/\/xn--pferdundpftchen-itb.de\/woocommerce\/wp-json\/wp\/v2\/product_cat?post=1812"},{"taxonomy":"product_tag","embeddable":true,"href":"https:\/\/xn--pferdundpftchen-itb.de\/woocommerce\/wp-json\/wp\/v2\/product_tag?post=1812"}],"curies":[{"name":"wp","href":"https:\/\/api.w.org\/{rel}","templated":true}]}}