{"id":1814,"date":"2023-07-14T11:33:30","date_gmt":"2023-07-14T09:33:30","guid":{"rendered":"https:\/\/xn--pferdundpftchen-itb.de\/woocommerce\/?post_type=product&#038;p=1814"},"modified":"2025-01-12T18:03:03","modified_gmt":"2025-01-12T17:03:03","slug":"kristallkraft-the-mineral","status":"publish","type":"product","link":"https:\/\/xn--pferdundpftchen-itb.de\/woocommerce\/produkt\/kristallkraft-the-mineral\/","title":{"rendered":"Kristallkraft The Mineral"},"content":{"rendered":"<h3><strong>Kristallkraft The Mineral \u2013 Nat\u00fcrliche Vitalstoffversorgung f\u00fcr dein Pferd<\/strong><\/h3>\n<p>Gib deinem Pferd die perfekte Unterst\u00fctzung f\u00fcr Gesundheit und Wohlbefinden mit <strong>Kristallkraft The Mineral<\/strong>. Dieses hochwertige Mineralfutter liefert essentielle Vitalstoffe, die dein Pferd t\u00e4glich ben\u00f6tigt \u2013 ganz ohne k\u00fcnstliche Zusatzstoffe.<\/p>\n<p><strong>Vorteile im \u00dcberblick:<\/strong><\/p>\n<ul>\n<li><strong>Nat\u00fcrliche Vitalstoffversorgung:<\/strong> 100 % nat\u00fcrliche Inhaltsstoffe sorgen f\u00fcr eine ausgewogene Versorgung.<\/li>\n<li><strong>Schonende Verarbeitung:<\/strong> Erh\u00e4lt die wertvollen N\u00e4hrstoffe f\u00fcr eine optimale Wirksamkeit.<\/li>\n<li><strong>Optimale Bioverf\u00fcgbarkeit:<\/strong> N\u00e4hrstoffe k\u00f6nnen besonders gut aufgenommen und verwertet werden.<\/li>\n<li><strong>Frei von Melasse und Doping:<\/strong> Ideal auch f\u00fcr empfindliche Pferde und im Turniersport einsetzbar.<\/li>\n<\/ul>\n<p>Mit <strong>Kristallkraft The Mineral<\/strong> erh\u00e4lt dein Pferd die beste Grundlage f\u00fcr starke Knochen, gl\u00e4nzendes Fell und ein gest\u00e4rktes Immunsystem \u2013 ganz nat\u00fcrlich und nachhaltig.<\/p>\n<p><strong>Vertraue auf die Kraft der Natur f\u00fcr dein Pferd!<\/strong><\/p>\n<p>Zusammensetzung: Chiasamen (gecrackt, 16%), Dolomit (16%), Algenkalk (16%), Johannisbrotschrot, Apfelvolltrester (11%), Traubenkerne (vermahlen, 8%), Rote Bete (Granulat, 7%), Hefe (S. cerevisiae, 5%), Karotten (pulverisiert, 4%)<\/p>\n<p>F\u00fctterungsempfehlung:<br \/>\nKurgabe: 2 Messbecher a ca. 70g tgl. je Gro\u00dfpferd<br \/>\nDauergabe: 1 Messbecher a ca. 70g je Gro\u00dfpferd<br \/>\nKleinpferde und Ponys entsprechend weniger<\/p>\n","protected":false},"excerpt":{"rendered":"<p>Kristallkraft The Mineral \u2013 Nat\u00fcrliche Vitalstoffversorgung f\u00fcr dein Pferd Gib deinem Pferd die perfekte Unterst\u00fctzung f\u00fcr Gesundheit und Wohlbefinden mit Kristallkraft The Mineral. Dieses hochwertige Mineralfutter liefert essentielle Vitalstoffe, die dein Pferd t\u00e4glich ben\u00f6tigt \u2013 ganz ohne k\u00fcnstliche Zusatzstoffe. Vorteile im \u00dcberblick: Nat\u00fcrliche Vitalstoffversorgung: 100 % nat\u00fcrliche Inhaltsstoffe sorgen f\u00fcr eine ausgewogene Versorgung. Schonende Verarbeitung: [&hellip;]<\/p>\n","protected":false},"featured_media":925,"comment_status":"open","ping_status":"closed","template":"","meta":[],"product_brand":[],"product_cat":[15,70],"product_tag":[],"class_list":{"0":"post-1814","1":"product","2":"type-product","3":"status-publish","4":"has-post-thumbnail","6":"product_cat-pferd","7":"product_cat-mineralstoffe-pferd","9":"first","10":"instock","11":"taxable","12":"shipping-taxable","13":"purchasable","14":"product-type-simple"},"jetpack_sharing_enabled":true,"_links":{"self":[{"href":"https:\/\/xn--pferdundpftchen-itb.de\/woocommerce\/wp-json\/wp\/v2\/product\/1814","targetHints":{"allow":["GET"]}}],"collection":[{"href":"https:\/\/xn--pferdundpftchen-itb.de\/woocommerce\/wp-json\/wp\/v2\/product"}],"about":[{"href":"https:\/\/xn--pferdundpftchen-itb.de\/woocommerce\/wp-json\/wp\/v2\/types\/product"}],"replies":[{"embeddable":true,"href":"https:\/\/xn--pferdundpftchen-itb.de\/woocommerce\/wp-json\/wp\/v2\/comments?post=1814"}],"wp:featuredmedia":[{"embeddable":true,"href":"https:\/\/xn--pferdundpftchen-itb.de\/woocommerce\/wp-json\/wp\/v2\/media\/925"}],"wp:attachment":[{"href":"https:\/\/xn--pferdundpftchen-itb.de\/woocommerce\/wp-json\/wp\/v2\/media?parent=1814"}],"wp:term":[{"taxonomy":"product_brand","embeddable":true,"href":"https:\/\/xn--pferdundpftchen-itb.de\/woocommerce\/wp-json\/wp\/v2\/product_brand?post=1814"},{"taxonomy":"product_cat","embeddable":true,"href":"https:\/\/xn--pferdundpftchen-itb.de\/woocommerce\/wp-json\/wp\/v2\/product_cat?post=1814"},{"taxonomy":"product_tag","embeddable":true,"href":"https:\/\/xn--pferdundpftchen-itb.de\/woocommerce\/wp-json\/wp\/v2\/product_tag?post=1814"}],"curies":[{"name":"wp","href":"https:\/\/api.w.org\/{rel}","templated":true}]}}