{"id":1815,"date":"2023-07-14T11:34:57","date_gmt":"2023-07-14T09:34:57","guid":{"rendered":"https:\/\/xn--pferdundpftchen-itb.de\/woocommerce\/?post_type=product&#038;p=1815"},"modified":"2025-01-12T18:04:32","modified_gmt":"2025-01-12T17:04:32","slug":"kristallkraft-move","status":"publish","type":"product","link":"https:\/\/xn--pferdundpftchen-itb.de\/woocommerce\/produkt\/kristallkraft-move\/","title":{"rendered":"Kristallkraft Move"},"content":{"rendered":"<h3><strong>Kristallkraft Move \u2013 F\u00fcr gesunde Gelenke und mehr Bewegungsfreude<\/strong><\/h3>\n<p>Unterst\u00fctze die Beweglichkeit und Gelenkgesundheit deines Pferdes mit <strong>Kristallkraft Move<\/strong> \u2013 die ideale Wahl f\u00fcr Pferde mit Gelenkproblemen oder zur Vorbeugung.<\/p>\n<p><strong>Vorteile im \u00dcberblick:<\/strong><\/p>\n<ul>\n<li><strong>Effektive Unterst\u00fctzung der Gelenkfunktion:<\/strong> F\u00f6rdert geschmeidige Bewegungsabl\u00e4ufe und sch\u00fctzt die Gelenke.<\/li>\n<li><strong>F\u00f6rdert die Knorpelproduktion:<\/strong> Unterst\u00fctzt die k\u00f6rpereigene Regeneration und Stabilit\u00e4t des Knorpelgewebes.<\/li>\n<li><strong>Mit schmerzlindernden Kr\u00e4utern:<\/strong> Nat\u00fcrliche Inhaltsstoffe f\u00fcr Wohlbefinden und Linderung bei Beschwerden.<\/li>\n<li><strong>Ideal f\u00fcr Sportpferde:<\/strong> Als Unfallprophylaxe und zur Unterst\u00fctzung bei hoher Belastung.<\/li>\n<li><strong>Dopingfrei und sicher:<\/strong> Geeignet f\u00fcr den Turniersport und f\u00fcr empfindliche Pferde.<\/li>\n<\/ul>\n<p>Setze auf die nat\u00fcrliche L\u00f6sung f\u00fcr gesunde Gelenke und sorge daf\u00fcr, dass dein Pferd sich wieder unbeschwert bewegen kann \u2013 mit <strong>Kristallkraft Move<\/strong>.<\/p>\n<p><strong>Vertraue auf die Kraft der Natur f\u00fcr dein Pferd!<\/strong><\/p>\n<p>Zusammensetzung: Braunhirse (dreifach gecrackt, 27%), Chiasaat (zweifach gecrackt, 18%), Johannisbrotschrot, Hagebutte (gemahlen, 11%), MSM (9%), Calcium-Magnesiumcarbonat, Rote Bete (Granulat), Kr\u00e4utermischung (3% aus Kurkuma, Meerrettich, Mistel, Origanum, Weidenrinde, Zinnkraut), Hyalorons\u00e4ure aus Fermentation<\/p>\n<p>F\u00fctterungsempfehlung:<br \/>\nKurgabe: 2-4 Messbecher a ca. 65g tgl. je Gro\u00dfpferd<br \/>\nDauergabe: 1-2 Messbecher a ca. 65g je Gro\u00dfpferd<br \/>\nKleinpferde und Ponys entsprechend weniger<\/p>\n","protected":false},"excerpt":{"rendered":"<p>Kristallkraft Move \u2013 F\u00fcr gesunde Gelenke und mehr Bewegungsfreude Unterst\u00fctze die Beweglichkeit und Gelenkgesundheit deines Pferdes mit Kristallkraft Move \u2013 die ideale Wahl f\u00fcr Pferde mit Gelenkproblemen oder zur Vorbeugung. Vorteile im \u00dcberblick: Effektive Unterst\u00fctzung der Gelenkfunktion: F\u00f6rdert geschmeidige Bewegungsabl\u00e4ufe und sch\u00fctzt die Gelenke. F\u00f6rdert die Knorpelproduktion: Unterst\u00fctzt die k\u00f6rpereigene Regeneration und Stabilit\u00e4t des Knorpelgewebes. [&hellip;]<\/p>\n","protected":false},"featured_media":922,"comment_status":"open","ping_status":"closed","template":"","meta":[],"product_brand":[],"product_cat":[15,53],"product_tag":[],"class_list":{"0":"post-1815","1":"product","2":"type-product","3":"status-publish","4":"has-post-thumbnail","6":"product_cat-pferd","7":"product_cat-gelenke-bewegungsapparat-pferd","9":"first","10":"instock","11":"taxable","12":"shipping-taxable","13":"purchasable","14":"product-type-simple"},"jetpack_sharing_enabled":true,"_links":{"self":[{"href":"https:\/\/xn--pferdundpftchen-itb.de\/woocommerce\/wp-json\/wp\/v2\/product\/1815","targetHints":{"allow":["GET"]}}],"collection":[{"href":"https:\/\/xn--pferdundpftchen-itb.de\/woocommerce\/wp-json\/wp\/v2\/product"}],"about":[{"href":"https:\/\/xn--pferdundpftchen-itb.de\/woocommerce\/wp-json\/wp\/v2\/types\/product"}],"replies":[{"embeddable":true,"href":"https:\/\/xn--pferdundpftchen-itb.de\/woocommerce\/wp-json\/wp\/v2\/comments?post=1815"}],"wp:featuredmedia":[{"embeddable":true,"href":"https:\/\/xn--pferdundpftchen-itb.de\/woocommerce\/wp-json\/wp\/v2\/media\/922"}],"wp:attachment":[{"href":"https:\/\/xn--pferdundpftchen-itb.de\/woocommerce\/wp-json\/wp\/v2\/media?parent=1815"}],"wp:term":[{"taxonomy":"product_brand","embeddable":true,"href":"https:\/\/xn--pferdundpftchen-itb.de\/woocommerce\/wp-json\/wp\/v2\/product_brand?post=1815"},{"taxonomy":"product_cat","embeddable":true,"href":"https:\/\/xn--pferdundpftchen-itb.de\/woocommerce\/wp-json\/wp\/v2\/product_cat?post=1815"},{"taxonomy":"product_tag","embeddable":true,"href":"https:\/\/xn--pferdundpftchen-itb.de\/woocommerce\/wp-json\/wp\/v2\/product_tag?post=1815"}],"curies":[{"name":"wp","href":"https:\/\/api.w.org\/{rel}","templated":true}]}}