{"id":1818,"date":"2023-07-14T11:37:33","date_gmt":"2023-07-14T09:37:33","guid":{"rendered":"https:\/\/xn--pferdundpftchen-itb.de\/woocommerce\/?post_type=product&#038;p=1818"},"modified":"2025-01-12T18:07:22","modified_gmt":"2025-01-12T17:07:22","slug":"kristallkraft-coolly","status":"publish","type":"product","link":"https:\/\/xn--pferdundpftchen-itb.de\/woocommerce\/produkt\/kristallkraft-coolly\/","title":{"rendered":"Kristallkraft Coolly"},"content":{"rendered":"<h3><strong>Kristallkraft Coolly \u2013 Nat\u00fcrlicher Magenschutz f\u00fcr dein Pferd<\/strong><\/h3>\n<p>Sch\u00fctze den Magen deines Pferdes auf nat\u00fcrliche Weise mit <strong>Kristallkraft Coolly<\/strong>.<\/p>\n<p><strong>Vorteile im \u00dcberblick:<\/strong><\/p>\n<ul>\n<li><strong>Sanfter Schutz f\u00fcr den Magen:<\/strong> Neutralisiert \u00fcbersch\u00fcssige Magens\u00e4ure und sch\u00fctzt die empfindliche Magenschleimhaut.<\/li>\n<li><strong>Optimiert die Verdauung:<\/strong> Unterst\u00fctzt die Verdauungsprozesse und sorgt f\u00fcr ein ausgeglichenes Magen-Darm-System.<\/li>\n<li><strong>F\u00f6rdert Stressbew\u00e4ltigung:<\/strong> Hilft deinem Pferd, Stress besser zu verarbeiten \u2013 ideal in belastenden Situationen.<\/li>\n<li><strong>Nat\u00fcrlich dopingfrei:<\/strong> Frei von Melasse und ohne dopingrelevante Inhaltsstoffe.<\/li>\n<\/ul>\n<p>Mit <strong>Kristallkraft Coolly<\/strong> bietest du deinem Pferd den optimalen Schutz f\u00fcr Magen und Verdauung \u2013 f\u00fcr mehr Wohlbefinden und Vitalit\u00e4t.<\/p>\n<p><strong>Vertraue auf nat\u00fcrliche L\u00f6sungen f\u00fcr die Gesundheit deines Pferdes!<\/strong><\/p>\n<p>Zusammensetzung: Seealgenmehl (27%), Hefe, Leinkuchen, Johannisbrotschrot, Mariendistel\u00f6l, Kr\u00e4utermischung (2% aus Yucca Schidigera, Angelikawurzel, Fenchel, Kamillenbl\u00fcten, Melissenbl\u00e4tter, Pfefferminzbl\u00e4tter, S\u00fc\u00dfholzwurzel)<\/p>\n<p>F\u00fctterungsempfehlung:<br \/>\n2-3x t\u00e4gl. 1-2 Messbecher a ca. 75g je Gro\u00dfpferd<br \/>\nKleinpferde und Ponys entsprechend weniger<\/p>\n","protected":false},"excerpt":{"rendered":"<p>Kristallkraft Coolly \u2013 Nat\u00fcrlicher Magenschutz f\u00fcr dein Pferd Sch\u00fctze den Magen deines Pferdes auf nat\u00fcrliche Weise mit Kristallkraft Coolly. Vorteile im \u00dcberblick: Sanfter Schutz f\u00fcr den Magen: Neutralisiert \u00fcbersch\u00fcssige Magens\u00e4ure und sch\u00fctzt die empfindliche Magenschleimhaut. Optimiert die Verdauung: Unterst\u00fctzt die Verdauungsprozesse und sorgt f\u00fcr ein ausgeglichenes Magen-Darm-System. F\u00f6rdert Stressbew\u00e4ltigung: Hilft deinem Pferd, Stress besser zu [&hellip;]<\/p>\n","protected":false},"featured_media":918,"comment_status":"open","ping_status":"closed","template":"","meta":[],"product_brand":[],"product_cat":[15,33,56],"product_tag":[],"class_list":{"0":"post-1818","1":"product","2":"type-product","3":"status-publish","4":"has-post-thumbnail","6":"product_cat-pferd","7":"product_cat-magen-verdauung-pferd","8":"product_cat-nerven-stress-pferd","10":"first","11":"instock","12":"taxable","13":"shipping-taxable","14":"purchasable","15":"product-type-simple"},"jetpack_sharing_enabled":true,"_links":{"self":[{"href":"https:\/\/xn--pferdundpftchen-itb.de\/woocommerce\/wp-json\/wp\/v2\/product\/1818","targetHints":{"allow":["GET"]}}],"collection":[{"href":"https:\/\/xn--pferdundpftchen-itb.de\/woocommerce\/wp-json\/wp\/v2\/product"}],"about":[{"href":"https:\/\/xn--pferdundpftchen-itb.de\/woocommerce\/wp-json\/wp\/v2\/types\/product"}],"replies":[{"embeddable":true,"href":"https:\/\/xn--pferdundpftchen-itb.de\/woocommerce\/wp-json\/wp\/v2\/comments?post=1818"}],"wp:featuredmedia":[{"embeddable":true,"href":"https:\/\/xn--pferdundpftchen-itb.de\/woocommerce\/wp-json\/wp\/v2\/media\/918"}],"wp:attachment":[{"href":"https:\/\/xn--pferdundpftchen-itb.de\/woocommerce\/wp-json\/wp\/v2\/media?parent=1818"}],"wp:term":[{"taxonomy":"product_brand","embeddable":true,"href":"https:\/\/xn--pferdundpftchen-itb.de\/woocommerce\/wp-json\/wp\/v2\/product_brand?post=1818"},{"taxonomy":"product_cat","embeddable":true,"href":"https:\/\/xn--pferdundpftchen-itb.de\/woocommerce\/wp-json\/wp\/v2\/product_cat?post=1818"},{"taxonomy":"product_tag","embeddable":true,"href":"https:\/\/xn--pferdundpftchen-itb.de\/woocommerce\/wp-json\/wp\/v2\/product_tag?post=1818"}],"curies":[{"name":"wp","href":"https:\/\/api.w.org\/{rel}","templated":true}]}}