{"id":1819,"date":"2023-07-14T11:38:57","date_gmt":"2023-07-14T09:38:57","guid":{"rendered":"https:\/\/xn--pferdundpftchen-itb.de\/woocommerce\/?post_type=product&#038;p=1819"},"modified":"2025-01-12T18:08:45","modified_gmt":"2025-01-12T17:08:45","slug":"kristallkraft-brave-horse","status":"publish","type":"product","link":"https:\/\/xn--pferdundpftchen-itb.de\/woocommerce\/produkt\/kristallkraft-brave-horse\/","title":{"rendered":"Kristallkraft Brave Horse"},"content":{"rendered":"<h3><strong>Kristallkraft Brave Horse \u2013 Der nat\u00fcrliche Mutmacher f\u00fcr dein Pferd<\/strong><\/h3>\n<p>Schenke deinem Pferd mehr Gelassenheit und innere St\u00e4rke mit <strong>Kristallkraft Brave Horse<\/strong>.<\/p>\n<p><strong>Vorteile im \u00dcberblick:<\/strong><\/p>\n<ul>\n<li><strong>Lindert Angstzust\u00e4nde:<\/strong> Unterst\u00fctzt dein Pferd in stressigen Situationen und hilft, Unsicherheiten abzubauen.<\/li>\n<li><strong>Reduziert Schreckhaftigkeit:<\/strong> F\u00f6rdert Gelassenheit und sorgt f\u00fcr mehr Ruhe im Alltag.<\/li>\n<li><strong>St\u00e4rkt die Resilienz:<\/strong> F\u00fcr eine bessere Stressbew\u00e4ltigung und mentale St\u00e4rke.<\/li>\n<li><strong>Stimmungsaufhellend und konzentrationsf\u00f6rdernd:<\/strong> Reich an L-Tryptophan und Magnesium \u2013 ideal f\u00fcr mehr Fokus und Balance.<\/li>\n<li><strong>Nat\u00fcrlich und vertr\u00e4glich:<\/strong> Getreidefrei, melassefrei und ohne k\u00fcnstliche Zus\u00e4tze.<\/li>\n<\/ul>\n<p>Mit einer <strong>Karenzzeit von 48 Stunden<\/strong> ist Kristallkraft Brave Horse auch f\u00fcr Turnierpferde geeignet.<\/p>\n<p><strong>Der nat\u00fcrliche Weg zu mehr Mut und Ausgeglichenheit f\u00fcr dein Pferd \u2013 probiere es aus!<\/strong><\/p>\n<p>Zusammensetzung: Calcium-Magnesiumcarbonat (31%), Johannisbrotschrot, Leinkuchen, Mariendistel\u00f6l, Kr\u00e4utermischung (2% aus Basilikum, Majoran, Rosmarin und Thymian)<\/p>\n<p>F\u00fctterungsempfehlung:<br \/>\ntempor\u00e4re Gabe: 1-4 Messbecher a ca. 75g t\u00e4gl. je Gro\u00dfpferd<br \/>\nDauergabe: 0,5-2 Messbecher a ca. 75g t\u00e4gl. je Gro\u00dfpferd<br \/>\nKleinpferde und Ponys entsprechend weniger<\/p>\n","protected":false},"excerpt":{"rendered":"<p>Kristallkraft Brave Horse \u2013 Der nat\u00fcrliche Mutmacher f\u00fcr dein Pferd Schenke deinem Pferd mehr Gelassenheit und innere St\u00e4rke mit Kristallkraft Brave Horse. Vorteile im \u00dcberblick: Lindert Angstzust\u00e4nde: Unterst\u00fctzt dein Pferd in stressigen Situationen und hilft, Unsicherheiten abzubauen. Reduziert Schreckhaftigkeit: F\u00f6rdert Gelassenheit und sorgt f\u00fcr mehr Ruhe im Alltag. St\u00e4rkt die Resilienz: F\u00fcr eine bessere Stressbew\u00e4ltigung [&hellip;]<\/p>\n","protected":false},"featured_media":916,"comment_status":"open","ping_status":"closed","template":"","meta":[],"product_brand":[],"product_cat":[15,56],"product_tag":[],"class_list":{"0":"post-1819","1":"product","2":"type-product","3":"status-publish","4":"has-post-thumbnail","6":"product_cat-pferd","7":"product_cat-nerven-stress-pferd","9":"first","10":"instock","11":"taxable","12":"shipping-taxable","13":"purchasable","14":"product-type-simple"},"jetpack_sharing_enabled":true,"_links":{"self":[{"href":"https:\/\/xn--pferdundpftchen-itb.de\/woocommerce\/wp-json\/wp\/v2\/product\/1819","targetHints":{"allow":["GET"]}}],"collection":[{"href":"https:\/\/xn--pferdundpftchen-itb.de\/woocommerce\/wp-json\/wp\/v2\/product"}],"about":[{"href":"https:\/\/xn--pferdundpftchen-itb.de\/woocommerce\/wp-json\/wp\/v2\/types\/product"}],"replies":[{"embeddable":true,"href":"https:\/\/xn--pferdundpftchen-itb.de\/woocommerce\/wp-json\/wp\/v2\/comments?post=1819"}],"wp:featuredmedia":[{"embeddable":true,"href":"https:\/\/xn--pferdundpftchen-itb.de\/woocommerce\/wp-json\/wp\/v2\/media\/916"}],"wp:attachment":[{"href":"https:\/\/xn--pferdundpftchen-itb.de\/woocommerce\/wp-json\/wp\/v2\/media?parent=1819"}],"wp:term":[{"taxonomy":"product_brand","embeddable":true,"href":"https:\/\/xn--pferdundpftchen-itb.de\/woocommerce\/wp-json\/wp\/v2\/product_brand?post=1819"},{"taxonomy":"product_cat","embeddable":true,"href":"https:\/\/xn--pferdundpftchen-itb.de\/woocommerce\/wp-json\/wp\/v2\/product_cat?post=1819"},{"taxonomy":"product_tag","embeddable":true,"href":"https:\/\/xn--pferdundpftchen-itb.de\/woocommerce\/wp-json\/wp\/v2\/product_tag?post=1819"}],"curies":[{"name":"wp","href":"https:\/\/api.w.org\/{rel}","templated":true}]}}