{"id":1821,"date":"2023-07-14T11:40:14","date_gmt":"2023-07-14T09:40:14","guid":{"rendered":"https:\/\/xn--pferdundpftchen-itb.de\/woocommerce\/?post_type=product&#038;p=1821"},"modified":"2025-01-12T18:10:56","modified_gmt":"2025-01-12T17:10:56","slug":"kristallkraft-mental-balance","status":"publish","type":"product","link":"https:\/\/xn--pferdundpftchen-itb.de\/woocommerce\/produkt\/kristallkraft-mental-balance\/","title":{"rendered":"Kristallkraft Mental Balance"},"content":{"rendered":"<h3><strong>Kristallkraft Mental Balance \u2013 F\u00fcr eine ausgeglichene Psyche und starke Nerven<\/strong><\/h3>\n<p>F\u00f6rdere das innere Gleichgewicht deines Pferdes mit <strong>Kristallkraft Mental Balance<\/strong> \u2013 der nat\u00fcrlichen Unterst\u00fctzung f\u00fcr mehr Ruhe, Fokus und Gelassenheit.<\/p>\n<p><strong>Vorteile im \u00dcberblick:<\/strong><\/p>\n<ul>\n<li><strong>Harmonisiert die Psyche:<\/strong> Hilft deinem Pferd, emotional ausgeglichener zu sein und innere Balance zu finden.<\/li>\n<li><strong>Hilft bei Panik und Stress:<\/strong> Unterst\u00fctzt dein Pferd dabei, besser mit belastenden Situationen umzugehen.<\/li>\n<li><strong>Erh\u00f6ht die Leistungsbereitschaft:<\/strong> F\u00f6rdert die mentale St\u00e4rke und sorgt f\u00fcr eine positive Einstellung zu neuen Herausforderungen.<\/li>\n<li><strong>St\u00e4rkt die Nerven:<\/strong> Ideal bei nerv\u00f6sen oder empfindlichen Pferden \u2013 f\u00fcr mehr Gelassenheit im Alltag.<\/li>\n<li><strong>Nat\u00fcrlich dopingfrei:<\/strong> Sicher in der Anwendung und perfekt f\u00fcr Pferde in jedem Einsatzbereich.<\/li>\n<\/ul>\n<p>Vertraue auf die Kraft der Natur und gib deinem Pferd die Unterst\u00fctzung, die es f\u00fcr ein harmonisches und stressfreies Leben braucht. <strong>Kristallkraft Mental Balance \u2013 Weil innere Ruhe der Schl\u00fcssel zu \u00e4u\u00dferer St\u00e4rke ist!<\/strong><\/p>\n<p>Zusammensetzung: Calcium-Magnesiumcarbonat, Leinkuchen, Johannisbrotschrot, Traubenkerne (gemahlen), Mariendistel\u00f6l, wei\u00dfer chinesischer Ginsen, Ashwagandha, Jiaogulan, Rhodiola rosea, Traigawurzel, Tulskikraut<\/p>\n<p>F\u00fctterungsempfehlung:<br \/>\n2-4 Messbecher a ca. 75g t\u00e4gl. Je Gro\u00dfpferd<br \/>\nKleinpferde und Ponys entsprechend weniger<\/p>\n","protected":false},"excerpt":{"rendered":"<p>Kristallkraft Mental Balance \u2013 F\u00fcr eine ausgeglichene Psyche und starke Nerven F\u00f6rdere das innere Gleichgewicht deines Pferdes mit Kristallkraft Mental Balance \u2013 der nat\u00fcrlichen Unterst\u00fctzung f\u00fcr mehr Ruhe, Fokus und Gelassenheit. Vorteile im \u00dcberblick: Harmonisiert die Psyche: Hilft deinem Pferd, emotional ausgeglichener zu sein und innere Balance zu finden. Hilft bei Panik und Stress: Unterst\u00fctzt [&hellip;]<\/p>\n","protected":false},"featured_media":921,"comment_status":"open","ping_status":"closed","template":"","meta":[],"product_brand":[],"product_cat":[15,56],"product_tag":[],"class_list":{"0":"post-1821","1":"product","2":"type-product","3":"status-publish","4":"has-post-thumbnail","6":"product_cat-pferd","7":"product_cat-nerven-stress-pferd","9":"first","10":"instock","11":"taxable","12":"shipping-taxable","13":"purchasable","14":"product-type-simple"},"jetpack_sharing_enabled":true,"_links":{"self":[{"href":"https:\/\/xn--pferdundpftchen-itb.de\/woocommerce\/wp-json\/wp\/v2\/product\/1821","targetHints":{"allow":["GET"]}}],"collection":[{"href":"https:\/\/xn--pferdundpftchen-itb.de\/woocommerce\/wp-json\/wp\/v2\/product"}],"about":[{"href":"https:\/\/xn--pferdundpftchen-itb.de\/woocommerce\/wp-json\/wp\/v2\/types\/product"}],"replies":[{"embeddable":true,"href":"https:\/\/xn--pferdundpftchen-itb.de\/woocommerce\/wp-json\/wp\/v2\/comments?post=1821"}],"wp:featuredmedia":[{"embeddable":true,"href":"https:\/\/xn--pferdundpftchen-itb.de\/woocommerce\/wp-json\/wp\/v2\/media\/921"}],"wp:attachment":[{"href":"https:\/\/xn--pferdundpftchen-itb.de\/woocommerce\/wp-json\/wp\/v2\/media?parent=1821"}],"wp:term":[{"taxonomy":"product_brand","embeddable":true,"href":"https:\/\/xn--pferdundpftchen-itb.de\/woocommerce\/wp-json\/wp\/v2\/product_brand?post=1821"},{"taxonomy":"product_cat","embeddable":true,"href":"https:\/\/xn--pferdundpftchen-itb.de\/woocommerce\/wp-json\/wp\/v2\/product_cat?post=1821"},{"taxonomy":"product_tag","embeddable":true,"href":"https:\/\/xn--pferdundpftchen-itb.de\/woocommerce\/wp-json\/wp\/v2\/product_tag?post=1821"}],"curies":[{"name":"wp","href":"https:\/\/api.w.org\/{rel}","templated":true}]}}