{"id":1822,"date":"2023-07-14T11:41:23","date_gmt":"2023-07-14T09:41:23","guid":{"rendered":"https:\/\/xn--pferdundpftchen-itb.de\/woocommerce\/?post_type=product&#038;p=1822"},"modified":"2025-01-12T18:12:34","modified_gmt":"2025-01-12T17:12:34","slug":"kristallkraft-core","status":"publish","type":"product","link":"https:\/\/xn--pferdundpftchen-itb.de\/woocommerce\/produkt\/kristallkraft-core\/","title":{"rendered":"Kristallkraft Core"},"content":{"rendered":"<h3><strong>Kristallkraft Core \u2013 Die nat\u00fcrliche Herznahrung f\u00fcr dein Pferd<\/strong><\/h3>\n<p>Sorge f\u00fcr ein starkes und gesundes Herz-Kreislauf-System deines Pferdes mit <strong>Kristallkraft Core<\/strong> \u2013 der optimalen Unterst\u00fctzung f\u00fcr Vitalit\u00e4t und Wohlbefinden.<\/p>\n<p><strong>Vorteile im \u00dcberblick:<\/strong><\/p>\n<ul>\n<li><strong>Nat\u00fcrliche Herznahrung:<\/strong> Versorgt dein Pferd mit wichtigen Vitalstoffen und nat\u00fcrlichen Omega-3-Fetts\u00e4uren, um das Herz zu st\u00e4rken und optimal zu unterst\u00fctzen.<\/li>\n<li><strong>Stabilisiert den Kreislauf:<\/strong> Ideal bei Kreislaufschw\u00e4che oder Wetterf\u00fchligkeit, um dein Pferd wieder in Balance zu bringen.<\/li>\n<li><strong>Reich an Antioxidantien:<\/strong> Enth\u00e4lt Vitamin C und Vitamin E, um oxidativen Stress zu reduzieren und die Zellen zu sch\u00fctzen.<\/li>\n<li><strong>Unterst\u00fctzt das Wohlbefinden:<\/strong> Perfekt f\u00fcr Pferde mit einem \u201em\u00fcden Herzen\u201c \u2013 f\u00fcr mehr Energie und Lebensfreude.<\/li>\n<li><strong>Nat\u00fcrlich und sicher:<\/strong> Frei von k\u00fcnstlichen Zusatzstoffen und mit einer Karenzzeit von nur 48 Stunden.<\/li>\n<\/ul>\n<p>Mit <strong>Kristallkraft Core<\/strong> gibst du deinem Pferd die Kraft, die es braucht, um selbst bei Herausforderungen wie Wetterumschw\u00fcngen oder Belastungen vital und ausgeglichen zu bleiben. <strong>Vertraue auf die Kraft der Natur f\u00fcr ein gesundes Herz und mehr Lebensqualit\u00e4t!<\/strong><\/p>\n<p>Zusammensetzung: Chiasaat (zweifach gecrackt, 17%), Johannisbrotschrit, Rote Bete (Granulat, 15%), Gingkobl\u00e4tter (14%), Wei\u00dfdornbl\u00fcten (14%), Traubenkerne (vermahlen, 8%), Wei\u00dfdornbeeren (7%), Kr\u00e4utermischung (0,1% aus Herzgespannkraut und Herzelkraut)<\/p>\n<p>F\u00fctterungsempfehlung:<br \/>\nKurgabe: 1-4 Messbecher a ca. 60g tgl. je Gro\u00dfpferd<br \/>\nDauergabe: 1-2 Messbecher a ca. 60g je Gro\u00dfpferd<br \/>\nKleinpferde und Ponys entsprechend weniger<\/p>\n","protected":false},"excerpt":{"rendered":"<p>Kristallkraft Core \u2013 Die nat\u00fcrliche Herznahrung f\u00fcr dein Pferd Sorge f\u00fcr ein starkes und gesundes Herz-Kreislauf-System deines Pferdes mit Kristallkraft Core \u2013 der optimalen Unterst\u00fctzung f\u00fcr Vitalit\u00e4t und Wohlbefinden. Vorteile im \u00dcberblick: Nat\u00fcrliche Herznahrung: Versorgt dein Pferd mit wichtigen Vitalstoffen und nat\u00fcrlichen Omega-3-Fetts\u00e4uren, um das Herz zu st\u00e4rken und optimal zu unterst\u00fctzen. Stabilisiert den Kreislauf: [&hellip;]<\/p>\n","protected":false},"featured_media":919,"comment_status":"open","ping_status":"closed","template":"","meta":[],"product_brand":[],"product_cat":[15,59],"product_tag":[],"class_list":{"0":"post-1822","1":"product","2":"type-product","3":"status-publish","4":"has-post-thumbnail","6":"product_cat-pferd","7":"product_cat-herz-kreislauf-pferd","9":"first","10":"instock","11":"taxable","12":"shipping-taxable","13":"purchasable","14":"product-type-simple"},"jetpack_sharing_enabled":true,"_links":{"self":[{"href":"https:\/\/xn--pferdundpftchen-itb.de\/woocommerce\/wp-json\/wp\/v2\/product\/1822","targetHints":{"allow":["GET"]}}],"collection":[{"href":"https:\/\/xn--pferdundpftchen-itb.de\/woocommerce\/wp-json\/wp\/v2\/product"}],"about":[{"href":"https:\/\/xn--pferdundpftchen-itb.de\/woocommerce\/wp-json\/wp\/v2\/types\/product"}],"replies":[{"embeddable":true,"href":"https:\/\/xn--pferdundpftchen-itb.de\/woocommerce\/wp-json\/wp\/v2\/comments?post=1822"}],"wp:featuredmedia":[{"embeddable":true,"href":"https:\/\/xn--pferdundpftchen-itb.de\/woocommerce\/wp-json\/wp\/v2\/media\/919"}],"wp:attachment":[{"href":"https:\/\/xn--pferdundpftchen-itb.de\/woocommerce\/wp-json\/wp\/v2\/media?parent=1822"}],"wp:term":[{"taxonomy":"product_brand","embeddable":true,"href":"https:\/\/xn--pferdundpftchen-itb.de\/woocommerce\/wp-json\/wp\/v2\/product_brand?post=1822"},{"taxonomy":"product_cat","embeddable":true,"href":"https:\/\/xn--pferdundpftchen-itb.de\/woocommerce\/wp-json\/wp\/v2\/product_cat?post=1822"},{"taxonomy":"product_tag","embeddable":true,"href":"https:\/\/xn--pferdundpftchen-itb.de\/woocommerce\/wp-json\/wp\/v2\/product_tag?post=1822"}],"curies":[{"name":"wp","href":"https:\/\/api.w.org\/{rel}","templated":true}]}}