{"id":1826,"date":"2023-07-14T11:47:02","date_gmt":"2023-07-14T09:47:02","guid":{"rendered":"https:\/\/xn--pferdundpftchen-itb.de\/woocommerce\/?post_type=product&#038;p=1826"},"modified":"2025-01-12T18:15:15","modified_gmt":"2025-01-12T17:15:15","slug":"kristallkraft-muscolo","status":"publish","type":"product","link":"https:\/\/xn--pferdundpftchen-itb.de\/woocommerce\/produkt\/kristallkraft-muscolo\/","title":{"rendered":"Kristallkraft Muscolo"},"content":{"rendered":"<h3><strong>Kristallkraft Muscolo \u2013 Nat\u00fcrliche Muskelnahrung f\u00fcr dein Pferd<\/strong><\/h3>\n<p>Unterst\u00fctze die Muskulatur deines Pferdes mit <strong>Kristallkraft Muscolo<\/strong> \u2013 der nat\u00fcrlichen Erg\u00e4nzung f\u00fcr einen gesunden und kr\u00e4ftigen Muskelaufbau.<\/p>\n<p><strong>Vorteile im \u00dcberblick:<\/strong><\/p>\n<ul>\n<li><strong>F\u00f6rdert den Muskelaufbau:<\/strong> Liefert essenzielle N\u00e4hrstoffe f\u00fcr starke und belastbare Muskulatur.<\/li>\n<li><strong>Beugt Muskelabbau vor:<\/strong> Ideal f\u00fcr Pferde in der Regeneration, w\u00e4hrend Pausen oder bei altersbedingtem Muskelverlust.<\/li>\n<li><strong>Reich an hochwertigen Proteinen:<\/strong> Mit wertvollen Aminos\u00e4uren f\u00fcr eine optimale Versorgung.<\/li>\n<li><strong>Nat\u00fcrlich und sicher:<\/strong> Frei von Melasse und Dopingstoffen, geeignet f\u00fcr Sport- und Freizeitpferde.<\/li>\n<\/ul>\n<p>Mit <strong>Kristallkraft Muscolo<\/strong> st\u00e4rkst du die Leistungsf\u00e4higkeit deines Pferdes und schaffst die Grundlage f\u00fcr eine gesunde Muskulatur \u2013 perfekt f\u00fcr Training, Wettkampf oder den Erhalt der k\u00f6rperlichen Fitness.<\/p>\n<p>Zusammensetzung: Kartoffel-Protein (33%), Leinkuchen, Johannisbrotschrot, Glycin, Reiskeim\u00f6l, Gamma-Oryzanol (2%)<\/p>\n<p>F\u00fctterungsempfehlung:<br \/>\n1x t\u00e4gl. 1 Messbecher a. ca. 70g je Gro\u00dfpferd<br \/>\nKleinpferde, Ponys und Fohlen (nach dem Absetzen) 1\/2 Messbecher<\/p>\n","protected":false},"excerpt":{"rendered":"<p>Kristallkraft Muscolo \u2013 Nat\u00fcrliche Muskelnahrung f\u00fcr dein Pferd Unterst\u00fctze die Muskulatur deines Pferdes mit Kristallkraft Muscolo \u2013 der nat\u00fcrlichen Erg\u00e4nzung f\u00fcr einen gesunden und kr\u00e4ftigen Muskelaufbau. Vorteile im \u00dcberblick: F\u00f6rdert den Muskelaufbau: Liefert essenzielle N\u00e4hrstoffe f\u00fcr starke und belastbare Muskulatur. Beugt Muskelabbau vor: Ideal f\u00fcr Pferde in der Regeneration, w\u00e4hrend Pausen oder bei altersbedingtem Muskelverlust. [&hellip;]<\/p>\n","protected":false},"featured_media":2093,"comment_status":"open","ping_status":"closed","template":"","meta":[],"product_brand":[],"product_cat":[15,53],"product_tag":[],"class_list":{"0":"post-1826","1":"product","2":"type-product","3":"status-publish","4":"has-post-thumbnail","6":"product_cat-pferd","7":"product_cat-gelenke-bewegungsapparat-pferd","9":"first","10":"instock","11":"taxable","12":"shipping-taxable","13":"purchasable","14":"product-type-simple"},"jetpack_sharing_enabled":true,"_links":{"self":[{"href":"https:\/\/xn--pferdundpftchen-itb.de\/woocommerce\/wp-json\/wp\/v2\/product\/1826","targetHints":{"allow":["GET"]}}],"collection":[{"href":"https:\/\/xn--pferdundpftchen-itb.de\/woocommerce\/wp-json\/wp\/v2\/product"}],"about":[{"href":"https:\/\/xn--pferdundpftchen-itb.de\/woocommerce\/wp-json\/wp\/v2\/types\/product"}],"replies":[{"embeddable":true,"href":"https:\/\/xn--pferdundpftchen-itb.de\/woocommerce\/wp-json\/wp\/v2\/comments?post=1826"}],"wp:featuredmedia":[{"embeddable":true,"href":"https:\/\/xn--pferdundpftchen-itb.de\/woocommerce\/wp-json\/wp\/v2\/media\/2093"}],"wp:attachment":[{"href":"https:\/\/xn--pferdundpftchen-itb.de\/woocommerce\/wp-json\/wp\/v2\/media?parent=1826"}],"wp:term":[{"taxonomy":"product_brand","embeddable":true,"href":"https:\/\/xn--pferdundpftchen-itb.de\/woocommerce\/wp-json\/wp\/v2\/product_brand?post=1826"},{"taxonomy":"product_cat","embeddable":true,"href":"https:\/\/xn--pferdundpftchen-itb.de\/woocommerce\/wp-json\/wp\/v2\/product_cat?post=1826"},{"taxonomy":"product_tag","embeddable":true,"href":"https:\/\/xn--pferdundpftchen-itb.de\/woocommerce\/wp-json\/wp\/v2\/product_tag?post=1826"}],"curies":[{"name":"wp","href":"https:\/\/api.w.org\/{rel}","templated":true}]}}