{"id":2032,"date":"2024-01-04T15:14:25","date_gmt":"2024-01-04T14:14:25","guid":{"rendered":"https:\/\/xn--pferdundpftchen-itb.de\/woocommerce\/?post_type=product&#038;p=2032"},"modified":"2024-01-04T15:14:25","modified_gmt":"2024-01-04T14:14:25","slug":"halstuch-fall-in-love","status":"publish","type":"product","link":"https:\/\/xn--pferdundpftchen-itb.de\/woocommerce\/produkt\/halstuch-fall-in-love\/","title":{"rendered":"Halstuch Fall in Love"},"content":{"rendered":"<p>W\u00e4hle die Farben und Designs nach Lust und Laune.<br \/>\nDurch das dehnbare Material und die elastischen N\u00e4hte ist das Halstuch nach einmaligem Knoten im Handumdrehen an- und wieder ausgezogen. Also das perfekte It-Piece auch f\u00fcr ger\u00e4uschempfindliche Hunde.<\/p>\n<p>F\u00fcr eine optimale Passform sorgen unsere speziellen Schnittmuster. <\/p>\n<p>Waschbar bei 40\u00b0C, Handarbeit aus Deutschland, teilweise mit Wendemotiv <\/p>\n<p>Ma\u00dfe:<br \/>\n    S (ca. 48 cm)<br \/>\n    M (ca. 64 cm)<br \/>\n    L (ca. 75 cm)<\/p>\n<p>Material: \u00d6KO-TEX\u00ae Jersey, 95 % Baumwolle und 5 % Elasthan<\/p>\n","protected":false},"excerpt":{"rendered":"<p>W\u00e4hle die Farben und Designs nach Lust und Laune. Durch das dehnbare Material und die elastischen N\u00e4hte ist das Halstuch nach einmaligem Knoten im Handumdrehen an- und wieder ausgezogen. Also das perfekte It-Piece auch f\u00fcr ger\u00e4uschempfindliche Hunde. F\u00fcr eine optimale Passform sorgen unsere speziellen Schnittmuster. Waschbar bei 40\u00b0C, Handarbeit aus Deutschland, teilweise mit Wendemotiv Ma\u00dfe: [&hellip;]<\/p>\n","protected":false},"featured_media":2016,"comment_status":"open","ping_status":"closed","template":"","meta":[],"product_brand":[],"product_cat":[20,79],"product_tag":[],"class_list":{"0":"post-2032","1":"product","2":"type-product","3":"status-publish","4":"has-post-thumbnail","6":"product_cat-hund","7":"product_cat-zubehoer","9":"first","10":"instock","11":"taxable","12":"shipping-taxable","13":"purchasable","14":"product-type-variable"},"jetpack_sharing_enabled":true,"_links":{"self":[{"href":"https:\/\/xn--pferdundpftchen-itb.de\/woocommerce\/wp-json\/wp\/v2\/product\/2032","targetHints":{"allow":["GET"]}}],"collection":[{"href":"https:\/\/xn--pferdundpftchen-itb.de\/woocommerce\/wp-json\/wp\/v2\/product"}],"about":[{"href":"https:\/\/xn--pferdundpftchen-itb.de\/woocommerce\/wp-json\/wp\/v2\/types\/product"}],"replies":[{"embeddable":true,"href":"https:\/\/xn--pferdundpftchen-itb.de\/woocommerce\/wp-json\/wp\/v2\/comments?post=2032"}],"wp:featuredmedia":[{"embeddable":true,"href":"https:\/\/xn--pferdundpftchen-itb.de\/woocommerce\/wp-json\/wp\/v2\/media\/2016"}],"wp:attachment":[{"href":"https:\/\/xn--pferdundpftchen-itb.de\/woocommerce\/wp-json\/wp\/v2\/media?parent=2032"}],"wp:term":[{"taxonomy":"product_brand","embeddable":true,"href":"https:\/\/xn--pferdundpftchen-itb.de\/woocommerce\/wp-json\/wp\/v2\/product_brand?post=2032"},{"taxonomy":"product_cat","embeddable":true,"href":"https:\/\/xn--pferdundpftchen-itb.de\/woocommerce\/wp-json\/wp\/v2\/product_cat?post=2032"},{"taxonomy":"product_tag","embeddable":true,"href":"https:\/\/xn--pferdundpftchen-itb.de\/woocommerce\/wp-json\/wp\/v2\/product_tag?post=2032"}],"curies":[{"name":"wp","href":"https:\/\/api.w.org\/{rel}","templated":true}]}}