{"id":2072,"date":"2024-02-15T10:16:30","date_gmt":"2024-02-15T09:16:30","guid":{"rendered":"https:\/\/xn--pferdundpftchen-itb.de\/woocommerce\/?post_type=product&#038;p=2072"},"modified":"2024-02-15T10:19:56","modified_gmt":"2024-02-15T09:19:56","slug":"arnika-gel","status":"publish","type":"product","link":"https:\/\/xn--pferdundpftchen-itb.de\/woocommerce\/produkt\/arnika-gel\/","title":{"rendered":"Arnika-Gel"},"content":{"rendered":"<p>Unser Arnika-Gel dient als Unterst\u00fctzung bei der Regeneration von Prellungen, Schwellungen und stumpfen Traumata. Die vielf\u00e4ltigen Effekte werden durch die Ro\u00dfkastanie verst\u00e4rkt und k\u00f6nnen unspezifischen Entz\u00fcndungen abklingen lassen.<\/p>\n<p>Mit Arnika und Ro\u00dfkastanie<br \/>\nAuf pflanzlicher Basis<br \/>\nFrei von Silikon, Paraffin und PEG<br \/>\nOhne Tierversuche<br \/>\nF\u00fcr alle Tierarten<\/p>\n<p>Zusammensetzung: Wasser, Glycerin, Arnikaextrakt, Ro\u00dfkastanienextrakt, Xanthan, Natriumbenzoat, Kaliumsorbat<\/p>\n<p>Anwendung: Gel an den betroffenen Stellen einmassieren. Diesen Vorgang an mehreren Tagen 2- bis 3-mal t\u00e4glich wiederholen und eine d\u00fcnne Schicht auf Fell und Haut lassen.<\/p>\n<p>Inhalt: 100ml<\/p>\n","protected":false},"excerpt":{"rendered":"<p>Unser Arnika-Gel dient als Unterst\u00fctzung bei der Regeneration von Prellungen, Schwellungen und stumpfen Traumata. Die vielf\u00e4ltigen Effekte werden durch die Ro\u00dfkastanie verst\u00e4rkt und k\u00f6nnen unspezifischen Entz\u00fcndungen abklingen lassen. Mit Arnika und Ro\u00dfkastanie Auf pflanzlicher Basis Frei von Silikon, Paraffin und PEG Ohne Tierversuche F\u00fcr alle Tierarten Zusammensetzung: Wasser, Glycerin, Arnikaextrakt, Ro\u00dfkastanienextrakt, Xanthan, Natriumbenzoat, Kaliumsorbat Anwendung: [&hellip;]<\/p>\n","protected":false},"featured_media":698,"comment_status":"open","ping_status":"closed","template":"","meta":[],"product_brand":[],"product_cat":[15,40,53,20,38,51,21,45,52],"product_tag":[],"class_list":{"0":"post-2072","1":"product","2":"type-product","3":"status-publish","4":"has-post-thumbnail","6":"product_cat-pferd","7":"product_cat-pflege-aeusserliche-anwendung-pferd","8":"product_cat-gelenke-bewegungsapparat-pferd","9":"product_cat-hund","10":"product_cat-pflege-aeuserliche-anwendung","11":"product_cat-gelenke-bewegungsapparat","12":"product_cat-katze","13":"product_cat-pflege-aeusserliche-anwendung-katze","14":"product_cat-gelenke-bewegungsapparat-katze","16":"first","17":"instock","18":"taxable","19":"shipping-taxable","20":"purchasable","21":"product-type-simple"},"jetpack_sharing_enabled":true,"_links":{"self":[{"href":"https:\/\/xn--pferdundpftchen-itb.de\/woocommerce\/wp-json\/wp\/v2\/product\/2072","targetHints":{"allow":["GET"]}}],"collection":[{"href":"https:\/\/xn--pferdundpftchen-itb.de\/woocommerce\/wp-json\/wp\/v2\/product"}],"about":[{"href":"https:\/\/xn--pferdundpftchen-itb.de\/woocommerce\/wp-json\/wp\/v2\/types\/product"}],"replies":[{"embeddable":true,"href":"https:\/\/xn--pferdundpftchen-itb.de\/woocommerce\/wp-json\/wp\/v2\/comments?post=2072"}],"wp:featuredmedia":[{"embeddable":true,"href":"https:\/\/xn--pferdundpftchen-itb.de\/woocommerce\/wp-json\/wp\/v2\/media\/698"}],"wp:attachment":[{"href":"https:\/\/xn--pferdundpftchen-itb.de\/woocommerce\/wp-json\/wp\/v2\/media?parent=2072"}],"wp:term":[{"taxonomy":"product_brand","embeddable":true,"href":"https:\/\/xn--pferdundpftchen-itb.de\/woocommerce\/wp-json\/wp\/v2\/product_brand?post=2072"},{"taxonomy":"product_cat","embeddable":true,"href":"https:\/\/xn--pferdundpftchen-itb.de\/woocommerce\/wp-json\/wp\/v2\/product_cat?post=2072"},{"taxonomy":"product_tag","embeddable":true,"href":"https:\/\/xn--pferdundpftchen-itb.de\/woocommerce\/wp-json\/wp\/v2\/product_tag?post=2072"}],"curies":[{"name":"wp","href":"https:\/\/api.w.org\/{rel}","templated":true}]}}