{"id":2079,"date":"2024-02-25T17:39:36","date_gmt":"2024-02-25T16:39:36","guid":{"rendered":"https:\/\/xn--pferdundpftchen-itb.de\/woocommerce\/?post_type=product&#038;p=2079"},"modified":"2025-01-14T20:14:03","modified_gmt":"2025-01-14T19:14:03","slug":"cornett-h","status":"publish","type":"product","link":"https:\/\/xn--pferdundpftchen-itb.de\/woocommerce\/produkt\/cornett-h\/","title":{"rendered":"Cornett +H"},"content":{"rendered":"<h3><strong>Cornett + H \u2013 F\u00fcr ein gesundes, gl\u00e4nzendes Fell und starke Haut<\/strong><\/h3>\n<p><strong>Cornett + H<\/strong> ist genau das Richtige f\u00fcr deinen Hund, um Haut und Fell optimal zu unterst\u00fctzen:<\/p>\n<ul>\n<li><strong>Hochkonzentriertes Biotin:<\/strong> Mit 2.000 mg (2.000.000 mcg) Biotin pro Kilogramm hilfst du deinem Hund, eine gesunde Haut und ein gl\u00e4nzendes Fell zu bekommen.<\/li>\n<li><strong>Kombination wertvoller Inhaltsstoffe:<\/strong>\n<ul>\n<li><strong>Zink<\/strong>: Unterst\u00fctzt die Hautregeneration und st\u00e4rkt das Immunsystem deines Hundes.<\/li>\n<li><strong>Seealgen:<\/strong> Versorgen ihn mit nat\u00fcrlichen Mineralien und Spurenelementen.<\/li>\n<li><strong>Lecithin:<\/strong> F\u00f6rdert die Zellgesundheit und den Fettstoffwechsel.<\/li>\n<li><strong>Bierhefe und Kieselerde:<\/strong> Sorgen f\u00fcr eine feste Haarstruktur und gesunde Haut.<\/li>\n<\/ul>\n<\/li>\n<li><strong>Effekte:<\/strong>\n<ul>\n<li>Unterst\u00fctzt deinen Hund bei einem schnellen und problemlosen Fellwechsel.<\/li>\n<li>Verleiht ihm ein seidig gl\u00e4nzendes Fell.<\/li>\n<li>Hilft dabei, die Haut glatt und schuppenfrei zu halten.<\/li>\n<\/ul>\n<\/li>\n<\/ul>\n<p>Gib deinem Hund mit <strong>Cornett + H<\/strong> alles, was er f\u00fcr ein vitales und sch\u00f6nes Aussehen braucht!<\/p>\n<p>Zusammensetzung: Sonnenblumen-Lecithin (GVO-frei), Bierhefe, Seealgenmehl.<\/p>\n<p>F\u00fctterungsempfehlung: Geben Sie w\u00e4hrend des Haarwechsels, nach dem Absetzen der Welpen und bei Fellproblemen t\u00e4glich Cornett + H. Hunde bis 5 kg 2,5 g, bis 10 kg Gewicht 5 g. Schwerere Hunde erhalten 10 bis h\u00f6chstens 15 g.<br \/>\nDer gro\u00dfe Messl\u00f6ffel fasst 12 g, der kleine Messl\u00f6ffel 2 g.<br \/>\nWegen dem gegen\u00fcber Alleinfuttern erh\u00f6hten Gehalt an Zusatzstoffen, sollte Cornett + H mit max. 1 % der Tagesration verf\u00fcttert werden.<\/p>\n","protected":false},"excerpt":{"rendered":"<p>Cornett + H \u2013 F\u00fcr ein gesundes, gl\u00e4nzendes Fell und starke Haut Cornett + H ist genau das Richtige f\u00fcr deinen Hund, um Haut und Fell optimal zu unterst\u00fctzen: Hochkonzentriertes Biotin: Mit 2.000 mg (2.000.000 mcg) Biotin pro Kilogramm hilfst du deinem Hund, eine gesunde Haut und ein gl\u00e4nzendes Fell zu bekommen. Kombination wertvoller Inhaltsstoffe: [&hellip;]<\/p>\n","protected":false},"featured_media":712,"comment_status":"open","ping_status":"closed","template":"","meta":[],"product_brand":[],"product_cat":[20,43],"product_tag":[],"class_list":{"0":"post-2079","1":"product","2":"type-product","3":"status-publish","4":"has-post-thumbnail","6":"product_cat-hund","7":"product_cat-haut-fell","9":"first","10":"instock","11":"taxable","12":"shipping-taxable","13":"purchasable","14":"product-type-variable"},"jetpack_sharing_enabled":true,"_links":{"self":[{"href":"https:\/\/xn--pferdundpftchen-itb.de\/woocommerce\/wp-json\/wp\/v2\/product\/2079","targetHints":{"allow":["GET"]}}],"collection":[{"href":"https:\/\/xn--pferdundpftchen-itb.de\/woocommerce\/wp-json\/wp\/v2\/product"}],"about":[{"href":"https:\/\/xn--pferdundpftchen-itb.de\/woocommerce\/wp-json\/wp\/v2\/types\/product"}],"replies":[{"embeddable":true,"href":"https:\/\/xn--pferdundpftchen-itb.de\/woocommerce\/wp-json\/wp\/v2\/comments?post=2079"}],"wp:featuredmedia":[{"embeddable":true,"href":"https:\/\/xn--pferdundpftchen-itb.de\/woocommerce\/wp-json\/wp\/v2\/media\/712"}],"wp:attachment":[{"href":"https:\/\/xn--pferdundpftchen-itb.de\/woocommerce\/wp-json\/wp\/v2\/media?parent=2079"}],"wp:term":[{"taxonomy":"product_brand","embeddable":true,"href":"https:\/\/xn--pferdundpftchen-itb.de\/woocommerce\/wp-json\/wp\/v2\/product_brand?post=2079"},{"taxonomy":"product_cat","embeddable":true,"href":"https:\/\/xn--pferdundpftchen-itb.de\/woocommerce\/wp-json\/wp\/v2\/product_cat?post=2079"},{"taxonomy":"product_tag","embeddable":true,"href":"https:\/\/xn--pferdundpftchen-itb.de\/woocommerce\/wp-json\/wp\/v2\/product_tag?post=2079"}],"curies":[{"name":"wp","href":"https:\/\/api.w.org\/{rel}","templated":true}]}}