{"id":2094,"date":"2024-03-08T10:32:11","date_gmt":"2024-03-08T09:32:11","guid":{"rendered":"https:\/\/xn--pferdundpftchen-itb.de\/woocommerce\/?post_type=product&#038;p=2094"},"modified":"2025-01-07T16:59:18","modified_gmt":"2025-01-07T15:59:18","slug":"ropro-streu-pflanzenkohle","status":"publish","type":"product","link":"https:\/\/xn--pferdundpftchen-itb.de\/woocommerce\/produkt\/ropro-streu-pflanzenkohle\/","title":{"rendered":"RoPro-Streu Pflanzenkohle"},"content":{"rendered":"<div class=\"flex-shrink-0 flex flex-col relative items-end\">\n<div>\n<div class=\"pt-0\">\n<div class=\"gizmo-bot-avatar flex h-8 w-8 items-center justify-center overflow-hidden rounded-full\">\n<div class=\"relative p-1 rounded-sm flex items-center justify-center bg-token-main-surface-primary text-token-text-primary h-8 w-8\"><\/div>\n<\/div>\n<\/div>\n<\/div>\n<\/div>\n<div class=\"group\/conversation-turn relative flex w-full min-w-0 flex-col agent-turn\">\n<div class=\"flex-col gap-1 md:gap-3\">\n<div class=\"flex max-w-full flex-col flex-grow\">\n<div class=\"min-h-8 text-message flex w-full flex-col items-end gap-2 whitespace-normal break-words text-start [.text-message+&amp;]:mt-5\" dir=\"auto\" data-message-author-role=\"assistant\" data-message-id=\"ebc4e267-6c96-4b19-9b28-0c7634f9f090\" data-message-model-slug=\"gpt-4o-mini\">\n<div class=\"flex w-full flex-col gap-1 empty:hidden first:pt-[3px]\">\n<div class=\"markdown prose w-full break-words dark:prose-invert light\">\n<p><strong>RoPro-Streu Pflanzenkohle \u2013 Deine nat\u00fcrliche L\u00f6sung f\u00fcr Stall und Bodenpflege<\/strong><\/p>\n<p>Verleihe deinem Stall und deinem Paddock mit <strong>RoPro-Streu Pflanzenkohle<\/strong> ein nachhaltiges Upgrade! Unsere voraktivierte Pflanzenkohle ist das ideale Mittel, um <strong>Ger\u00fcche zu regulieren<\/strong>, <strong>Feuchtigkeit zu binden<\/strong> und die <strong>Bodenqualit\u00e4t<\/strong> zu verbessern \u2013 und das ganz nat\u00fcrlich. Sie ist nicht nur umweltfreundlich, sondern auch \u00e4u\u00dferst effektiv und f\u00f6rdert das Wohlbefinden deiner Tiere.<\/p>\n<p><strong>Was macht die RoPro-Streu so besonders?<\/strong><br \/>\nDie <strong>RoPro-Streu<\/strong> ist eine speziell behandelte Pflanzenkohle, die in einem einzigartigen Prozess in ihrer Struktur mit <strong>Effektiven Mikroorganismen<\/strong> besiedelt wird. Diese <strong>Mikroben-Mischung<\/strong> sorgt daf\u00fcr, dass die Kohle <strong>schneller N\u00e4hrstoffe aufnimmt<\/strong>, sie <strong>langfristig speichert<\/strong> und eine <strong>schnelle N\u00e4hrstoffpufferung<\/strong> erm\u00f6glicht. So bleibt dein Stall nicht nur sauberer, sondern es wird auch die Bodenqualit\u00e4t nachhaltig verbessert.<\/p>\n<p><strong>Die Vorteile der RoPro-Streu Pflanzenkohle auf einen Blick:<\/strong><\/p>\n<p>\u2013 <strong>Regulierung von Ger\u00fcchen und Feuchtigkeit:<\/strong> Reduziert unangenehme Stallger\u00fcche und sorgt f\u00fcr ein besseres Raumklima.<br \/>\n\u2013 <strong>F\u00f6rderung der Humusbildung:<\/strong> Ideal f\u00fcr Misthaufen \u2013 hilft beim Aufbau von gesundem, n\u00e4hrstoffreichem Humus.<br \/>\n\u2013 <strong>Unterst\u00fctzung f\u00fcr Tiere mit empfindlichen Atemwegen:<\/strong> Besonders bei <strong>atempwegbelasteten Pferden<\/strong> oder Tieren, die zu <strong>Strahlf\u00e4ule<\/strong> neigen, kann die Streu unterst\u00fctzend wirken, da sie <strong>F\u00e4ulnisbakterien<\/strong> im Stall reduziert.<br \/>\n\u2013 <strong>Bodenverbesserung:<\/strong> Ideal f\u00fcr den Einsatz auf <strong>Paddocks<\/strong> oder <strong>Wiesen<\/strong>, um die <strong>Bodenstruktur zu verbessern<\/strong> und die <strong>Wasserspeicherf\u00e4higkeit<\/strong> zu erh\u00f6hen.<br \/>\n\u2013 <strong>Nachhaltigkeit und Qualit\u00e4t:<\/strong> Die Kohle wird in Deutschland produziert und regelm\u00e4\u00dfig auf <strong>PAK<\/strong> (Polyzyklische Aromatische Kohlenwasserstoffe) getestet, um eine hohe Qualit\u00e4t sicherzustellen.<\/p>\n<p><strong>So funktioniert\u2019s:<\/strong><br \/>\nDie RoPro-Streu wird mit <strong>EM-aktiv<\/strong>, <strong>RoPro-Lit<\/strong> und <strong>Zuckerrohrmelasse<\/strong> als Erstnahrung vermischt und abgef\u00fcllt. Durch die <strong>zweij\u00e4hrige Lagerung<\/strong> im Freien und die kontinuierliche Bel\u00fcftung wird die Pflanzenkohle mikrobiologisch voraktiviert, sodass sie nicht nur auf der Oberfl\u00e4che, sondern in ihrer gesamten Struktur von einem <strong>Mikrobennetzwerk<\/strong> durchzogen ist. Das macht die Kohle <strong>lebendig<\/strong> und <strong>reagiert<\/strong> besonders schnell auf die Bed\u00fcrfnisse des Bodens und der Stallumgebung.<\/p>\n<p><strong>Warum solltest du RoPro-Streu verwenden?<\/strong><br \/>\n\u2013 <strong>Hohe Bindungsf\u00e4higkeit<\/strong> und <strong>bessere N\u00e4hrstoffaustauschkapazit\u00e4t<\/strong> im Vergleich zu \u201efrischer\u201c Kohle.<br \/>\n\u2013 <strong>Erh\u00f6htes Potenzial zur Humusbildung<\/strong>, was den Boden n\u00e4hrstoffreicher macht.<br \/>\n\u2013 <strong>Mikrobiell aktivierte Kohle<\/strong> sorgt f\u00fcr eine lebendige und dynamische Umgebung im Stall und auf dem Paddock.<br \/>\n\u2013 <strong>F\u00f6rdert die Gesundheit<\/strong> deiner Tiere durch eine saubere, geruchsfreie Umgebung und weniger Bakterienbelastung.<\/p>\n<p><strong>Anwendung:<\/strong><br \/>\nStreue die RoPro-Streu einfach im Stall, auf deinem Paddock oder auf Wiesen aus. Du kannst sie auch mit <strong>Waldboden oder anderen Materialien<\/strong> mischen, um die Wirkung zu verst\u00e4rken. Besonders effektiv ist sie bei regelm\u00e4\u00dfigem Einsatz, um eine nachhaltige Verbesserung der Boden- und Stallbedingungen zu erreichen.<\/p>\n<p><strong>Fazit:<\/strong><br \/>\nDie <strong>RoPro-Streu Pflanzenkohle<\/strong> ist der nat\u00fcrliche Helfer, den du f\u00fcr deinen Stall und Boden brauchst. Sie bietet eine <strong>effektive Geruchs- und Feuchtigkeitsregulierung<\/strong>, unterst\u00fctzt den <strong>Humusaufbau<\/strong> und verbessert die <strong>Bodenqualit\u00e4t<\/strong> \u2013 und das alles durch die Kraft der <strong>Effektiven Mikroorganismen<\/strong>. Zudem sch\u00fctzt sie deine Tiere vor sch\u00e4dlichen Bakterien und schafft eine gesunde Umgebung f\u00fcr ihre Entwicklung.<\/p>\n<p><strong>RoPro-Streu Pflanzenkohle \u2013 F\u00fcr einen gesunden Stall und ein besseres Bodenklima.<\/strong><\/p>\n<\/div>\n<\/div>\n<\/div>\n<\/div>\n<\/div>\n<\/div>\n<p>Anwendung: RoPro-Streu wird w\u00f6chentlich bis t\u00e4glich (je nach Bedarf) in Box \/ Stall gestreut. Die Menge h\u00e4ngt von Geruchsbelastung, Masse und Feuchtigkeit ab. Zus\u00e4tzlich kann EM (effektive Mikroorganismen) gespr\u00fcht werden. Gut eignet sich hierf\u00fcr z.B. EM blond, was ebenfalls in unserem Shop erh\u00e4ltlich ist.<\/p>\n","protected":false},"excerpt":{"rendered":"<p>RoPro-Streu Pflanzenkohle \u2013 Deine nat\u00fcrliche L\u00f6sung f\u00fcr Stall und Bodenpflege Verleihe deinem Stall und deinem Paddock mit RoPro-Streu Pflanzenkohle ein nachhaltiges Upgrade! Unsere voraktivierte Pflanzenkohle ist das ideale Mittel, um Ger\u00fcche zu regulieren, Feuchtigkeit zu binden und die Bodenqualit\u00e4t zu verbessern \u2013 und das ganz nat\u00fcrlich. Sie ist nicht nur umweltfreundlich, sondern auch \u00e4u\u00dferst effektiv [&hellip;]<\/p>\n","protected":false},"featured_media":2095,"comment_status":"open","ping_status":"closed","template":"","meta":[],"product_brand":[],"product_cat":[15,81,35],"product_tag":[],"class_list":{"0":"post-2094","1":"product","2":"type-product","3":"status-publish","4":"has-post-thumbnail","6":"product_cat-pferd","7":"product_cat-zubehoer-pferd","8":"product_cat-atemwege-lunge","10":"first","11":"instock","12":"taxable","13":"shipping-taxable","14":"purchasable","15":"product-type-simple"},"jetpack_sharing_enabled":true,"_links":{"self":[{"href":"https:\/\/xn--pferdundpftchen-itb.de\/woocommerce\/wp-json\/wp\/v2\/product\/2094","targetHints":{"allow":["GET"]}}],"collection":[{"href":"https:\/\/xn--pferdundpftchen-itb.de\/woocommerce\/wp-json\/wp\/v2\/product"}],"about":[{"href":"https:\/\/xn--pferdundpftchen-itb.de\/woocommerce\/wp-json\/wp\/v2\/types\/product"}],"replies":[{"embeddable":true,"href":"https:\/\/xn--pferdundpftchen-itb.de\/woocommerce\/wp-json\/wp\/v2\/comments?post=2094"}],"wp:featuredmedia":[{"embeddable":true,"href":"https:\/\/xn--pferdundpftchen-itb.de\/woocommerce\/wp-json\/wp\/v2\/media\/2095"}],"wp:attachment":[{"href":"https:\/\/xn--pferdundpftchen-itb.de\/woocommerce\/wp-json\/wp\/v2\/media?parent=2094"}],"wp:term":[{"taxonomy":"product_brand","embeddable":true,"href":"https:\/\/xn--pferdundpftchen-itb.de\/woocommerce\/wp-json\/wp\/v2\/product_brand?post=2094"},{"taxonomy":"product_cat","embeddable":true,"href":"https:\/\/xn--pferdundpftchen-itb.de\/woocommerce\/wp-json\/wp\/v2\/product_cat?post=2094"},{"taxonomy":"product_tag","embeddable":true,"href":"https:\/\/xn--pferdundpftchen-itb.de\/woocommerce\/wp-json\/wp\/v2\/product_tag?post=2094"}],"curies":[{"name":"wp","href":"https:\/\/api.w.org\/{rel}","templated":true}]}}