{"id":2103,"date":"2024-03-13T14:50:22","date_gmt":"2024-03-13T13:50:22","guid":{"rendered":"https:\/\/xn--pferdundpftchen-itb.de\/woocommerce\/?post_type=product&#038;p=2103"},"modified":"2025-01-12T17:45:00","modified_gmt":"2025-01-12T16:45:00","slug":"maulbutter","status":"publish","type":"product","link":"https:\/\/xn--pferdundpftchen-itb.de\/woocommerce\/produkt\/maulbutter\/","title":{"rendered":"Maulbutter"},"content":{"rendered":"<h3>Maulbutter \u2013 Nat\u00fcrliche Pflege f\u00fcr das Pferdemaul<\/h3>\n<p>Sensible Maulwinkel, trockene Hautpartien oder gereizte Bereiche rund um die N\u00fcstern? Die <strong>Maulbutter<\/strong> ist die perfekte L\u00f6sung f\u00fcr eine sanfte und effektive Pflege deines Pferdes.<\/p>\n<p>Sie sch\u00fctzt und beruhigt spr\u00f6de Hautpartien, unterst\u00fctzt den Wundheilungsprozess und sorgt f\u00fcr ein angenehmes Gef\u00fchl \u2013 besonders im Maulbereich. Durch die regelm\u00e4\u00dfige Anwendung wird das Pferdemaul optimal gepflegt, und das Tragen von Gebissen wird f\u00fcr dein Pferd sp\u00fcrbar angenehmer, da Druckstellen und Reibungen effektiv minimiert werden.<\/p>\n<p><strong>Vorteile auf einen Blick:<\/strong><\/p>\n<ul>\n<li>Pflege und Schutz f\u00fcr Maulwinkel und empfindliche Hautpartien<\/li>\n<li>F\u00f6rderung der Wundheilung durch nat\u00fcrliche Inhaltsstoffe<\/li>\n<li>Angenehmeres Tragen von Gebissen dank reduzierter Reibung<\/li>\n<\/ul>\n<p>Die Maulbutter besteht ausschlie\u00dflich aus <strong>nat\u00fcrlichen Inhaltsstoffen<\/strong> wie Sheabutter, Bienenwachs und Ringelblumen\u00f6l. Auf Geschmacks-, Aroma- und Duftstoffe wurde bewusst verzichtet, um Irritationen zu vermeiden und deinem Pferd das Beste zu bieten. Hergestellt in Deutschland, vereint die Maulbutter Qualit\u00e4t und Nachhaltigkeit in einem Produkt.<\/p>\n<p><strong>Inhalt:<\/strong> 150 ml<\/p>\n<p><strong>Verw\u00f6hne dein Pferd mit sanfter Pflege \u2013 f\u00fcr ein gl\u00fcckliches und gesundes Pferdemaul!<\/strong><\/p>\n<p>Zusammensetzung: Kakaobutter, Sheabutter, Bienenwachs, Ringelblumen\u00f6l, Glycerin, Allantoin, Propolis<\/p>\n<p>Anwendung: Die Maulbutter ist gebrauchsfertig. Einfach die Maulwinkel des Pferdes vor und nach dem Reiten mit dem Balsam einreiben \u2013 fertig. Auch f\u00fcr trockene Hautstellen und sensible Pferde ist die Maulbutter optimal geeignet.<\/p>\n","protected":false},"excerpt":{"rendered":"<p>Maulbutter \u2013 Nat\u00fcrliche Pflege f\u00fcr das Pferdemaul Sensible Maulwinkel, trockene Hautpartien oder gereizte Bereiche rund um die N\u00fcstern? Die Maulbutter ist die perfekte L\u00f6sung f\u00fcr eine sanfte und effektive Pflege deines Pferdes. Sie sch\u00fctzt und beruhigt spr\u00f6de Hautpartien, unterst\u00fctzt den Wundheilungsprozess und sorgt f\u00fcr ein angenehmes Gef\u00fchl \u2013 besonders im Maulbereich. Durch die regelm\u00e4\u00dfige Anwendung [&hellip;]<\/p>\n","protected":false},"featured_media":2104,"comment_status":"open","ping_status":"closed","template":"","meta":[],"product_brand":[],"product_cat":[15,40,73,46],"product_tag":[],"class_list":{"0":"post-2103","1":"product","2":"type-product","3":"status-publish","4":"has-post-thumbnail","6":"product_cat-pferd","7":"product_cat-pflege-aeusserliche-anwendung-pferd","8":"product_cat-zaehne-maul-pferd","9":"product_cat-haut-fell-pferd","11":"first","12":"instock","13":"taxable","14":"shipping-taxable","15":"purchasable","16":"product-type-simple"},"jetpack_sharing_enabled":true,"_links":{"self":[{"href":"https:\/\/xn--pferdundpftchen-itb.de\/woocommerce\/wp-json\/wp\/v2\/product\/2103","targetHints":{"allow":["GET"]}}],"collection":[{"href":"https:\/\/xn--pferdundpftchen-itb.de\/woocommerce\/wp-json\/wp\/v2\/product"}],"about":[{"href":"https:\/\/xn--pferdundpftchen-itb.de\/woocommerce\/wp-json\/wp\/v2\/types\/product"}],"replies":[{"embeddable":true,"href":"https:\/\/xn--pferdundpftchen-itb.de\/woocommerce\/wp-json\/wp\/v2\/comments?post=2103"}],"wp:featuredmedia":[{"embeddable":true,"href":"https:\/\/xn--pferdundpftchen-itb.de\/woocommerce\/wp-json\/wp\/v2\/media\/2104"}],"wp:attachment":[{"href":"https:\/\/xn--pferdundpftchen-itb.de\/woocommerce\/wp-json\/wp\/v2\/media?parent=2103"}],"wp:term":[{"taxonomy":"product_brand","embeddable":true,"href":"https:\/\/xn--pferdundpftchen-itb.de\/woocommerce\/wp-json\/wp\/v2\/product_brand?post=2103"},{"taxonomy":"product_cat","embeddable":true,"href":"https:\/\/xn--pferdundpftchen-itb.de\/woocommerce\/wp-json\/wp\/v2\/product_cat?post=2103"},{"taxonomy":"product_tag","embeddable":true,"href":"https:\/\/xn--pferdundpftchen-itb.de\/woocommerce\/wp-json\/wp\/v2\/product_tag?post=2103"}],"curies":[{"name":"wp","href":"https:\/\/api.w.org\/{rel}","templated":true}]}}