{"id":2105,"date":"2024-03-13T15:02:17","date_gmt":"2024-03-13T14:02:17","guid":{"rendered":"https:\/\/xn--pferdundpftchen-itb.de\/woocommerce\/?post_type=product&#038;p=2105"},"modified":"2025-01-25T18:55:34","modified_gmt":"2025-01-25T17:55:34","slug":"ekzem-creme-plus","status":"publish","type":"product","link":"https:\/\/xn--pferdundpftchen-itb.de\/woocommerce\/produkt\/ekzem-creme-plus\/","title":{"rendered":"Ekzem Creme Plus"},"content":{"rendered":"<p><strong>Annimally Ekzem Creme Plus \u2013 Soforthilfe bei Hautirritationen &amp; Ekzemen<\/strong><\/p>\n<p>Die <strong>Ekzem Creme Plus<\/strong> von Annimally ist der zuverl\u00e4ssige Helfer bei (Sommer)Ekzemen, Raspe, Mauke, Juckreiz und anderen Hautirritationen. Sie wirkt schnell und effektiv, um den Juckreiz zu lindern, die Haut zu pflegen und das ganz ohne Cortison.<\/p>\n<p>\ud83c\udf3f <strong>D-Panthenol &amp; Kamillen\u00f6l<\/strong> \u2013 beruhigen irritierte Hautstellen schonend und f\u00f6rdern die Heilung.<br \/>\n\ud83d\udca7 <strong>Hautpflege ohne Cortison<\/strong> \u2013 ideal f\u00fcr die sanfte Pflege empfindlicher Haut.<br \/>\n\ud83e\ude79 <strong>F\u00f6rdert die Wundheilung<\/strong> \u2013 unterst\u00fctzt die Regeneration und hilft bei der schnellen Heilung von Hautverletzungen.<br \/>\n\u274c <strong>Ohne Konservierungsstoffe &amp; Emulgatoren<\/strong> \u2013 ideal f\u00fcr sensible Pferde und empfindliche Haut.<br \/>\n\ud83c\udde9\ud83c\uddea <strong>In Deutschland hergestellt<\/strong> \u2013 h\u00f6chste Qualit\u00e4t und Zuverl\u00e4ssigkeit.<\/p>\n<p>Die Ekzem Creme Plus ist <strong>dauerhaft anwendbar<\/strong>, auch auf offenen Stellen, und sorgt f\u00fcr eine schnelle Linderung des Juckreizes. Sie verhindert das erneute Scheuern und Kratzen und tr\u00e4gt zu einer schnellen Regeneration bei \u2013 f\u00fcr ein rundum gutes Gef\u00fchl und eine gesunde Haut deines Pferdes.<\/p>\n<p>Vertraue auf die <strong>Ekzem Creme Plus<\/strong> von Annimally und sorge f\u00fcr wohltuende Hilfe bei Hautproblemen!<\/p>\n<p>Inhalt: 500ml<\/p>\n<p>Zusammensetzung: Salbengrundlage, demi. Wasser, D-Panthenol, Kamillen\u00f6l, Orangen\u00f6l, Zitronen\u00f6l, Vanille, Minz\u00f6l, Magnesiumsulfat-Verbindung<\/p>\n<p>Anwendung: Die Ekzem Creme ist gebrauchsfertig und wird nach Bedarf 1-2x t\u00e4glich auf die betroffenen Hautpartien auftragen. Achte dabei darauf, dass Du die Creme-Schicht m\u00f6glichst d\u00fcnn auf der Hautoberfl\u00e4che verteilst. Die Creme kann auch auf Wunden und offenen Hautstellen angewendet werden. Eine Karenzzeit ist nicht zu beachten.<\/p>\n<p>Achtung: Die Ekzem Creme Plus ist nur f\u00fcr die \u00e4u\u00dferliche Anwendung geeignet. Empfindliche K\u00f6rperstellen wie Augen, Ohren, N\u00fcstern und Schleimh\u00e4ute bei der Behandlung deshalb unbedingt aussparen.<\/p>\n","protected":false},"excerpt":{"rendered":"<p>Annimally Ekzem Creme Plus \u2013 Soforthilfe bei Hautirritationen &amp; Ekzemen Die Ekzem Creme Plus von Annimally ist der zuverl\u00e4ssige Helfer bei (Sommer)Ekzemen, Raspe, Mauke, Juckreiz und anderen Hautirritationen. Sie wirkt schnell und effektiv, um den Juckreiz zu lindern, die Haut zu pflegen und das ganz ohne Cortison. \ud83c\udf3f D-Panthenol &amp; Kamillen\u00f6l \u2013 beruhigen irritierte Hautstellen [&hellip;]<\/p>\n","protected":false},"featured_media":2106,"comment_status":"open","ping_status":"closed","template":"","meta":[],"product_brand":[],"product_cat":[15,40,46],"product_tag":[],"class_list":{"0":"post-2105","1":"product","2":"type-product","3":"status-publish","4":"has-post-thumbnail","6":"product_cat-pferd","7":"product_cat-pflege-aeusserliche-anwendung-pferd","8":"product_cat-haut-fell-pferd","10":"first","11":"instock","12":"taxable","13":"shipping-taxable","14":"purchasable","15":"product-type-simple"},"jetpack_sharing_enabled":true,"_links":{"self":[{"href":"https:\/\/xn--pferdundpftchen-itb.de\/woocommerce\/wp-json\/wp\/v2\/product\/2105","targetHints":{"allow":["GET"]}}],"collection":[{"href":"https:\/\/xn--pferdundpftchen-itb.de\/woocommerce\/wp-json\/wp\/v2\/product"}],"about":[{"href":"https:\/\/xn--pferdundpftchen-itb.de\/woocommerce\/wp-json\/wp\/v2\/types\/product"}],"replies":[{"embeddable":true,"href":"https:\/\/xn--pferdundpftchen-itb.de\/woocommerce\/wp-json\/wp\/v2\/comments?post=2105"}],"wp:featuredmedia":[{"embeddable":true,"href":"https:\/\/xn--pferdundpftchen-itb.de\/woocommerce\/wp-json\/wp\/v2\/media\/2106"}],"wp:attachment":[{"href":"https:\/\/xn--pferdundpftchen-itb.de\/woocommerce\/wp-json\/wp\/v2\/media?parent=2105"}],"wp:term":[{"taxonomy":"product_brand","embeddable":true,"href":"https:\/\/xn--pferdundpftchen-itb.de\/woocommerce\/wp-json\/wp\/v2\/product_brand?post=2105"},{"taxonomy":"product_cat","embeddable":true,"href":"https:\/\/xn--pferdundpftchen-itb.de\/woocommerce\/wp-json\/wp\/v2\/product_cat?post=2105"},{"taxonomy":"product_tag","embeddable":true,"href":"https:\/\/xn--pferdundpftchen-itb.de\/woocommerce\/wp-json\/wp\/v2\/product_tag?post=2105"}],"curies":[{"name":"wp","href":"https:\/\/api.w.org\/{rel}","templated":true}]}}