{"id":2107,"date":"2024-03-13T15:58:04","date_gmt":"2024-03-13T14:58:04","guid":{"rendered":"https:\/\/xn--pferdundpftchen-itb.de\/woocommerce\/?post_type=product&#038;p=2107"},"modified":"2025-01-25T18:56:46","modified_gmt":"2025-01-25T17:56:46","slug":"tonerde-paste","status":"publish","type":"product","link":"https:\/\/xn--pferdundpftchen-itb.de\/woocommerce\/produkt\/tonerde-paste\/","title":{"rendered":"Tonerde Paste"},"content":{"rendered":"<p><strong>Annimally Tonerde Paste \u2013 Nat\u00fcrliche Regeneration f\u00fcr Sehnen, B\u00e4nder, Muskeln und Gelenke<\/strong><\/p>\n<p>Die <strong>Tonerde Paste<\/strong> von Annimally ist dein idealer Partner zur Unterst\u00fctzung bei beanspruchten Sehnen, B\u00e4ndern, Muskeln und Gelenken \u2013 und auch bei Insektenstichen, Prellungen und Verstauchungen. Sie f\u00f6rdert die schnelle Erholung und tr\u00e4gt zur Steigerung der Vitalit\u00e4t und Leistungsbereitschaft deines Pferdes bei.<\/p>\n<p>\ud83c\udf3f <strong>Arnika, Kamille &amp; Menthol<\/strong> \u2013 wertvolle Kr\u00e4uterextrakte sorgen f\u00fcr eine wohltuende Wirkung und f\u00f6rdern die Regeneration.<br \/>\n\u2696\ufe0f <strong>Reguliert die Fl\u00fcssigkeitsverteilung<\/strong> \u2013 mindert Schwellungen auf nat\u00fcrliche Weise und unterst\u00fctzt den Heilungsprozess.<br \/>\n\u2744\ufe0f <strong>Kalt- &amp; Warmanwendung<\/strong> \u2013 f\u00fcr optimale Anpassung an die jeweilige Situation.<br \/>\n\ud83e\uddf4 <strong>Einfache Anwendung<\/strong> \u2013 sorgt f\u00fcr eine schnelle und gezielte Hilfe.<br \/>\n\ud83c\udf31 <strong>Mineralstoffe &amp; Spurenelemente<\/strong> \u2013 st\u00e4rken die Haut und das Gewebe.<br \/>\n\ud83d\udc34 <strong>Ideal f\u00fcr empfindliche Pferde<\/strong> \u2013 hautfreundlich und gut vertr\u00e4glich.<br \/>\n\ud83c\udde9\ud83c\uddea <strong>In Deutschland hergestellt<\/strong> \u2013 h\u00f6chste Qualit\u00e4t und Nachhaltigkeit.<\/p>\n<p>Vertraue auf die <strong>Tonerde Paste<\/strong> von Annimally und unterst\u00fctze dein Pferd bei der Regeneration nach intensiver Belastung oder Verletzungen. F\u00fcr schnelle Hilfe, mehr Wohlbefinden und eine gesteigerte Leistungsf\u00e4higkeit!<\/p>\n<p>Zusammensetzung: Illit, Aqua, Xanthan Gum, Isopropyl Alcohol, Arnica Montana, Aqua Purify, Bronopol, 2-octyl-2h-Isothiazol-3-on, Chamomilla Recutita Flower Extract, Menthol<\/p>\n<p>Anwendung: Je nach Bedarf kann die Tonerde kalt oder warm angewendet werden. Bei Kaltanwendungen wird die Paste 1-2x t\u00e4glich ca. 0,5cm dick auf die Haut aufgetragen. Einwirken lassen und anschlie\u00dfend einfach mit Wasser abwaschen oder ausb\u00fcrsten. Ideal zum Einbandagieren!<br \/>\nSoll die Paste warm angewendet werden, die Dose einfach mit ge\u00f6ffnetem Deckel f\u00fcr 10 &#8211; 20 Minuten in hei\u00dfem Wasser erw\u00e4rmen. Im Anschluss die Paste wie bei der Kaltanwendung auftragen. Bitte verschlie\u00dfe die Dose nach Gebrauch immer fest, um ein Austrocknen zu vermeiden.<\/p>\n","protected":false},"excerpt":{"rendered":"<p>Annimally Tonerde Paste \u2013 Nat\u00fcrliche Regeneration f\u00fcr Sehnen, B\u00e4nder, Muskeln und Gelenke Die Tonerde Paste von Annimally ist dein idealer Partner zur Unterst\u00fctzung bei beanspruchten Sehnen, B\u00e4ndern, Muskeln und Gelenken \u2013 und auch bei Insektenstichen, Prellungen und Verstauchungen. Sie f\u00f6rdert die schnelle Erholung und tr\u00e4gt zur Steigerung der Vitalit\u00e4t und Leistungsbereitschaft deines Pferdes bei. \ud83c\udf3f [&hellip;]<\/p>\n","protected":false},"featured_media":2108,"comment_status":"open","ping_status":"closed","template":"","meta":[],"product_brand":[],"product_cat":[15,39,40,53],"product_tag":[],"class_list":{"0":"post-2107","1":"product","2":"type-product","3":"status-publish","4":"has-post-thumbnail","6":"product_cat-pferd","7":"product_cat-parasiten-pferd","8":"product_cat-pflege-aeusserliche-anwendung-pferd","9":"product_cat-gelenke-bewegungsapparat-pferd","11":"first","12":"instock","13":"taxable","14":"shipping-taxable","15":"purchasable","16":"product-type-simple"},"jetpack_sharing_enabled":true,"_links":{"self":[{"href":"https:\/\/xn--pferdundpftchen-itb.de\/woocommerce\/wp-json\/wp\/v2\/product\/2107","targetHints":{"allow":["GET"]}}],"collection":[{"href":"https:\/\/xn--pferdundpftchen-itb.de\/woocommerce\/wp-json\/wp\/v2\/product"}],"about":[{"href":"https:\/\/xn--pferdundpftchen-itb.de\/woocommerce\/wp-json\/wp\/v2\/types\/product"}],"replies":[{"embeddable":true,"href":"https:\/\/xn--pferdundpftchen-itb.de\/woocommerce\/wp-json\/wp\/v2\/comments?post=2107"}],"wp:featuredmedia":[{"embeddable":true,"href":"https:\/\/xn--pferdundpftchen-itb.de\/woocommerce\/wp-json\/wp\/v2\/media\/2108"}],"wp:attachment":[{"href":"https:\/\/xn--pferdundpftchen-itb.de\/woocommerce\/wp-json\/wp\/v2\/media?parent=2107"}],"wp:term":[{"taxonomy":"product_brand","embeddable":true,"href":"https:\/\/xn--pferdundpftchen-itb.de\/woocommerce\/wp-json\/wp\/v2\/product_brand?post=2107"},{"taxonomy":"product_cat","embeddable":true,"href":"https:\/\/xn--pferdundpftchen-itb.de\/woocommerce\/wp-json\/wp\/v2\/product_cat?post=2107"},{"taxonomy":"product_tag","embeddable":true,"href":"https:\/\/xn--pferdundpftchen-itb.de\/woocommerce\/wp-json\/wp\/v2\/product_tag?post=2107"}],"curies":[{"name":"wp","href":"https:\/\/api.w.org\/{rel}","templated":true}]}}