{"id":2109,"date":"2024-03-13T16:08:53","date_gmt":"2024-03-13T15:08:53","guid":{"rendered":"https:\/\/xn--pferdundpftchen-itb.de\/woocommerce\/?post_type=product&#038;p=2109"},"modified":"2025-01-12T17:46:44","modified_gmt":"2025-01-12T16:46:44","slug":"insektenstopp-spray","status":"publish","type":"product","link":"https:\/\/xn--pferdundpftchen-itb.de\/woocommerce\/produkt\/insektenstopp-spray\/","title":{"rendered":"Insektenstopp Spray"},"content":{"rendered":"<h3>Insektenstopp \u2013 Zuverl\u00e4ssiger Schutz f\u00fcr dich und dein Pferd<\/h3>\n<p>Genie\u00dft eure Zeit im Freien \u2013 ohne st\u00f6rende Insekten! Das <strong>Insektenstopp-Spray<\/strong> bietet dir und deinem Pferd einen zuverl\u00e4ssigen und langanhaltenden Schutz vor Fliegen, Bremsen, Zecken und anderem Ungeziefer.<\/p>\n<p>Das beinahe geruchlose Spray ist angenehm in der Anwendung und \u00fcberzeugt mit seiner <strong>besonders guten Vertr\u00e4glichkeit<\/strong>, selbst f\u00fcr empfindliche Pferde. Dank seiner hochwertigen Zusammensetzung sorgt es f\u00fcr dauerhaften Schutz im Alltag \u2013 ob beim Ausritt, auf der Koppel oder im Stall.<\/p>\n<p><strong>Vorteile auf einen Blick:<\/strong><\/p>\n<ul>\n<li>Effektiver Schutz vor Insekten, Fliegen, Bremsen und Zecken<\/li>\n<li>Nahezu geruchlos und angenehm aufzutragen<\/li>\n<li>Hautfreundlich und ideal f\u00fcr empfindliche Pferde geeignet<\/li>\n<li><strong>Made in Germany<\/strong> \u2013 Qualit\u00e4t, auf die du dich verlassen kannst<\/li>\n<\/ul>\n<p><strong>F\u00fcr unbeschwerte Stunden mit deinem Pferd<\/strong>: Mit dem Insektenstopp-Spray seid ihr bestens gesch\u00fctzt \u2013 egal, wohin der Weg euch f\u00fchrt.<\/p>\n<p>Zusammensetzung: sec-butyl 2-(2-hydroxyethyl)piperidin-1-carboxylat (Icaridin (Saltidin\u00ae)) 80 g\/kg<br \/>\nEucalyptus citriodora \u00d6l, hydratisiert, cyclisiert 3g \/ kg<\/p>\n<p>Anwendung: Das Spray aus ca. 25 cm Entfernung sparsam auf das Pferdefell aufspr\u00fchen. Alternativ kann das Spray auch mit einem Lappen aufgetragen werden. Empfindliche K\u00f6rperstellen wie Augen, Ohren, N\u00fcstern und Schleimh\u00e4ute aussparen. Reiter tragen den Insektenschutz in einer d\u00fcnnen Schicht auf die Haut auf.<\/p>\n","protected":false},"excerpt":{"rendered":"<p>Insektenstopp \u2013 Zuverl\u00e4ssiger Schutz f\u00fcr dich und dein Pferd Genie\u00dft eure Zeit im Freien \u2013 ohne st\u00f6rende Insekten! Das Insektenstopp-Spray bietet dir und deinem Pferd einen zuverl\u00e4ssigen und langanhaltenden Schutz vor Fliegen, Bremsen, Zecken und anderem Ungeziefer. Das beinahe geruchlose Spray ist angenehm in der Anwendung und \u00fcberzeugt mit seiner besonders guten Vertr\u00e4glichkeit, selbst f\u00fcr [&hellip;]<\/p>\n","protected":false},"featured_media":2110,"comment_status":"open","ping_status":"closed","template":"","meta":[],"product_brand":[],"product_cat":[15,39,40,81],"product_tag":[],"class_list":{"0":"post-2109","1":"product","2":"type-product","3":"status-publish","4":"has-post-thumbnail","6":"product_cat-pferd","7":"product_cat-parasiten-pferd","8":"product_cat-pflege-aeusserliche-anwendung-pferd","9":"product_cat-zubehoer-pferd","11":"first","12":"instock","13":"taxable","14":"shipping-taxable","15":"purchasable","16":"product-type-simple"},"jetpack_sharing_enabled":true,"_links":{"self":[{"href":"https:\/\/xn--pferdundpftchen-itb.de\/woocommerce\/wp-json\/wp\/v2\/product\/2109","targetHints":{"allow":["GET"]}}],"collection":[{"href":"https:\/\/xn--pferdundpftchen-itb.de\/woocommerce\/wp-json\/wp\/v2\/product"}],"about":[{"href":"https:\/\/xn--pferdundpftchen-itb.de\/woocommerce\/wp-json\/wp\/v2\/types\/product"}],"replies":[{"embeddable":true,"href":"https:\/\/xn--pferdundpftchen-itb.de\/woocommerce\/wp-json\/wp\/v2\/comments?post=2109"}],"wp:featuredmedia":[{"embeddable":true,"href":"https:\/\/xn--pferdundpftchen-itb.de\/woocommerce\/wp-json\/wp\/v2\/media\/2110"}],"wp:attachment":[{"href":"https:\/\/xn--pferdundpftchen-itb.de\/woocommerce\/wp-json\/wp\/v2\/media?parent=2109"}],"wp:term":[{"taxonomy":"product_brand","embeddable":true,"href":"https:\/\/xn--pferdundpftchen-itb.de\/woocommerce\/wp-json\/wp\/v2\/product_brand?post=2109"},{"taxonomy":"product_cat","embeddable":true,"href":"https:\/\/xn--pferdundpftchen-itb.de\/woocommerce\/wp-json\/wp\/v2\/product_cat?post=2109"},{"taxonomy":"product_tag","embeddable":true,"href":"https:\/\/xn--pferdundpftchen-itb.de\/woocommerce\/wp-json\/wp\/v2\/product_tag?post=2109"}],"curies":[{"name":"wp","href":"https:\/\/api.w.org\/{rel}","templated":true}]}}