{"id":2114,"date":"2024-03-13T16:25:37","date_gmt":"2024-03-13T15:25:37","guid":{"rendered":"https:\/\/xn--pferdundpftchen-itb.de\/woocommerce\/?post_type=product&#038;p=2114"},"modified":"2025-01-12T17:48:58","modified_gmt":"2025-01-12T16:48:58","slug":"vitamin-b-komplex","status":"publish","type":"product","link":"https:\/\/xn--pferdundpftchen-itb.de\/woocommerce\/produkt\/vitamin-b-komplex\/","title":{"rendered":"Vitamin B Komplex"},"content":{"rendered":"<h3>Vitamin-B-Tabletten \u2013 Rundum-Versorgung f\u00fcr deinen Hund<\/h3>\n<p>Sorge f\u00fcr die Gesundheit und das Wohlbefinden deines Hundes! Die <strong>Vitamin-B-Tabletten<\/strong> sind speziell abgestimmt mit einer hochwertigen Kombination aus ausgew\u00e4hlten B-Vitaminen, Fols\u00e4ure, Vitamin K, L-Tryptophan und leckerer Bierhefe. Diese einzigartige Rezeptur unterst\u00fctzt starke Nerven, eine optimale Verdauung, Muskelkraft und einen gesunden Stoffwechsel.<\/p>\n<p><strong>Warum B-Vitamine so wichtig sind:<\/strong><br \/>\nEin Mangel an Vitamin B kann sich durch Symptome wie Antriebslosigkeit, Kotfressen, Seh- oder Bewegungsst\u00f6rungen, Verdauungsprobleme, Juckreiz, Wachstumsst\u00f6rungen oder schlechte Futterverwertung \u00e4u\u00dfern. Dank der wasserl\u00f6slichen Eigenschaften der B-Vitamine werden \u00fcbersch\u00fcssige Mengen einfach ausgeschieden \u2013 eine \u00dcberdosierung ist ausgeschlossen.<\/p>\n<p><strong>Weitere wertvolle Inhaltsstoffe:<\/strong><\/p>\n<ul>\n<li><strong>Vitamin K:<\/strong> Unterst\u00fctzt die Blutgerinnung, st\u00e4rkt die Knochen und reduziert oxidativen Stress<\/li>\n<li><strong>L-Tryptophan:<\/strong> Hilft bei Stress und Angst, z. B. bei Trennung, Transport, Gewitter oder Feuerwerk<\/li>\n<li><strong>Kiesels\u00e4ure:<\/strong> Wichtig f\u00fcr gesundes Bindegewebe, Knochen und Knorpel<\/li>\n<li><strong>Selen:<\/strong> F\u00fcr mehr Energie und ein starkes Immunsystem<\/li>\n<\/ul>\n<p>Die Tabletten werden in Deutschland hergestellt und eine Dose enth\u00e4lt 120 Tabletten \u2013 perfekt f\u00fcr eine langfristige Unterst\u00fctzung der Gesundheit deines Hundes.<\/p>\n<p><strong>Gib deinem Hund die Power, die er braucht \u2013 mit den Vitamin-B-Tabletten!<\/strong><\/p>\n<p>Zusammensetzung:<br \/>\n45 % Bierhefe (inaktiv), Apfelfaser (getrocknet), Raps\u00f6l (geh\u00e4rtet)<\/p>\n<p>Ern\u00e4hrungsphysiologische Zusatzstoffe (je kg):<br \/>\nVitamin B12 (Cyanocobalamin) 240 mg, Vitamin B1 (Thiaminhydrochlorid) 45.000 mg, Vitamin B2 (Riboflavin) 14.500 mg, Vitamin B6 (Pyridoxin HCl) 13.500 mg, Vitamin B3 (Nicotinamid) 450 mg, Vitamin B5 (Calciumpantothenat) 120 mg, Vitamin K3 (Menadione Sodium Bisulfite) 20 mg, Fols\u00e4ure (Pteroylmonoglutamins\u00e4ure) 28 mg, L-Tryptophan 6.800 mg, Selen aus Selenhefe 0,45 mg;<br \/>\nTechnologische Zusatzstoffe: Kiesels\u00e4ure 28.000 mg<\/p>\n<p>F\u00fctterungsempfehlung:<br \/>\nHund: 1 Tablette pro 5 kg K\u00f6rpergewicht am Tag.<br \/>\nKatze: 1 Tablette pro 4 kg K\u00f6rpergewicht am Tag.<\/p>\n","protected":false},"excerpt":{"rendered":"<p>Vitamin-B-Tabletten \u2013 Rundum-Versorgung f\u00fcr deinen Hund Sorge f\u00fcr die Gesundheit und das Wohlbefinden deines Hundes! Die Vitamin-B-Tabletten sind speziell abgestimmt mit einer hochwertigen Kombination aus ausgew\u00e4hlten B-Vitaminen, Fols\u00e4ure, Vitamin K, L-Tryptophan und leckerer Bierhefe. Diese einzigartige Rezeptur unterst\u00fctzt starke Nerven, eine optimale Verdauung, Muskelkraft und einen gesunden Stoffwechsel. Warum B-Vitamine so wichtig sind: Ein Mangel [&hellip;]<\/p>\n","protected":false},"featured_media":2112,"comment_status":"open","ping_status":"closed","template":"","meta":[],"product_brand":[],"product_cat":[20,41,51,43,29,28,54,21,74,52,44,32,61,55],"product_tag":[],"class_list":{"0":"post-2114","1":"product","2":"type-product","3":"status-publish","4":"has-post-thumbnail","6":"product_cat-hund","7":"product_cat-mineralstoffe","8":"product_cat-gelenke-bewegungsapparat","9":"product_cat-haut-fell","10":"product_cat-immunsystem","11":"product_cat-magen-verdauung","12":"product_cat-nerven-stress","13":"product_cat-katze","14":"product_cat-mineralstoffe-katze","15":"product_cat-gelenke-bewegungsapparat-katze","16":"product_cat-haut-fell-katze","17":"product_cat-immunsystem-katze","18":"product_cat-magen-verdauung-katze","19":"product_cat-nerven-stress-katze","21":"first","22":"instock","23":"taxable","24":"shipping-taxable","25":"purchasable","26":"product-type-simple"},"jetpack_sharing_enabled":true,"_links":{"self":[{"href":"https:\/\/xn--pferdundpftchen-itb.de\/woocommerce\/wp-json\/wp\/v2\/product\/2114","targetHints":{"allow":["GET"]}}],"collection":[{"href":"https:\/\/xn--pferdundpftchen-itb.de\/woocommerce\/wp-json\/wp\/v2\/product"}],"about":[{"href":"https:\/\/xn--pferdundpftchen-itb.de\/woocommerce\/wp-json\/wp\/v2\/types\/product"}],"replies":[{"embeddable":true,"href":"https:\/\/xn--pferdundpftchen-itb.de\/woocommerce\/wp-json\/wp\/v2\/comments?post=2114"}],"wp:featuredmedia":[{"embeddable":true,"href":"https:\/\/xn--pferdundpftchen-itb.de\/woocommerce\/wp-json\/wp\/v2\/media\/2112"}],"wp:attachment":[{"href":"https:\/\/xn--pferdundpftchen-itb.de\/woocommerce\/wp-json\/wp\/v2\/media?parent=2114"}],"wp:term":[{"taxonomy":"product_brand","embeddable":true,"href":"https:\/\/xn--pferdundpftchen-itb.de\/woocommerce\/wp-json\/wp\/v2\/product_brand?post=2114"},{"taxonomy":"product_cat","embeddable":true,"href":"https:\/\/xn--pferdundpftchen-itb.de\/woocommerce\/wp-json\/wp\/v2\/product_cat?post=2114"},{"taxonomy":"product_tag","embeddable":true,"href":"https:\/\/xn--pferdundpftchen-itb.de\/woocommerce\/wp-json\/wp\/v2\/product_tag?post=2114"}],"curies":[{"name":"wp","href":"https:\/\/api.w.org\/{rel}","templated":true}]}}