{"id":2116,"date":"2024-03-13T20:04:40","date_gmt":"2024-03-13T19:04:40","guid":{"rendered":"https:\/\/xn--pferdundpftchen-itb.de\/woocommerce\/?post_type=product&#038;p=2116"},"modified":"2025-01-12T17:50:54","modified_gmt":"2025-01-12T16:50:54","slug":"relax-tabletten","status":"publish","type":"product","link":"https:\/\/xn--pferdundpftchen-itb.de\/woocommerce\/produkt\/relax-tabletten\/","title":{"rendered":"Relax Tabletten"},"content":{"rendered":"<h3>Relax-Tabletten \u2013 Mehr Ruhe und Entspannung f\u00fcr deinen Hund<\/h3>\n<p>Hilf deinem Hund, gelassener durch den Alltag und besondere Situationen zu kommen \u2013 mit den <strong>Relax-Tabletten<\/strong>! Die speziell entwickelte Rezeptur aus Johanniskraut und Baldrian f\u00f6rdert Ruhe, Ausgeglichenheit und Entspannung auf nat\u00fcrliche Weise. Perfekt f\u00fcr stressige Momente wie Trennungen, Reisen, Gewitter oder andere ungewohnte Ereignisse.<\/p>\n<p><strong>Vorteile auf einen Blick:<\/strong><\/p>\n<ul>\n<li>F\u00f6rdert Gelassenheit und innere Balance<\/li>\n<li>Unterst\u00fctzt deinen Hund in Alltagssituationen und bei besonderen Herausforderungen<\/li>\n<li>Mit Johanniskraut und Baldrian f\u00fcr eine nat\u00fcrliche Wirkung<\/li>\n<li>Kann einfach mit dem Futter oder als Snack verf\u00fcttert werden<\/li>\n<\/ul>\n<p>Die <strong>Relax-Tabletten<\/strong> wurden unabh\u00e4ngig vom deutschen Institut f\u00fcr Produkttests mit der Bestnote \u201eSehr gut\u201c ausgezeichnet und werden in Deutschland hergestellt. F\u00fcr eine optimale Wirkung empfehlen wir eine Gabe \u00fcber mindestens 14 Tage.<\/p>\n<p><strong>Wichtiger Hinweis:<\/strong><br \/>\nDie Relax-Tabletten sind ein Erg\u00e4nzungsfuttermittel und <strong>kein Medikament oder Beruhigungsmittel<\/strong>. Es handelt sich um ein nat\u00fcrliches Produkt, das deinem Hund hilft, entspannter zu sein, ohne ihn zu sedieren.<\/p>\n<p><strong>Inhalt:<\/strong> 120 Tabletten<\/p>\n<p>Schenke deinem Hund mehr Ruhe und Entspannung \u2013 mit den Relax-Tabletten f\u00fcr ein harmonisches Miteinander!<\/p>\n<p>Zusammensetzung<br \/>\n21,7 % Colostrum; 19,6 % Bierhefe (inaktiv); Cellulose; 10,9 % Johanniskraut; 10,9 % Baldrianwurzel; Raps\u00f6l; 6,5 % Dextrose<br \/>\nErn\u00e4hrungsphysiologische Zusatzstoffe (je kg): L-Tryptophan 32.600 mg<\/p>\n<p>F\u00fctterungsempfehlung: Pro 5 kg K\u00f6rpergewicht bekommt dein Hund eine Tablette.<\/p>\n","protected":false},"excerpt":{"rendered":"<p>Relax-Tabletten \u2013 Mehr Ruhe und Entspannung f\u00fcr deinen Hund Hilf deinem Hund, gelassener durch den Alltag und besondere Situationen zu kommen \u2013 mit den Relax-Tabletten! Die speziell entwickelte Rezeptur aus Johanniskraut und Baldrian f\u00f6rdert Ruhe, Ausgeglichenheit und Entspannung auf nat\u00fcrliche Weise. Perfekt f\u00fcr stressige Momente wie Trennungen, Reisen, Gewitter oder andere ungewohnte Ereignisse. Vorteile auf [&hellip;]<\/p>\n","protected":false},"featured_media":2111,"comment_status":"open","ping_status":"closed","template":"","meta":[],"product_brand":[],"product_cat":[20,54],"product_tag":[],"class_list":{"0":"post-2116","1":"product","2":"type-product","3":"status-publish","4":"has-post-thumbnail","6":"product_cat-hund","7":"product_cat-nerven-stress","9":"first","10":"instock","11":"taxable","12":"shipping-taxable","13":"purchasable","14":"product-type-simple"},"jetpack_sharing_enabled":true,"_links":{"self":[{"href":"https:\/\/xn--pferdundpftchen-itb.de\/woocommerce\/wp-json\/wp\/v2\/product\/2116","targetHints":{"allow":["GET"]}}],"collection":[{"href":"https:\/\/xn--pferdundpftchen-itb.de\/woocommerce\/wp-json\/wp\/v2\/product"}],"about":[{"href":"https:\/\/xn--pferdundpftchen-itb.de\/woocommerce\/wp-json\/wp\/v2\/types\/product"}],"replies":[{"embeddable":true,"href":"https:\/\/xn--pferdundpftchen-itb.de\/woocommerce\/wp-json\/wp\/v2\/comments?post=2116"}],"wp:featuredmedia":[{"embeddable":true,"href":"https:\/\/xn--pferdundpftchen-itb.de\/woocommerce\/wp-json\/wp\/v2\/media\/2111"}],"wp:attachment":[{"href":"https:\/\/xn--pferdundpftchen-itb.de\/woocommerce\/wp-json\/wp\/v2\/media?parent=2116"}],"wp:term":[{"taxonomy":"product_brand","embeddable":true,"href":"https:\/\/xn--pferdundpftchen-itb.de\/woocommerce\/wp-json\/wp\/v2\/product_brand?post=2116"},{"taxonomy":"product_cat","embeddable":true,"href":"https:\/\/xn--pferdundpftchen-itb.de\/woocommerce\/wp-json\/wp\/v2\/product_cat?post=2116"},{"taxonomy":"product_tag","embeddable":true,"href":"https:\/\/xn--pferdundpftchen-itb.de\/woocommerce\/wp-json\/wp\/v2\/product_tag?post=2116"}],"curies":[{"name":"wp","href":"https:\/\/api.w.org\/{rel}","templated":true}]}}