{"id":2117,"date":"2024-03-13T20:14:15","date_gmt":"2024-03-13T19:14:15","guid":{"rendered":"https:\/\/xn--pferdundpftchen-itb.de\/woocommerce\/?post_type=product&#038;p=2117"},"modified":"2025-01-12T17:56:47","modified_gmt":"2025-01-12T16:56:47","slug":"oral-vital-zahnreinigungs-pulver","status":"publish","type":"product","link":"https:\/\/xn--pferdundpftchen-itb.de\/woocommerce\/produkt\/oral-vital-zahnreinigungs-pulver\/","title":{"rendered":"Oral Vital Zahnpflege-Pulver"},"content":{"rendered":"<h3>Oral Vital \u2013 Zahngesundheit leicht gemacht<\/h3>\n<p>Sorge ganz einfach f\u00fcr die Zahngesundheit deines Hundes \u2013 mit <strong>Oral Vital Zahnpflegepulver<\/strong>! Das innovative Pulver reduziert Zahnstein, ohne dass du Z\u00e4hne putzen, Zahnpasta oder eine Zahnb\u00fcrste verwenden musst. Gleichzeitig hilft es, Mundgeruch effektiv zu bek\u00e4mpfen und unterst\u00fctzt so eine rundum gesunde Maulhygiene bei deinem Vierbeiner.<\/p>\n<p><strong>Vorteile auf einen Blick:<\/strong><\/p>\n<ul>\n<li>Reduziert Zahnstein \u2013 ganz ohne Z\u00e4hneputzen<\/li>\n<li>Wirkt effektiv gegen Mundgeruch<\/li>\n<li>Unterst\u00fctzt die Zahngesundheit deines Hundes<\/li>\n<li>Einfach in der Anwendung \u2013 einfach ins Futter mischen<\/li>\n<\/ul>\n<p>Das <strong>Oral Vital Zahnpflegepulver<\/strong> wird in Deutschland hergestellt und \u00fcberzeugt durch Qualit\u00e4t und Wirksamkeit. Eine einfache Erg\u00e4nzung zur t\u00e4glichen F\u00fctterung, die deinem Hund frischen Atem und gesunde Z\u00e4hne schenkt.<\/p>\n<p><strong>F\u00fcr ein gesundes Hundegebiss \u2013 Oral Vital macht\u2019s m\u00f6glich!<\/strong><\/p>\n<p>Zusammensetzung: Eierschalenpulver, 22 % Petersilie Feinteile, 15 % Seealgenmehl, 7,5 % Pfefferminzbl\u00e4tter, 5 % Natriumbicarbonat, 5 % Spirulina<br \/>\nZusatzstoffe (je kg) Vitamine, Provitamine u. chem. definierte Stoffe mit \u00e4hnlicher Wirkung: Vitamin C (3a300) 3.500 mg, Bindemittel: Kieselgur &#8211; Diatomeenerde, gereinigt (E551c) 50.000 mg<\/p>\n<p>F\u00fctterungsempfehlung: Pro 10kg K\u00f6rpergewicht erh\u00e4lt dein Hund t\u00e4glich 1g Oral Vital Pulver. Ein Dosierl\u00f6ffel mit 1g Fassungsverm\u00f6gen liegt bei. Das Pulver am besten unter das Futter mischen.<\/p>\n","protected":false},"excerpt":{"rendered":"<p>Oral Vital \u2013 Zahngesundheit leicht gemacht Sorge ganz einfach f\u00fcr die Zahngesundheit deines Hundes \u2013 mit Oral Vital Zahnpflegepulver! Das innovative Pulver reduziert Zahnstein, ohne dass du Z\u00e4hne putzen, Zahnpasta oder eine Zahnb\u00fcrste verwenden musst. Gleichzeitig hilft es, Mundgeruch effektiv zu bek\u00e4mpfen und unterst\u00fctzt so eine rundum gesunde Maulhygiene bei deinem Vierbeiner. Vorteile auf einen [&hellip;]<\/p>\n","protected":false},"featured_media":2119,"comment_status":"open","ping_status":"closed","template":"","meta":[],"product_brand":[],"product_cat":[20,30],"product_tag":[],"class_list":{"0":"post-2117","1":"product","2":"type-product","3":"status-publish","4":"has-post-thumbnail","6":"product_cat-hund","7":"product_cat-zaehne-maul","9":"first","10":"instock","11":"taxable","12":"shipping-taxable","13":"purchasable","14":"product-type-variable"},"jetpack_sharing_enabled":true,"_links":{"self":[{"href":"https:\/\/xn--pferdundpftchen-itb.de\/woocommerce\/wp-json\/wp\/v2\/product\/2117","targetHints":{"allow":["GET"]}}],"collection":[{"href":"https:\/\/xn--pferdundpftchen-itb.de\/woocommerce\/wp-json\/wp\/v2\/product"}],"about":[{"href":"https:\/\/xn--pferdundpftchen-itb.de\/woocommerce\/wp-json\/wp\/v2\/types\/product"}],"replies":[{"embeddable":true,"href":"https:\/\/xn--pferdundpftchen-itb.de\/woocommerce\/wp-json\/wp\/v2\/comments?post=2117"}],"wp:featuredmedia":[{"embeddable":true,"href":"https:\/\/xn--pferdundpftchen-itb.de\/woocommerce\/wp-json\/wp\/v2\/media\/2119"}],"wp:attachment":[{"href":"https:\/\/xn--pferdundpftchen-itb.de\/woocommerce\/wp-json\/wp\/v2\/media?parent=2117"}],"wp:term":[{"taxonomy":"product_brand","embeddable":true,"href":"https:\/\/xn--pferdundpftchen-itb.de\/woocommerce\/wp-json\/wp\/v2\/product_brand?post=2117"},{"taxonomy":"product_cat","embeddable":true,"href":"https:\/\/xn--pferdundpftchen-itb.de\/woocommerce\/wp-json\/wp\/v2\/product_cat?post=2117"},{"taxonomy":"product_tag","embeddable":true,"href":"https:\/\/xn--pferdundpftchen-itb.de\/woocommerce\/wp-json\/wp\/v2\/product_tag?post=2117"}],"curies":[{"name":"wp","href":"https:\/\/api.w.org\/{rel}","templated":true}]}}