{"id":2120,"date":"2024-03-13T20:51:33","date_gmt":"2024-03-13T19:51:33","guid":{"rendered":"https:\/\/xn--pferdundpftchen-itb.de\/woocommerce\/?post_type=product&#038;p=2120"},"modified":"2025-01-25T18:59:44","modified_gmt":"2025-01-25T17:59:44","slug":"oral-vital-zahnpflege-spray","status":"publish","type":"product","link":"https:\/\/xn--pferdundpftchen-itb.de\/woocommerce\/produkt\/oral-vital-zahnpflege-spray\/","title":{"rendered":"Oral Vital Zahnpflege-Spray"},"content":{"rendered":"<p><strong>Oral Vital Zahnpflegespray f\u00fcr Hunde \u2013 F\u00fcr frischen Atem und gesunde Z\u00e4hne!<\/strong><\/p>\n<p>Das <strong>Oral Vital Zahnpflegespray<\/strong> von Annimally ist der perfekte Helfer, wenn es um die Maulhygiene deines Hundes geht. Es hilft effektiv, Zahnstein vorzubeugen oder zu reduzieren und sorgt gleichzeitig f\u00fcr frischen Atem \u2013 ganz ohne Zusatzstoffe.<\/p>\n<p>\ud83c\udf3f <strong>Rein nat\u00fcrliche Zutaten<\/strong> \u2013 Pflege, der du vertrauen kannst.<br \/>\n\ud83e\uddb7 <strong>Vorbeugt und reduziert Zahnstein<\/strong> \u2013 unterst\u00fctzt die Zahngesundheit deines Hundes.<br \/>\n\ud83c\udf2c\ufe0f <strong>Reduziert Mundgeruch<\/strong> \u2013 sorgt f\u00fcr einen frischen Atem.<br \/>\n\ud83d\udca7 <strong>Einfache Anwendung<\/strong> \u2013 unkompliziert und schnell in der Handhabung.<br \/>\n\ud83c\udde9\ud83c\uddea <strong>In Deutschland hergestellt<\/strong> \u2013 Qualit\u00e4t, auf die du dich verlassen kannst.<\/p>\n<p>Mit dem <strong>Oral Vital Zahnpflegespray<\/strong> wird die t\u00e4gliche Zahnpflegeroutine f\u00fcr deinen Hund zum Kinderspiel. Der frische Geschmack macht das Spray besonders angenehm und hilft, die Zahnpflege zu einer regelm\u00e4\u00dfigen und stressfreien Gewohnheit zu machen.<\/p>\n<p>Ideal in Kombination mit dem <strong>Oral Vital Zahnpflegepulver<\/strong> f\u00fcr eine rundum gesunde Zahnpflege.<\/p>\n<p><strong>Inhalt:<\/strong> 200ml \u2013 f\u00fcr langanhaltende Maulhygiene und zufriedene Hunde!<\/p>\n<p>Zusammensetzung: Naturextrakte (Seealgenmehl, Kamillenbl\u00fcten, Petersilie, Eibischwurzel, Salbeibl\u00e4tter, S\u00fc\u00dfholzwurzel), Calciumchlorid, Vitamin C, Zitronens\u00e4ure, Pfefferminz\u00f6l, Propolistinktur<\/p>\n<p>Anwendung: Die Z\u00e4hne und das Zahnfleisch deines Hundes bei Bedarf 1 x t\u00e4glich aus wenigen Zentimetern Entfernung einspr\u00fchen. Je nach Bedarf k\u00f6nnen mehrere Pumpst\u00f6\u00dfe direkt ins Maul gespr\u00fcht werden. Vor jeder Anwendung gut sch\u00fctteln.<\/p>\n","protected":false},"excerpt":{"rendered":"<p>Oral Vital Zahnpflegespray f\u00fcr Hunde \u2013 F\u00fcr frischen Atem und gesunde Z\u00e4hne! Das Oral Vital Zahnpflegespray von Annimally ist der perfekte Helfer, wenn es um die Maulhygiene deines Hundes geht. Es hilft effektiv, Zahnstein vorzubeugen oder zu reduzieren und sorgt gleichzeitig f\u00fcr frischen Atem \u2013 ganz ohne Zusatzstoffe. \ud83c\udf3f Rein nat\u00fcrliche Zutaten \u2013 Pflege, der [&hellip;]<\/p>\n","protected":false},"featured_media":2121,"comment_status":"open","ping_status":"closed","template":"","meta":[],"product_brand":[],"product_cat":[20,38,30],"product_tag":[],"class_list":{"0":"post-2120","1":"product","2":"type-product","3":"status-publish","4":"has-post-thumbnail","6":"product_cat-hund","7":"product_cat-pflege-aeuserliche-anwendung","8":"product_cat-zaehne-maul","10":"first","11":"instock","12":"taxable","13":"shipping-taxable","14":"purchasable","15":"product-type-simple"},"jetpack_sharing_enabled":true,"_links":{"self":[{"href":"https:\/\/xn--pferdundpftchen-itb.de\/woocommerce\/wp-json\/wp\/v2\/product\/2120","targetHints":{"allow":["GET"]}}],"collection":[{"href":"https:\/\/xn--pferdundpftchen-itb.de\/woocommerce\/wp-json\/wp\/v2\/product"}],"about":[{"href":"https:\/\/xn--pferdundpftchen-itb.de\/woocommerce\/wp-json\/wp\/v2\/types\/product"}],"replies":[{"embeddable":true,"href":"https:\/\/xn--pferdundpftchen-itb.de\/woocommerce\/wp-json\/wp\/v2\/comments?post=2120"}],"wp:featuredmedia":[{"embeddable":true,"href":"https:\/\/xn--pferdundpftchen-itb.de\/woocommerce\/wp-json\/wp\/v2\/media\/2121"}],"wp:attachment":[{"href":"https:\/\/xn--pferdundpftchen-itb.de\/woocommerce\/wp-json\/wp\/v2\/media?parent=2120"}],"wp:term":[{"taxonomy":"product_brand","embeddable":true,"href":"https:\/\/xn--pferdundpftchen-itb.de\/woocommerce\/wp-json\/wp\/v2\/product_brand?post=2120"},{"taxonomy":"product_cat","embeddable":true,"href":"https:\/\/xn--pferdundpftchen-itb.de\/woocommerce\/wp-json\/wp\/v2\/product_cat?post=2120"},{"taxonomy":"product_tag","embeddable":true,"href":"https:\/\/xn--pferdundpftchen-itb.de\/woocommerce\/wp-json\/wp\/v2\/product_tag?post=2120"}],"curies":[{"name":"wp","href":"https:\/\/api.w.org\/{rel}","templated":true}]}}