{"id":2122,"date":"2024-03-13T21:18:37","date_gmt":"2024-03-13T20:18:37","guid":{"rendered":"https:\/\/xn--pferdundpftchen-itb.de\/woocommerce\/?post_type=product&#038;p=2122"},"modified":"2025-01-25T19:00:55","modified_gmt":"2025-01-25T18:00:55","slug":"augenpads","status":"publish","type":"product","link":"https:\/\/xn--pferdundpftchen-itb.de\/woocommerce\/produkt\/augenpads\/","title":{"rendered":"Augenpads"},"content":{"rendered":"<p><strong>Augenpads f\u00fcr Hunde \u2013 Sanfte Pflege f\u00fcr empfindliche Augen!<\/strong><\/p>\n<p>Die <strong>Augenpads f\u00fcr Hunde<\/strong> von Annimally bieten eine sanfte und zuverl\u00e4ssige Pflege f\u00fcr die empfindlichen Augen deines Hundes. Sie reinigen, beruhigen und pflegen die Augenpartie auf ganz nat\u00fcrliche Weise \u2013 ideal bei Tr\u00e4nenflecken oder Verschmutzungen.<\/p>\n<p>\ud83c\udf3f <strong>Mit Aloe Vera, Panthenol &amp; Kamille<\/strong> \u2013 nat\u00fcrliche Inhaltsstoffe, die die Augen sanft pflegen und beruhigen.<br \/>\n\ud83d\udca7 <strong>Hautvertr\u00e4glich &amp; augenschonend<\/strong> \u2013 ideal f\u00fcr die empfindliche Augenpartie.<br \/>\n\ud83c\udf31 <strong>Unterst\u00fctzt die Augengesundheit<\/strong> \u2013 f\u00fcr klare, gesunde Augen.<br \/>\n\u274c <strong>Kein Parf\u00fcm<\/strong> \u2013 f\u00fcr eine besonders sanfte Pflege.<br \/>\n\ud83c\udde9\ud83c\uddea <strong>In Deutschland hergestellt<\/strong> \u2013 Qualit\u00e4t, auf die du vertrauen kannst.<\/p>\n<p>Die Anwendung der <strong>Augenpads<\/strong> ist besonders einfach: Jedes Pad ist f\u00fcr den einmaligen Gebrauch und nur f\u00fcr die \u00e4u\u00dfere Anwendung geeignet. Nutze f\u00fcr jedes Auge ein separates Pad und achte darauf, dass du dir vor der Anwendung die H\u00e4nde w\u00e4schst.<\/p>\n<p><strong>Inhalt:<\/strong> 100 St\u00fcck \u2013 f\u00fcr eine langanhaltende, nat\u00fcrliche Pflege der Hundeaugen!<\/p>\n<p>Zusammensetzung: INCI: Aqua, Aloe Barbadensis Leaf Juice Powder, Propanediol, Polysorbate 80, Glycerine, Sodium Chloride, Benzyl Alcohol, Panthenol, Tocopherol, Ethylhexylglycerine, Chamomilla Recutita (Matricaria) Flower Oil<\/p>\n<p>Anwendung: Anwendung nach Bedarf, wenn die Augenpartie des Hundes ges\u00e4ubert oder gepflegt werden muss. Einfach sanft von au\u00dfen nach innen \u2013 also in Richtung Hundenase \u2013 \u00fcber die geschlossenen Augen streichen, um Tr\u00e4nenflecken, Staub und Schmutz zu entfernen. F\u00fcr den t\u00e4glichen Gebrauch geeignet.<\/p>\n","protected":false},"excerpt":{"rendered":"<p>Augenpads f\u00fcr Hunde \u2013 Sanfte Pflege f\u00fcr empfindliche Augen! Die Augenpads f\u00fcr Hunde von Annimally bieten eine sanfte und zuverl\u00e4ssige Pflege f\u00fcr die empfindlichen Augen deines Hundes. Sie reinigen, beruhigen und pflegen die Augenpartie auf ganz nat\u00fcrliche Weise \u2013 ideal bei Tr\u00e4nenflecken oder Verschmutzungen. \ud83c\udf3f Mit Aloe Vera, Panthenol &amp; Kamille \u2013 nat\u00fcrliche Inhaltsstoffe, die [&hellip;]<\/p>\n","protected":false},"featured_media":2123,"comment_status":"open","ping_status":"closed","template":"","meta":[],"product_brand":[],"product_cat":[20,38],"product_tag":[],"class_list":{"0":"post-2122","1":"product","2":"type-product","3":"status-publish","4":"has-post-thumbnail","6":"product_cat-hund","7":"product_cat-pflege-aeuserliche-anwendung","9":"first","10":"instock","11":"taxable","12":"shipping-taxable","13":"purchasable","14":"product-type-simple"},"jetpack_sharing_enabled":true,"_links":{"self":[{"href":"https:\/\/xn--pferdundpftchen-itb.de\/woocommerce\/wp-json\/wp\/v2\/product\/2122","targetHints":{"allow":["GET"]}}],"collection":[{"href":"https:\/\/xn--pferdundpftchen-itb.de\/woocommerce\/wp-json\/wp\/v2\/product"}],"about":[{"href":"https:\/\/xn--pferdundpftchen-itb.de\/woocommerce\/wp-json\/wp\/v2\/types\/product"}],"replies":[{"embeddable":true,"href":"https:\/\/xn--pferdundpftchen-itb.de\/woocommerce\/wp-json\/wp\/v2\/comments?post=2122"}],"wp:featuredmedia":[{"embeddable":true,"href":"https:\/\/xn--pferdundpftchen-itb.de\/woocommerce\/wp-json\/wp\/v2\/media\/2123"}],"wp:attachment":[{"href":"https:\/\/xn--pferdundpftchen-itb.de\/woocommerce\/wp-json\/wp\/v2\/media?parent=2122"}],"wp:term":[{"taxonomy":"product_brand","embeddable":true,"href":"https:\/\/xn--pferdundpftchen-itb.de\/woocommerce\/wp-json\/wp\/v2\/product_brand?post=2122"},{"taxonomy":"product_cat","embeddable":true,"href":"https:\/\/xn--pferdundpftchen-itb.de\/woocommerce\/wp-json\/wp\/v2\/product_cat?post=2122"},{"taxonomy":"product_tag","embeddable":true,"href":"https:\/\/xn--pferdundpftchen-itb.de\/woocommerce\/wp-json\/wp\/v2\/product_tag?post=2122"}],"curies":[{"name":"wp","href":"https:\/\/api.w.org\/{rel}","templated":true}]}}