{"id":2144,"date":"2024-03-17T19:13:36","date_gmt":"2024-03-17T18:13:36","guid":{"rendered":"https:\/\/xn--pferdundpftchen-itb.de\/woocommerce\/?post_type=product&#038;p=2144"},"modified":"2024-03-17T19:13:37","modified_gmt":"2024-03-17T18:13:37","slug":"akafree","status":"publish","type":"product","link":"https:\/\/xn--pferdundpftchen-itb.de\/woocommerce\/produkt\/akafree\/","title":{"rendered":"AkaFree"},"content":{"rendered":"<p>Pflanzliche Inhaltsstoffe halten h\u00f6chst wirksam L\u00e4stlinge und Spinnentiere wie Zecken und Milben \/ Fl\u00f6he ab. Auch als Umgebungsspray gegen L\u00e4stlinge in Haustierumgebung und Wohnbereich anwendbar. AkaFree enth\u00e4lt Geraniol, das \u00e4therische \u00d6l der Duftgeranie. Geraniol zerst\u00f6rt die Chitinschicht von Spinnentieren und Insekten und verstopft die Tracheen. Die L\u00e4stlinge trocknen aus.<br \/>\nAuf pflanzlicher Basis, Frei von Silikon, Paraffin und PEG, Ohne Tierversuche <\/p>\n<p>Hinweis: Biozidprodukte vorsichtig verwenden.<br \/>\nVor Gebrauch stets Etikett und Produktinformationen lesen. Den Einsatz von Biozidprodukten auf ein Minimum begrenzen!<br \/>\nVon Kindern fernhalten! Nicht einnehmen! Lebensmittel bei der Anwendung abdecken. Nicht in die Augen oder auf offene Hautstellen bringen. Ist \u00e4rztlicher Rat erforderlich, Verpackung oder Kennzeichnungs-Etikett bereithalten. Enth\u00e4lt Geraniol. Kann allergische Reaktionen hervorrufen. Vor Gebrauch gut sch\u00fctteln!<\/p>\n<p>Zusammensetzung: Geraniol, 6,4 g\/kg &#8211; Baua-Reg.-Nr.:N-108324<\/p>\n<p>Anwendung:<br \/>\nAnwendung am Tier:<br \/>\nZu Anfang eine Woche lang t\u00e4glich, danach je nach Bedarf weiterhin t\u00e4glich oder 1 &#8211; 2 x die Woche aufbringen. Am Kopf vorsichtig anbringen. Produkt nicht in Kontakt mit den Augen bringen.<\/p>\n<p>Als Umgebungsspray :<br \/>\nIn die Schlupfwinkel und auf die Laufstra\u00dfen oder direkt auf Milben und Insekten oder die Ruhepl\u00e4tze der Haustiere spr\u00fchen.<\/p>\n","protected":false},"excerpt":{"rendered":"<p>Pflanzliche Inhaltsstoffe halten h\u00f6chst wirksam L\u00e4stlinge und Spinnentiere wie Zecken und Milben \/ Fl\u00f6he ab. Auch als Umgebungsspray gegen L\u00e4stlinge in Haustierumgebung und Wohnbereich anwendbar. AkaFree enth\u00e4lt Geraniol, das \u00e4therische \u00d6l der Duftgeranie. Geraniol zerst\u00f6rt die Chitinschicht von Spinnentieren und Insekten und verstopft die Tracheen. Die L\u00e4stlinge trocknen aus. Auf pflanzlicher Basis, Frei von Silikon, [&hellip;]<\/p>\n","protected":false},"featured_media":2145,"comment_status":"open","ping_status":"closed","template":"","meta":[],"product_brand":[],"product_cat":[15,39,40,81,20,37,38,79],"product_tag":[],"class_list":{"0":"post-2144","1":"product","2":"type-product","3":"status-publish","4":"has-post-thumbnail","6":"product_cat-pferd","7":"product_cat-parasiten-pferd","8":"product_cat-pflege-aeusserliche-anwendung-pferd","9":"product_cat-zubehoer-pferd","10":"product_cat-hund","11":"product_cat-parasiten","12":"product_cat-pflege-aeuserliche-anwendung","13":"product_cat-zubehoer","15":"first","16":"instock","17":"taxable","18":"shipping-taxable","19":"purchasable","20":"product-type-simple"},"jetpack_sharing_enabled":true,"_links":{"self":[{"href":"https:\/\/xn--pferdundpftchen-itb.de\/woocommerce\/wp-json\/wp\/v2\/product\/2144","targetHints":{"allow":["GET"]}}],"collection":[{"href":"https:\/\/xn--pferdundpftchen-itb.de\/woocommerce\/wp-json\/wp\/v2\/product"}],"about":[{"href":"https:\/\/xn--pferdundpftchen-itb.de\/woocommerce\/wp-json\/wp\/v2\/types\/product"}],"replies":[{"embeddable":true,"href":"https:\/\/xn--pferdundpftchen-itb.de\/woocommerce\/wp-json\/wp\/v2\/comments?post=2144"}],"wp:featuredmedia":[{"embeddable":true,"href":"https:\/\/xn--pferdundpftchen-itb.de\/woocommerce\/wp-json\/wp\/v2\/media\/2145"}],"wp:attachment":[{"href":"https:\/\/xn--pferdundpftchen-itb.de\/woocommerce\/wp-json\/wp\/v2\/media?parent=2144"}],"wp:term":[{"taxonomy":"product_brand","embeddable":true,"href":"https:\/\/xn--pferdundpftchen-itb.de\/woocommerce\/wp-json\/wp\/v2\/product_brand?post=2144"},{"taxonomy":"product_cat","embeddable":true,"href":"https:\/\/xn--pferdundpftchen-itb.de\/woocommerce\/wp-json\/wp\/v2\/product_cat?post=2144"},{"taxonomy":"product_tag","embeddable":true,"href":"https:\/\/xn--pferdundpftchen-itb.de\/woocommerce\/wp-json\/wp\/v2\/product_tag?post=2144"}],"curies":[{"name":"wp","href":"https:\/\/api.w.org\/{rel}","templated":true}]}}