{"id":2151,"date":"2024-03-17T19:23:19","date_gmt":"2024-03-17T18:23:19","guid":{"rendered":"https:\/\/xn--pferdundpftchen-itb.de\/woocommerce\/?post_type=product&#038;p=2151"},"modified":"2025-01-12T18:48:48","modified_gmt":"2025-01-12T17:48:48","slug":"aloe-vera-spray","status":"publish","type":"product","link":"https:\/\/xn--pferdundpftchen-itb.de\/woocommerce\/produkt\/aloe-vera-spray\/","title":{"rendered":"Aloe Vera Spray"},"content":{"rendered":"<h3><strong>Aloe Vera Spray \u2013 Nat\u00fcrliche Pflege f\u00fcr Haut und Fell<\/strong><\/h3>\n<p>Das <strong>Aloe Vera Spray von PerNaturam<\/strong> bietet eine wohltuende Pflege, die Juckreiz lindert und Haut sowie Fell Glanz und Geschmeidigkeit verleiht.<\/p>\n<p><strong>Vorteile im \u00dcberblick:<\/strong><\/p>\n<ul>\n<li>Der hohe nat\u00fcrliche <strong>Acemannan-Gehalt<\/strong> hilft den Hautzellen, mehr Feuchtigkeit zu speichern und die Hautbarriere zu st\u00e4rken.<\/li>\n<li>Mit <strong>Zitronengras- und Jojoba\u00f6l<\/strong> f\u00fcr einen frischen Duft und sanfte Pflege.<\/li>\n<li><strong>100 % pflanzlich<\/strong>: Ohne Silikon, Paraffin oder PEG, hergestellt ohne Tierversuche.<\/li>\n<li>Vielseitig einsetzbar und <strong>f\u00fcr alle Tierarten geeignet<\/strong>, ideal zur \u00e4u\u00dferen Anwendung.<\/li>\n<\/ul>\n<p>Pflege auf nat\u00fcrlicher Basis f\u00fcr gesunde Haut und ein gl\u00e4nzendes Fell \u2013 mit dem <strong>Aloe Vera Spray von PerNaturam<\/strong>!<\/p>\n<p>Zusammensetzung: Aloe Vera-Gel (89,6 %), Zitronengras\u00f6l, Jojoba\u00f6l, Benzoe-Sorbat und Kalium-Sorbat.<\/p>\n","protected":false},"excerpt":{"rendered":"<p>Aloe Vera Spray \u2013 Nat\u00fcrliche Pflege f\u00fcr Haut und Fell Das Aloe Vera Spray von PerNaturam bietet eine wohltuende Pflege, die Juckreiz lindert und Haut sowie Fell Glanz und Geschmeidigkeit verleiht. Vorteile im \u00dcberblick: Der hohe nat\u00fcrliche Acemannan-Gehalt hilft den Hautzellen, mehr Feuchtigkeit zu speichern und die Hautbarriere zu st\u00e4rken. Mit Zitronengras- und Jojoba\u00f6l f\u00fcr [&hellip;]<\/p>\n","protected":false},"featured_media":694,"comment_status":"open","ping_status":"closed","template":"","meta":[],"product_brand":[],"product_cat":[15,40,46,20,38,43,21,45,44],"product_tag":[],"class_list":{"0":"post-2151","1":"product","2":"type-product","3":"status-publish","4":"has-post-thumbnail","6":"product_cat-pferd","7":"product_cat-pflege-aeusserliche-anwendung-pferd","8":"product_cat-haut-fell-pferd","9":"product_cat-hund","10":"product_cat-pflege-aeuserliche-anwendung","11":"product_cat-haut-fell","12":"product_cat-katze","13":"product_cat-pflege-aeusserliche-anwendung-katze","14":"product_cat-haut-fell-katze","16":"first","17":"instock","18":"taxable","19":"shipping-taxable","20":"purchasable","21":"product-type-simple"},"jetpack_sharing_enabled":true,"_links":{"self":[{"href":"https:\/\/xn--pferdundpftchen-itb.de\/woocommerce\/wp-json\/wp\/v2\/product\/2151","targetHints":{"allow":["GET"]}}],"collection":[{"href":"https:\/\/xn--pferdundpftchen-itb.de\/woocommerce\/wp-json\/wp\/v2\/product"}],"about":[{"href":"https:\/\/xn--pferdundpftchen-itb.de\/woocommerce\/wp-json\/wp\/v2\/types\/product"}],"replies":[{"embeddable":true,"href":"https:\/\/xn--pferdundpftchen-itb.de\/woocommerce\/wp-json\/wp\/v2\/comments?post=2151"}],"wp:featuredmedia":[{"embeddable":true,"href":"https:\/\/xn--pferdundpftchen-itb.de\/woocommerce\/wp-json\/wp\/v2\/media\/694"}],"wp:attachment":[{"href":"https:\/\/xn--pferdundpftchen-itb.de\/woocommerce\/wp-json\/wp\/v2\/media?parent=2151"}],"wp:term":[{"taxonomy":"product_brand","embeddable":true,"href":"https:\/\/xn--pferdundpftchen-itb.de\/woocommerce\/wp-json\/wp\/v2\/product_brand?post=2151"},{"taxonomy":"product_cat","embeddable":true,"href":"https:\/\/xn--pferdundpftchen-itb.de\/woocommerce\/wp-json\/wp\/v2\/product_cat?post=2151"},{"taxonomy":"product_tag","embeddable":true,"href":"https:\/\/xn--pferdundpftchen-itb.de\/woocommerce\/wp-json\/wp\/v2\/product_tag?post=2151"}],"curies":[{"name":"wp","href":"https:\/\/api.w.org\/{rel}","templated":true}]}}