{"id":2153,"date":"2024-03-17T19:25:40","date_gmt":"2024-03-17T18:25:40","guid":{"rendered":"https:\/\/xn--pferdundpftchen-itb.de\/woocommerce\/?post_type=product&#038;p=2153"},"modified":"2024-03-17T19:26:35","modified_gmt":"2024-03-17T18:26:35","slug":"arnika-gel-2","status":"publish","type":"product","link":"https:\/\/xn--pferdundpftchen-itb.de\/woocommerce\/produkt\/arnika-gel-2\/","title":{"rendered":"Arnika Gel"},"content":{"rendered":"<p>Unser Arnika-Gel dient als Unterst\u00fctzung bei der Regeneration von Prellungen, Schwellungen und stumpfen Traumata. Die vielf\u00e4ltigen Effekte werden durch die Ro\u00dfkastanie verst\u00e4rkt und k\u00f6nnen unspezifischen Entz\u00fcndungen abklingen lassen.<br \/>\n    Mit Arnika und Ro\u00dfkastanie<br \/>\n    Auf pflanzlicher Basis<br \/>\n    Frei von Silikon, Paraffin und PEG<br \/>\n    Ohne Tierversuche<br \/>\n    F\u00fcr alle Tierarten<br \/>\nZur \u00e4u\u00dferlichen Anwendung<\/p>\n<p>Zusammensetzung: Wasser, Glycerin, Arnikaextrakt, Ro\u00dfkastanienextrakt, Xanthan, Natriumbenzoat, Kaliumsorbat.<\/p>\n","protected":false},"excerpt":{"rendered":"<p>Unser Arnika-Gel dient als Unterst\u00fctzung bei der Regeneration von Prellungen, Schwellungen und stumpfen Traumata. Die vielf\u00e4ltigen Effekte werden durch die Ro\u00dfkastanie verst\u00e4rkt und k\u00f6nnen unspezifischen Entz\u00fcndungen abklingen lassen. Mit Arnika und Ro\u00dfkastanie Auf pflanzlicher Basis Frei von Silikon, Paraffin und PEG Ohne Tierversuche F\u00fcr alle Tierarten Zur \u00e4u\u00dferlichen Anwendung Zusammensetzung: Wasser, Glycerin, Arnikaextrakt, Ro\u00dfkastanienextrakt, Xanthan, [&hellip;]<\/p>\n","protected":false},"featured_media":698,"comment_status":"open","ping_status":"closed","template":"","meta":[],"product_brand":[],"product_cat":[15,40,53,20,38,51,21,45,52],"product_tag":[],"class_list":{"0":"post-2153","1":"product","2":"type-product","3":"status-publish","4":"has-post-thumbnail","6":"product_cat-pferd","7":"product_cat-pflege-aeusserliche-anwendung-pferd","8":"product_cat-gelenke-bewegungsapparat-pferd","9":"product_cat-hund","10":"product_cat-pflege-aeuserliche-anwendung","11":"product_cat-gelenke-bewegungsapparat","12":"product_cat-katze","13":"product_cat-pflege-aeusserliche-anwendung-katze","14":"product_cat-gelenke-bewegungsapparat-katze","16":"first","17":"instock","18":"taxable","19":"shipping-taxable","20":"purchasable","21":"product-type-simple"},"jetpack_sharing_enabled":true,"_links":{"self":[{"href":"https:\/\/xn--pferdundpftchen-itb.de\/woocommerce\/wp-json\/wp\/v2\/product\/2153","targetHints":{"allow":["GET"]}}],"collection":[{"href":"https:\/\/xn--pferdundpftchen-itb.de\/woocommerce\/wp-json\/wp\/v2\/product"}],"about":[{"href":"https:\/\/xn--pferdundpftchen-itb.de\/woocommerce\/wp-json\/wp\/v2\/types\/product"}],"replies":[{"embeddable":true,"href":"https:\/\/xn--pferdundpftchen-itb.de\/woocommerce\/wp-json\/wp\/v2\/comments?post=2153"}],"wp:featuredmedia":[{"embeddable":true,"href":"https:\/\/xn--pferdundpftchen-itb.de\/woocommerce\/wp-json\/wp\/v2\/media\/698"}],"wp:attachment":[{"href":"https:\/\/xn--pferdundpftchen-itb.de\/woocommerce\/wp-json\/wp\/v2\/media?parent=2153"}],"wp:term":[{"taxonomy":"product_brand","embeddable":true,"href":"https:\/\/xn--pferdundpftchen-itb.de\/woocommerce\/wp-json\/wp\/v2\/product_brand?post=2153"},{"taxonomy":"product_cat","embeddable":true,"href":"https:\/\/xn--pferdundpftchen-itb.de\/woocommerce\/wp-json\/wp\/v2\/product_cat?post=2153"},{"taxonomy":"product_tag","embeddable":true,"href":"https:\/\/xn--pferdundpftchen-itb.de\/woocommerce\/wp-json\/wp\/v2\/product_tag?post=2153"}],"curies":[{"name":"wp","href":"https:\/\/api.w.org\/{rel}","templated":true}]}}