{"id":2157,"date":"2024-03-17T19:32:25","date_gmt":"2024-03-17T18:32:25","guid":{"rendered":"https:\/\/xn--pferdundpftchen-itb.de\/woocommerce\/?post_type=product&#038;p=2157"},"modified":"2025-01-14T20:11:57","modified_gmt":"2025-01-14T19:11:57","slug":"calendula-ohrenpflege-tuecher","status":"publish","type":"product","link":"https:\/\/xn--pferdundpftchen-itb.de\/woocommerce\/produkt\/calendula-ohrenpflege-tuecher\/","title":{"rendered":"Calendula Ohrenpflege T\u00fccher"},"content":{"rendered":"<h3><strong>Calendula Ohrenpfleget\u00fccher \u2013 Sanfte und praktische Pflege f\u00fcr empfindliche Ohren<\/strong><\/h3>\n<p>Die <strong>Calendula Ohrenpfleget\u00fccher<\/strong> sind die ideale L\u00f6sung f\u00fcr die milde und hygienische Reinigung von Ohren und Geh\u00f6rgang.<\/p>\n<ul>\n<li><strong>Rei\u00dffest und sanft:<\/strong> Hochwertige, rei\u00dffeste T\u00fccher f\u00fcr eine schonende Anwendung.<\/li>\n<li><strong>Effektive Reinigung:<\/strong> Entfernt Schmutz und pflegt die empfindliche Haut.<\/li>\n<li><strong>Beruhigende und sch\u00fctzende Wirkung:<\/strong>\n<ul>\n<li><strong>Calendula (Ringelblume):<\/strong> Beruhigt gereizte Haut und lindert Juckreiz.<\/li>\n<li><strong>Propolis:<\/strong> Hemmt das Keimwachstum und sch\u00fctzt vor Infektionen.<\/li>\n<\/ul>\n<\/li>\n<li><strong>Zus\u00e4tzliche Vorteile:<\/strong>\n<ul>\n<li>Reduziert unangenehme Ger\u00fcche.<\/li>\n<li>Frei von Silikon, Paraffin und PEG.<\/li>\n<li>Auf pflanzlicher Basis, ohne Tierversuche.<\/li>\n<\/ul>\n<\/li>\n<\/ul>\n<p>Geeignet f\u00fcr <strong>alle Tierarten<\/strong> \u2013 f\u00fcr saubere und gepflegte Ohren, immer und \u00fcberall. Inhalt: <strong>16 sterile Einmal-Feuchtt\u00fccher<\/strong>.<\/p>\n<p>Zusammensetzung: Wasser, Pentylen Glycol, Glycerin, Sodium Benzoate, Kaliumsorbat, Propolis, Calendulaextrakt.<br \/>\nAufgrund des Propolis hat das Tuch eine gelbliche Farbe.<\/p>\n","protected":false},"excerpt":{"rendered":"<p>Calendula Ohrenpfleget\u00fccher \u2013 Sanfte und praktische Pflege f\u00fcr empfindliche Ohren Die Calendula Ohrenpfleget\u00fccher sind die ideale L\u00f6sung f\u00fcr die milde und hygienische Reinigung von Ohren und Geh\u00f6rgang. Rei\u00dffest und sanft: Hochwertige, rei\u00dffeste T\u00fccher f\u00fcr eine schonende Anwendung. Effektive Reinigung: Entfernt Schmutz und pflegt die empfindliche Haut. Beruhigende und sch\u00fctzende Wirkung: Calendula (Ringelblume): Beruhigt gereizte Haut [&hellip;]<\/p>\n","protected":false},"featured_media":710,"comment_status":"open","ping_status":"closed","template":"","meta":[],"product_brand":[],"product_cat":[15,40,46,20,38,43,21,45,44],"product_tag":[],"class_list":{"0":"post-2157","1":"product","2":"type-product","3":"status-publish","4":"has-post-thumbnail","6":"product_cat-pferd","7":"product_cat-pflege-aeusserliche-anwendung-pferd","8":"product_cat-haut-fell-pferd","9":"product_cat-hund","10":"product_cat-pflege-aeuserliche-anwendung","11":"product_cat-haut-fell","12":"product_cat-katze","13":"product_cat-pflege-aeusserliche-anwendung-katze","14":"product_cat-haut-fell-katze","16":"first","17":"instock","18":"taxable","19":"shipping-taxable","20":"purchasable","21":"product-type-simple"},"jetpack_sharing_enabled":true,"_links":{"self":[{"href":"https:\/\/xn--pferdundpftchen-itb.de\/woocommerce\/wp-json\/wp\/v2\/product\/2157","targetHints":{"allow":["GET"]}}],"collection":[{"href":"https:\/\/xn--pferdundpftchen-itb.de\/woocommerce\/wp-json\/wp\/v2\/product"}],"about":[{"href":"https:\/\/xn--pferdundpftchen-itb.de\/woocommerce\/wp-json\/wp\/v2\/types\/product"}],"replies":[{"embeddable":true,"href":"https:\/\/xn--pferdundpftchen-itb.de\/woocommerce\/wp-json\/wp\/v2\/comments?post=2157"}],"wp:featuredmedia":[{"embeddable":true,"href":"https:\/\/xn--pferdundpftchen-itb.de\/woocommerce\/wp-json\/wp\/v2\/media\/710"}],"wp:attachment":[{"href":"https:\/\/xn--pferdundpftchen-itb.de\/woocommerce\/wp-json\/wp\/v2\/media?parent=2157"}],"wp:term":[{"taxonomy":"product_brand","embeddable":true,"href":"https:\/\/xn--pferdundpftchen-itb.de\/woocommerce\/wp-json\/wp\/v2\/product_brand?post=2157"},{"taxonomy":"product_cat","embeddable":true,"href":"https:\/\/xn--pferdundpftchen-itb.de\/woocommerce\/wp-json\/wp\/v2\/product_cat?post=2157"},{"taxonomy":"product_tag","embeddable":true,"href":"https:\/\/xn--pferdundpftchen-itb.de\/woocommerce\/wp-json\/wp\/v2\/product_tag?post=2157"}],"curies":[{"name":"wp","href":"https:\/\/api.w.org\/{rel}","templated":true}]}}