{"id":2159,"date":"2024-03-17T19:35:21","date_gmt":"2024-03-17T18:35:21","guid":{"rendered":"https:\/\/xn--pferdundpftchen-itb.de\/woocommerce\/?post_type=product&#038;p=2159"},"modified":"2025-01-14T20:17:47","modified_gmt":"2025-01-14T19:17:47","slug":"dezidum-dog","status":"publish","type":"product","link":"https:\/\/xn--pferdundpftchen-itb.de\/woocommerce\/produkt\/dezidum-dog\/","title":{"rendered":"Dezidum Dog"},"content":{"rendered":"<h3><strong>Dezidum Dog \u2013 F\u00fcr das innere und \u00e4u\u00dfere Gleichgewicht deines Hundes<\/strong><\/h3>\n<p><strong>Dezidum Dog<\/strong> ist deine Unterst\u00fctzung, wenn es um das Wohlbefinden deines Hundes geht:<\/p>\n<ul>\n<li><strong>Regulierung des S\u00e4ure-Basen-Haushaltes:<\/strong> Die Mineralien-Mischung aus basischen Substanzen hilft, das Gleichgewicht im K\u00f6rper deines Hundes wiederherzustellen.<\/li>\n<li><strong>Hautprobleme sanft lindern:<\/strong>\n<ul>\n<li>Ideal bei Hautproblemen wie Pilzbefall.<\/li>\n<li>Einfach in Wasser anr\u00fchren und f\u00fcr Waschungen oder B\u00e4der nutzen.<\/li>\n<li>Unterst\u00fctzt die Hautregeneration durch einen pH-Wert von \u00fcber 9.<\/li>\n<\/ul>\n<\/li>\n<\/ul>\n<p>Pflege und Wohlbefinden von innen und au\u00dfen \u2013 mit <strong>Dezidum Dog<\/strong> hilfst du deinem Hund, gesund und vital zu bleiben.<\/p>\n<p>Zusammensetzung: Natriumbicarbonat, Trikaliumcitrat, Magnesium-L-Aspartat und Anis<\/p>\n<p>Anwendung:<br \/>\nKleine Hunde bis 5 kg erhalten \u00bd ML am Tag, Hunde bis 15 kg erhalten 1 x 1 ML, Hunde bis 30 kg 2 x 1 ML, gr\u00f6\u00dfere Hunde 2 bis 3 ML. Ein Messl\u00f6ffel (ML) = 5 g.<\/p>\n<p>F\u00fcr B\u00e4der oder Waschungen 4 Messl\u00f6ffel auf 0,5 bis 1 L Wasser.<\/p>\n<p>Wegen der gegen\u00fcber Alleinfuttern erh\u00f6hten Gehalte an Mineralien und Spurenelementen, darf PerNaturam Basenpulver nur bis zu 1 % der Tagesration gegeben werden.&#8220;<\/p>\n","protected":false},"excerpt":{"rendered":"<p>Dezidum Dog \u2013 F\u00fcr das innere und \u00e4u\u00dfere Gleichgewicht deines Hundes Dezidum Dog ist deine Unterst\u00fctzung, wenn es um das Wohlbefinden deines Hundes geht: Regulierung des S\u00e4ure-Basen-Haushaltes: Die Mineralien-Mischung aus basischen Substanzen hilft, das Gleichgewicht im K\u00f6rper deines Hundes wiederherzustellen. Hautprobleme sanft lindern: Ideal bei Hautproblemen wie Pilzbefall. Einfach in Wasser anr\u00fchren und f\u00fcr Waschungen [&hellip;]<\/p>\n","protected":false},"featured_media":720,"comment_status":"open","ping_status":"closed","template":"","meta":[],"product_brand":[],"product_cat":[20,42,38,43,28],"product_tag":[],"class_list":{"0":"post-2159","1":"product","2":"type-product","3":"status-publish","4":"has-post-thumbnail","6":"product_cat-hund","7":"product_cat-ausleitung-entgiftung","8":"product_cat-pflege-aeuserliche-anwendung","9":"product_cat-haut-fell","10":"product_cat-magen-verdauung","12":"first","13":"instock","14":"taxable","15":"shipping-taxable","16":"purchasable","17":"product-type-simple"},"jetpack_sharing_enabled":true,"_links":{"self":[{"href":"https:\/\/xn--pferdundpftchen-itb.de\/woocommerce\/wp-json\/wp\/v2\/product\/2159","targetHints":{"allow":["GET"]}}],"collection":[{"href":"https:\/\/xn--pferdundpftchen-itb.de\/woocommerce\/wp-json\/wp\/v2\/product"}],"about":[{"href":"https:\/\/xn--pferdundpftchen-itb.de\/woocommerce\/wp-json\/wp\/v2\/types\/product"}],"replies":[{"embeddable":true,"href":"https:\/\/xn--pferdundpftchen-itb.de\/woocommerce\/wp-json\/wp\/v2\/comments?post=2159"}],"wp:featuredmedia":[{"embeddable":true,"href":"https:\/\/xn--pferdundpftchen-itb.de\/woocommerce\/wp-json\/wp\/v2\/media\/720"}],"wp:attachment":[{"href":"https:\/\/xn--pferdundpftchen-itb.de\/woocommerce\/wp-json\/wp\/v2\/media?parent=2159"}],"wp:term":[{"taxonomy":"product_brand","embeddable":true,"href":"https:\/\/xn--pferdundpftchen-itb.de\/woocommerce\/wp-json\/wp\/v2\/product_brand?post=2159"},{"taxonomy":"product_cat","embeddable":true,"href":"https:\/\/xn--pferdundpftchen-itb.de\/woocommerce\/wp-json\/wp\/v2\/product_cat?post=2159"},{"taxonomy":"product_tag","embeddable":true,"href":"https:\/\/xn--pferdundpftchen-itb.de\/woocommerce\/wp-json\/wp\/v2\/product_tag?post=2159"}],"curies":[{"name":"wp","href":"https:\/\/api.w.org\/{rel}","templated":true}]}}