{"id":2160,"date":"2024-03-17T19:38:57","date_gmt":"2024-03-17T18:38:57","guid":{"rendered":"https:\/\/xn--pferdundpftchen-itb.de\/woocommerce\/?post_type=product&#038;p=2160"},"modified":"2025-01-02T19:52:15","modified_gmt":"2025-01-02T18:52:15","slug":"hortus-gemuese-mix","status":"publish","type":"product","link":"https:\/\/xn--pferdundpftchen-itb.de\/woocommerce\/produkt\/hortus-gemuese-mix\/","title":{"rendered":"Hortus Gem\u00fcse Mix"},"content":{"rendered":"<p><strong>Hortus Gem\u00fcse Mix \u2013 Die nat\u00fcrliche Vitamin- und Mineralquelle f\u00fcr Dein Pferd!<\/strong><\/p>\n<p>G\u00f6nn Deinem Pferd eine gesunde und leckere Erg\u00e4nzung mit <em>Hortus Gem\u00fcse Mix<\/em> von PerNaturam! Diese schmackhafte Mischung aus getrocknetem Obst und Gem\u00fcse versorgt Dein Pferd mit wertvollen organischen Mineralien und Spurenelementen. Sie ist die ideale M\u00f6glichkeit, den Speiseplan Deines Pferdes mit nat\u00fcrlichen N\u00e4hrstoffen zu bereichern.<\/p>\n<p><strong>Warum ist <em>Hortus Gem\u00fcse Mix<\/em> so besonders?<\/strong><\/p>\n<ul>\n<li><strong>Hochwertige N\u00e4hrstoffe:<\/strong> Die Mischung enth\u00e4lt einen hohen Anteil an organisch gebundenen Mineralien und Spurenelementen, die Dein Pferd f\u00fcr seine Gesundheit und Vitalit\u00e4t ben\u00f6tigt.<\/li>\n<li><strong>Nat\u00fcrliche Vitamine:<\/strong> Durch die sorgf\u00e4ltige Auswahl von Obst und Gem\u00fcse erh\u00e4lt Dein Pferd nicht nur wichtige Mineralien, sondern auch wertvolle Vitamine aus nat\u00fcrlichen Quellen.<\/li>\n<li><strong>Beruhigt Magen und Darm:<\/strong> <em>Hortus<\/em> unterst\u00fctzt die Magen- und Darmschleimh\u00e4ute, beruhigt den Verdauungstrakt und hilft, \u00fcbersch\u00fcssige Fl\u00fcssigkeit im Darm zu binden.<\/li>\n<li><strong>F\u00f6rdert Speichelsekretion:<\/strong> Durch die feuchtigkeitsspendende Wirkung regt <em>Hortus<\/em> die Speichelproduktion an, was besonders bei empfindlichen Pferden von Vorteil ist.<\/li>\n<li><strong>Hohe Quellf\u00e4higkeit:<\/strong> Die Mischung quillt nach der Anfeuchtung um das F\u00fcnffache, sodass sie besonders ergiebig ist \u2013 aus 10 kg Frischgem\u00fcse wird 1 kg <em>Hortus<\/em>.<\/li>\n<li><strong>Vielf\u00e4ltige Anwendung:<\/strong> Ideal als Erg\u00e4nzung und Aufwertung von Grund- oder Mineralfutter oder als Bestandteil von selbst gemischtem M\u00fcsli. Perfekt, um die Futterration abzurunden!<\/li>\n<\/ul>\n<p><strong>Perfekt f\u00fcr eine gesunde Erg\u00e4nzung im t\u00e4glichen Futterplan!<\/strong> Mit <em>Hortus Gem\u00fcse Mix<\/em> bietest Du Deinem Pferd eine nat\u00fcrliche und schmackhafte M\u00f6glichkeit, seine N\u00e4hrstoffversorgung zu optimieren.<\/p>\n<p>Zusammensetzung: M\u00f6hre, Sellerie, Pastinake, Apfelgranulat, Petersilienstiele, Meerrettich und Johannisbrot.<\/p>\n<p>F\u00fctterungsempfehlung: Gib je nach Gr\u00f6\u00dfe des Pferdes 50 &#8211; 100 g Hortus angefeuchtet zum Futter. Die Mischung sollte angefeuchtet werden, da sie beim Quellen ihr Volumen um das F\u00fcnffache vergr\u00f6\u00dfert. So wird sie besonders saftig und angenehm f\u00fcr Dein Pferd zu fressen. Einfach zum Futter dazugeben \u2013 fertig! Sie kann ggf. auch trocken gef\u00fcttert werden, da sie langsam aufquillt und somit keine Gefahr von Schlundverstopfung besteht.<\/p>\n","protected":false},"excerpt":{"rendered":"<p>Hortus Gem\u00fcse Mix \u2013 Die nat\u00fcrliche Vitamin- und Mineralquelle f\u00fcr Dein Pferd! G\u00f6nn Deinem Pferd eine gesunde und leckere Erg\u00e4nzung mit Hortus Gem\u00fcse Mix von PerNaturam! Diese schmackhafte Mischung aus getrocknetem Obst und Gem\u00fcse versorgt Dein Pferd mit wertvollen organischen Mineralien und Spurenelementen. Sie ist die ideale M\u00f6glichkeit, den Speiseplan Deines Pferdes mit nat\u00fcrlichen N\u00e4hrstoffen [&hellip;]<\/p>\n","protected":false},"featured_media":764,"comment_status":"open","ping_status":"closed","template":"","meta":[],"product_brand":[],"product_cat":[15,47,70,33],"product_tag":[],"class_list":{"0":"post-2160","1":"product","2":"type-product","3":"status-publish","4":"has-post-thumbnail","6":"product_cat-pferd","7":"product_cat-grundversorgung-pferd","8":"product_cat-mineralstoffe-pferd","9":"product_cat-magen-verdauung-pferd","11":"first","12":"instock","13":"taxable","14":"shipping-taxable","15":"purchasable","16":"product-type-simple"},"jetpack_sharing_enabled":true,"_links":{"self":[{"href":"https:\/\/xn--pferdundpftchen-itb.de\/woocommerce\/wp-json\/wp\/v2\/product\/2160","targetHints":{"allow":["GET"]}}],"collection":[{"href":"https:\/\/xn--pferdundpftchen-itb.de\/woocommerce\/wp-json\/wp\/v2\/product"}],"about":[{"href":"https:\/\/xn--pferdundpftchen-itb.de\/woocommerce\/wp-json\/wp\/v2\/types\/product"}],"replies":[{"embeddable":true,"href":"https:\/\/xn--pferdundpftchen-itb.de\/woocommerce\/wp-json\/wp\/v2\/comments?post=2160"}],"wp:featuredmedia":[{"embeddable":true,"href":"https:\/\/xn--pferdundpftchen-itb.de\/woocommerce\/wp-json\/wp\/v2\/media\/764"}],"wp:attachment":[{"href":"https:\/\/xn--pferdundpftchen-itb.de\/woocommerce\/wp-json\/wp\/v2\/media?parent=2160"}],"wp:term":[{"taxonomy":"product_brand","embeddable":true,"href":"https:\/\/xn--pferdundpftchen-itb.de\/woocommerce\/wp-json\/wp\/v2\/product_brand?post=2160"},{"taxonomy":"product_cat","embeddable":true,"href":"https:\/\/xn--pferdundpftchen-itb.de\/woocommerce\/wp-json\/wp\/v2\/product_cat?post=2160"},{"taxonomy":"product_tag","embeddable":true,"href":"https:\/\/xn--pferdundpftchen-itb.de\/woocommerce\/wp-json\/wp\/v2\/product_tag?post=2160"}],"curies":[{"name":"wp","href":"https:\/\/api.w.org\/{rel}","templated":true}]}}