{"id":2161,"date":"2024-03-17T19:44:03","date_gmt":"2024-03-17T18:44:03","guid":{"rendered":"https:\/\/xn--pferdundpftchen-itb.de\/woocommerce\/?post_type=product&#038;p=2161"},"modified":"2024-03-17T19:44:03","modified_gmt":"2024-03-17T18:44:03","slug":"kaldera-spirulina","status":"publish","type":"product","link":"https:\/\/xn--pferdundpftchen-itb.de\/woocommerce\/produkt\/kaldera-spirulina\/","title":{"rendered":"Kaldera Spirulina"},"content":{"rendered":"<p>In Burmas unber\u00fchrten, sauberen Kraterseen w\u00e4chst diese hochwertige Spirulina. Sie wird direkt an den Ufern getrocknet. Die meisten Hunde lieben sie!<br \/>\nDer hohe Gehalt an Chlorophyllen, Aminos\u00e4uren und Mineralien sorgt f\u00fcr eine erstaunliche Vitalisierung des Hundes, bringt mehr Glanz ins Fell und f\u00fchrt zu einer intensiveren Pigmentierung. Zus\u00e4tzlich pflegt Kaldera Spirulina die Darmflora, wirkt entgiftend und unterst\u00fctzt das Immunsystem. <\/p>\n<p>Zusammensetzung: 100% sonnengetrocknete Spirulinaflocken.<\/p>\n<p>F\u00fctterungsempfehlung: Geben Sie Kaldera Spirulina von PerNaturam als Futtererg\u00e4nzung oder zur Belohnung. Hunde bis 10 kg K\u00f6rpergewicht erhalten 1 Teel\u00f6ffel (3 g), gr\u00f6\u00dfere Hunde bis zu 10 g.<\/p>\n","protected":false},"excerpt":{"rendered":"<p>In Burmas unber\u00fchrten, sauberen Kraterseen w\u00e4chst diese hochwertige Spirulina. Sie wird direkt an den Ufern getrocknet. Die meisten Hunde lieben sie! Der hohe Gehalt an Chlorophyllen, Aminos\u00e4uren und Mineralien sorgt f\u00fcr eine erstaunliche Vitalisierung des Hundes, bringt mehr Glanz ins Fell und f\u00fchrt zu einer intensiveren Pigmentierung. Zus\u00e4tzlich pflegt Kaldera Spirulina die Darmflora, wirkt entgiftend [&hellip;]<\/p>\n","protected":false},"featured_media":773,"comment_status":"open","ping_status":"closed","template":"","meta":[],"product_brand":[],"product_cat":[46,36,33,20,41],"product_tag":[],"class_list":{"0":"post-2161","1":"product","2":"type-product","3":"status-publish","4":"has-post-thumbnail","6":"product_cat-haut-fell-pferd","7":"product_cat-immunsystem-pferd","8":"product_cat-magen-verdauung-pferd","9":"product_cat-hund","10":"product_cat-mineralstoffe","12":"first","13":"instock","14":"taxable","15":"shipping-taxable","16":"purchasable","17":"product-type-variable"},"jetpack_sharing_enabled":true,"_links":{"self":[{"href":"https:\/\/xn--pferdundpftchen-itb.de\/woocommerce\/wp-json\/wp\/v2\/product\/2161","targetHints":{"allow":["GET"]}}],"collection":[{"href":"https:\/\/xn--pferdundpftchen-itb.de\/woocommerce\/wp-json\/wp\/v2\/product"}],"about":[{"href":"https:\/\/xn--pferdundpftchen-itb.de\/woocommerce\/wp-json\/wp\/v2\/types\/product"}],"replies":[{"embeddable":true,"href":"https:\/\/xn--pferdundpftchen-itb.de\/woocommerce\/wp-json\/wp\/v2\/comments?post=2161"}],"wp:featuredmedia":[{"embeddable":true,"href":"https:\/\/xn--pferdundpftchen-itb.de\/woocommerce\/wp-json\/wp\/v2\/media\/773"}],"wp:attachment":[{"href":"https:\/\/xn--pferdundpftchen-itb.de\/woocommerce\/wp-json\/wp\/v2\/media?parent=2161"}],"wp:term":[{"taxonomy":"product_brand","embeddable":true,"href":"https:\/\/xn--pferdundpftchen-itb.de\/woocommerce\/wp-json\/wp\/v2\/product_brand?post=2161"},{"taxonomy":"product_cat","embeddable":true,"href":"https:\/\/xn--pferdundpftchen-itb.de\/woocommerce\/wp-json\/wp\/v2\/product_cat?post=2161"},{"taxonomy":"product_tag","embeddable":true,"href":"https:\/\/xn--pferdundpftchen-itb.de\/woocommerce\/wp-json\/wp\/v2\/product_tag?post=2161"}],"curies":[{"name":"wp","href":"https:\/\/api.w.org\/{rel}","templated":true}]}}