{"id":2165,"date":"2024-03-17T19:47:43","date_gmt":"2024-03-17T18:47:43","guid":{"rendered":"https:\/\/xn--pferdundpftchen-itb.de\/woocommerce\/?post_type=product&#038;p=2165"},"modified":"2025-01-05T18:12:49","modified_gmt":"2025-01-05T17:12:49","slug":"klostergarten","status":"publish","type":"product","link":"https:\/\/xn--pferdundpftchen-itb.de\/woocommerce\/produkt\/klostergarten\/","title":{"rendered":"Klostergarten"},"content":{"rendered":"<p><strong>Klostergarten \u2013 Die nat\u00fcrliche Kr\u00e4utermischung f\u00fcr dein Pferd!<\/strong><\/p>\n<p>Bringe die Vielfalt einer gesunden Wiese oder Weide direkt in die Futterkrippe deines Pferdes \u2013 mit der Klostergarten-Kr\u00e4utermischung! Diese ausgewogene Mischung aus 28 sorgf\u00e4ltig ausgew\u00e4hlten Kr\u00e4utern bringt nicht nur Geschmack, sondern auch viele gesundheitliche Vorteile f\u00fcr dein Pferd.<\/p>\n<p><strong>Was macht die Klostergarten-Kr\u00e4utermischung so besonders?<\/strong><\/p>\n<ul>\n<li><strong>Vielfalt der Natur<\/strong>: Enthalten sind 28 wertvolle Gew\u00fcrz- und Heilkr\u00e4uter, die sich traditionell in alten Klosterg\u00e4rten finden \u2013 Kr\u00e4uter, die wildlebende Pferde im jahreszeitlichen Wechsel regelm\u00e4\u00dfig aufnehmen.<\/li>\n<li><strong>Reich an N\u00e4hrstoffen<\/strong>: Die Kr\u00e4utermischung enth\u00e4lt zahlreiche sekund\u00e4re Pflanzenstoffe, wichtige Enzyme und nat\u00fcrliche Antioxidantien, die das Wohlbefinden deines Pferdes f\u00f6rdern.<\/li>\n<li><strong>F\u00f6rderung der Verdauung<\/strong>: Durch die spezielle Kr\u00e4utervielfalt wird die Darmflora aktiv unterst\u00fctzt, die Verdauung optimiert und der S\u00e4ure-Basenhaushalt reguliert. Ein gesunder Verdauungstrakt ist die Grundlage f\u00fcr Vitalit\u00e4t und Wohlbefinden.<\/li>\n<li><strong>Sch\u00f6neres Fell &amp; mehr<\/strong>: Die anregende Wirkung der Kr\u00e4uter sorgt f\u00fcr einen gl\u00e4nzenden Fellauftritt und f\u00f6rdert das allgemeine Wohlbefinden deines Pferdes.<\/li>\n<li><strong>Nat\u00fcrlich &amp; traditionell<\/strong>: Die Rezeptur der Klostergarten-Kr\u00e4utermischung basiert auf uralten Wissen aus den Klosterg\u00e4rten \u2013 ein wahres Naturwunder f\u00fcr dein Pferd!<\/li>\n<\/ul>\n<p>Bereichere das t\u00e4gliche Futter deines Pferdes mit dieser einzigartigen Kr\u00e4utermischung und unterst\u00fctze es auf nat\u00fcrliche Weise bei seiner Gesundheit und Vitalit\u00e4t. Ob als Erg\u00e4nzung zum Futter oder einfach zur F\u00f6rderung des allgemeinen Wohlbefindens \u2013 der Klostergarten ist der ideale Begleiter f\u00fcr dein Pferd.<\/p>\n<p>Hol dir jetzt die <strong>Klostergarten-Kr\u00e4utermischung<\/strong> und tu deinem Pferd etwas Gutes \u2013 auf nat\u00fcrliche, nachhaltige Weise!<\/p>\n<p>Zusammensetzung: Ackerschachtelhalm, Anis, Arnika, Birkenbl\u00e4tter, Ehrenpreis, Fenchel, Frauenmantel, Hagebutte, Kamille, K\u00f6nigskerze, Koriander, K\u00fcmmel, Labkraut, Lindenbl\u00fcte, L\u00f6wenzahn, wilder Majoran, Minze, Nessel, Ringelblume, Schafgarbe, Spitzwegerich, Stiefm\u00fctterchen, Thymian, Verbene, Vogelkn\u00f6terich, Weidenr\u00f6schen, Wei\u00dfdorn und Zitronenmelisse.<\/p>\n<p>F\u00fctterungsempfehlung: Kr\u00e4uter sollten das Futter immer bereichern. F\u00fcttere ca. 50 g bis 70 g Klostergarten t\u00e4glich pro Pferd, am besten angefeuchtet \u00fcber das Futter. Noch besser ist es, wenn du die verschiedenen PerNaturam Kr\u00e4utermischungen abwechselnd f\u00fctterst.<\/p>\n","protected":false},"excerpt":{"rendered":"<p>Klostergarten \u2013 Die nat\u00fcrliche Kr\u00e4utermischung f\u00fcr dein Pferd! Bringe die Vielfalt einer gesunden Wiese oder Weide direkt in die Futterkrippe deines Pferdes \u2013 mit der Klostergarten-Kr\u00e4utermischung! Diese ausgewogene Mischung aus 28 sorgf\u00e4ltig ausgew\u00e4hlten Kr\u00e4utern bringt nicht nur Geschmack, sondern auch viele gesundheitliche Vorteile f\u00fcr dein Pferd. Was macht die Klostergarten-Kr\u00e4utermischung so besonders? Vielfalt der Natur: [&hellip;]<\/p>\n","protected":false},"featured_media":778,"comment_status":"open","ping_status":"closed","template":"","meta":[],"product_brand":[],"product_cat":[15,47,46,33],"product_tag":[],"class_list":{"0":"post-2165","1":"product","2":"type-product","3":"status-publish","4":"has-post-thumbnail","6":"product_cat-pferd","7":"product_cat-grundversorgung-pferd","8":"product_cat-haut-fell-pferd","9":"product_cat-magen-verdauung-pferd","11":"first","12":"instock","13":"taxable","14":"shipping-taxable","15":"purchasable","16":"product-type-variable"},"jetpack_sharing_enabled":true,"_links":{"self":[{"href":"https:\/\/xn--pferdundpftchen-itb.de\/woocommerce\/wp-json\/wp\/v2\/product\/2165","targetHints":{"allow":["GET"]}}],"collection":[{"href":"https:\/\/xn--pferdundpftchen-itb.de\/woocommerce\/wp-json\/wp\/v2\/product"}],"about":[{"href":"https:\/\/xn--pferdundpftchen-itb.de\/woocommerce\/wp-json\/wp\/v2\/types\/product"}],"replies":[{"embeddable":true,"href":"https:\/\/xn--pferdundpftchen-itb.de\/woocommerce\/wp-json\/wp\/v2\/comments?post=2165"}],"wp:featuredmedia":[{"embeddable":true,"href":"https:\/\/xn--pferdundpftchen-itb.de\/woocommerce\/wp-json\/wp\/v2\/media\/778"}],"wp:attachment":[{"href":"https:\/\/xn--pferdundpftchen-itb.de\/woocommerce\/wp-json\/wp\/v2\/media?parent=2165"}],"wp:term":[{"taxonomy":"product_brand","embeddable":true,"href":"https:\/\/xn--pferdundpftchen-itb.de\/woocommerce\/wp-json\/wp\/v2\/product_brand?post=2165"},{"taxonomy":"product_cat","embeddable":true,"href":"https:\/\/xn--pferdundpftchen-itb.de\/woocommerce\/wp-json\/wp\/v2\/product_cat?post=2165"},{"taxonomy":"product_tag","embeddable":true,"href":"https:\/\/xn--pferdundpftchen-itb.de\/woocommerce\/wp-json\/wp\/v2\/product_tag?post=2165"}],"curies":[{"name":"wp","href":"https:\/\/api.w.org\/{rel}","templated":true}]}}