{"id":2170,"date":"2024-04-04T10:32:26","date_gmt":"2024-04-04T08:32:26","guid":{"rendered":"https:\/\/xn--pferdundpftchen-itb.de\/woocommerce\/?post_type=product&#038;p=2170"},"modified":"2025-01-25T19:07:46","modified_gmt":"2025-01-25T18:07:46","slug":"himalaya-kaesestange","status":"publish","type":"product","link":"https:\/\/xn--pferdundpftchen-itb.de\/woocommerce\/produkt\/himalaya-kaesestange\/","title":{"rendered":"Himalaya K\u00e4sestange"},"content":{"rendered":"<p><strong>Himalaya K\u00e4sestangen von SANA Dog \u2013 Der gesunde Kauspa\u00df f\u00fcr deinen Hund!<\/strong><\/p>\n<p>Die <strong>Himalaya K\u00e4sestangen<\/strong> von SANA Dog bieten deinem Hund einen leckeren und gleichzeitig gesunden Kauspa\u00df! Durch das einzigartige Trocknungs- und Reifeverfahren ist der Kauk\u00e4se fettarm und eignet sich deshalb hervorragend auch f\u00fcr \u00fcbergewichtige Hunde.<\/p>\n<p>\ud83c\udf3f <strong>Nat\u00fcrlicher Kaugenuss<\/strong> \u2013 getreide- und glutenfrei, f\u00fcr eine gesunde Ern\u00e4hrung.<br \/>\n\ud83d\udcaa <strong>Gut verdaulich<\/strong> \u2013 unterst\u00fctzt die Verdauung und f\u00f6rdert ein gesundes Immunsystem durch die enthaltenen Milchs\u00e4urebakterien (Laktobakterien).<br \/>\n\ud83e\uddb7 <strong>Zahn- und Maulhygiene<\/strong> \u2013 die harte Konsistenz des Kauk\u00e4se hilft auf leckere Weise, die Z\u00e4hne deines Hundes zu pflegen.<br \/>\n\ud83c\udf43 <strong>Reich an unges\u00e4ttigten Fetts\u00e4uren<\/strong> \u2013 f\u00fcr eine ausgewogene und gesunde Ern\u00e4hrung.<br \/>\n\ud83c\udde7\ud83c\uddea <strong>Herkunft aus Belgien<\/strong> \u2013 im Gegensatz zu vielen anderen Produkten kommt unser Natur Kauk\u00e4se nicht aus Nepal oder Indien, sondern wird aus Milch gesunder K\u00fche in Belgien hergestellt.<\/p>\n<p>Die <strong>Himalaya K\u00e4sestangen<\/strong> sind der ideale Snack f\u00fcr Hunde, die nicht nur Geschmack, sondern auch Gesundheit und Wohlbefinden sch\u00e4tzen. Perfekt f\u00fcr die t\u00e4gliche Belohnung oder als gesunder Kauspa\u00df zwischendurch!<\/p>\n<p>Inhalt: 70g<\/p>\n<p>Als Belohnung oder Snack zwischen den Mahlzeiten. Reduzierung der Futtermenge nach Bedarf. Immer frisches und sauberes Trinkwasser bereitstellen. K\u00fchl und trocken lagern. Nicht f\u00fcr Hunde unter 3 Monaten geeignet.<\/p>\n","protected":false},"excerpt":{"rendered":"<p>Himalaya K\u00e4sestangen von SANA Dog \u2013 Der gesunde Kauspa\u00df f\u00fcr deinen Hund! Die Himalaya K\u00e4sestangen von SANA Dog bieten deinem Hund einen leckeren und gleichzeitig gesunden Kauspa\u00df! Durch das einzigartige Trocknungs- und Reifeverfahren ist der Kauk\u00e4se fettarm und eignet sich deshalb hervorragend auch f\u00fcr \u00fcbergewichtige Hunde. \ud83c\udf3f Nat\u00fcrlicher Kaugenuss \u2013 getreide- und glutenfrei, f\u00fcr eine [&hellip;]<\/p>\n","protected":false},"featured_media":2172,"comment_status":"open","ping_status":"closed","template":"","meta":[],"product_brand":[],"product_cat":[20,68,30],"product_tag":[],"class_list":{"0":"post-2170","1":"product","2":"type-product","3":"status-publish","4":"has-post-thumbnail","6":"product_cat-hund","7":"product_cat-leckerlies-snacks-hund","8":"product_cat-zaehne-maul","10":"first","11":"instock","12":"taxable","13":"shipping-taxable","14":"purchasable","15":"product-type-simple"},"jetpack_sharing_enabled":true,"_links":{"self":[{"href":"https:\/\/xn--pferdundpftchen-itb.de\/woocommerce\/wp-json\/wp\/v2\/product\/2170","targetHints":{"allow":["GET"]}}],"collection":[{"href":"https:\/\/xn--pferdundpftchen-itb.de\/woocommerce\/wp-json\/wp\/v2\/product"}],"about":[{"href":"https:\/\/xn--pferdundpftchen-itb.de\/woocommerce\/wp-json\/wp\/v2\/types\/product"}],"replies":[{"embeddable":true,"href":"https:\/\/xn--pferdundpftchen-itb.de\/woocommerce\/wp-json\/wp\/v2\/comments?post=2170"}],"wp:featuredmedia":[{"embeddable":true,"href":"https:\/\/xn--pferdundpftchen-itb.de\/woocommerce\/wp-json\/wp\/v2\/media\/2172"}],"wp:attachment":[{"href":"https:\/\/xn--pferdundpftchen-itb.de\/woocommerce\/wp-json\/wp\/v2\/media?parent=2170"}],"wp:term":[{"taxonomy":"product_brand","embeddable":true,"href":"https:\/\/xn--pferdundpftchen-itb.de\/woocommerce\/wp-json\/wp\/v2\/product_brand?post=2170"},{"taxonomy":"product_cat","embeddable":true,"href":"https:\/\/xn--pferdundpftchen-itb.de\/woocommerce\/wp-json\/wp\/v2\/product_cat?post=2170"},{"taxonomy":"product_tag","embeddable":true,"href":"https:\/\/xn--pferdundpftchen-itb.de\/woocommerce\/wp-json\/wp\/v2\/product_tag?post=2170"}],"curies":[{"name":"wp","href":"https:\/\/api.w.org\/{rel}","templated":true}]}}