{"id":2184,"date":"2024-04-04T10:38:03","date_gmt":"2024-04-04T08:38:03","guid":{"rendered":"https:\/\/xn--pferdundpftchen-itb.de\/woocommerce\/?post_type=product&#038;p=2184"},"modified":"2025-01-25T11:51:54","modified_gmt":"2025-01-25T10:51:54","slug":"ochsenziemer-monster","status":"publish","type":"product","link":"https:\/\/xn--pferdundpftchen-itb.de\/woocommerce\/produkt\/ochsenziemer-monster\/","title":{"rendered":"Ochsenziemer, Monster"},"content":{"rendered":"<p>SANADOG gezopfte Ochsenziemer \u2013 Der nat\u00fcrliche Kauspa\u00df f\u00fcr gesunde Hunde<\/p>\n<p>Unsere gezopften Ochsenziemer sind der perfekte Snack f\u00fcr deinen Hund: nat\u00fcrlich, gesund und reich an wertvollen N\u00e4hrstoffen. Im Gegensatz zu herk\u00f6mmlichen Ochsenziemern aus Asien, die oft unangenehm riechen, \u00fcberzeugen die SANADOG Ochsenziemer durch ihren milden, nat\u00fcrlichen Duft \u2013 dank der schonenden Lufttrocknungstechnologie.<\/p>\n<p>\u2714 Naturbelassen &amp; unbehandelt \u2013 aus 100% Fleisch, ohne Zus\u00e4tze, Konservierungs- oder Farbstoffe<br \/>\n\u2714 Schonend luftgetrocknet \u2013 moderner Herstellungsprozess f\u00fcr maximale N\u00e4hrstoffe<br \/>\n\u2714 Vielseitig einsetzbar \u2013 ideal als Snack, Belohnung, zur Zahnpflege oder als Besch\u00e4ftigung<br \/>\n\u2714 F\u00f6rdert die Zahngesundheit \u2013 unterst\u00fctzt die Reinigung der Z\u00e4hne beim Kauen<br \/>\n\u2714 Stressabbau durch Kauen \u2013 befriedigt das nat\u00fcrliche Kaubed\u00fcrfnis und sorgt f\u00fcr Entspannung<br \/>\n\u2714 R\u00fcckverfolgbar &amp; lokal \u2013 sorgf\u00e4ltig ausgew\u00e4hlte Zutaten aus vertrauensw\u00fcrdigen Quellen<\/p>\n<p>Mit SANADOG entscheidest du dich f\u00fcr einen Premium-Kauartikel, der deinem Hund langen Kauspa\u00df bietet, seine Gesundheit unterst\u00fctzt und gleichzeitig eine nat\u00fcrliche und nachhaltige Wahl darstellt.<\/p>\n<p>SANADOG gezopfte Ochsenziemer \u2013 Qualit\u00e4t, die du riechst, und dein Hund liebt.<\/p>\n<p>Preis pro St\u00fcck.<\/p>\n<p>Zusammensetzung: 100% Ochsenziemer<\/p>\n<p>F\u00fctterungsempfehlung: Als Belohnung oder Snack zwischen den Mahlzeiten. Reduzierung der Futtermenge nach Bedarf. Immer frisches und sauberes Trinkwasser bereitstellen. K\u00fchl und trocken lagern. Nicht f\u00fcr Hunde unter 3 Monaten geeignet.<\/p>\n","protected":false},"excerpt":{"rendered":"<p>SANADOG gezopfte Ochsenziemer \u2013 Der nat\u00fcrliche Kauspa\u00df f\u00fcr gesunde Hunde Unsere gezopften Ochsenziemer sind der perfekte Snack f\u00fcr deinen Hund: nat\u00fcrlich, gesund und reich an wertvollen N\u00e4hrstoffen. Im Gegensatz zu herk\u00f6mmlichen Ochsenziemern aus Asien, die oft unangenehm riechen, \u00fcberzeugen die SANADOG Ochsenziemer durch ihren milden, nat\u00fcrlichen Duft \u2013 dank der schonenden Lufttrocknungstechnologie. \u2714 Naturbelassen &amp; [&hellip;]<\/p>\n","protected":false},"featured_media":2177,"comment_status":"open","ping_status":"closed","template":"","meta":[],"product_brand":[],"product_cat":[20,68,30],"product_tag":[],"class_list":{"0":"post-2184","1":"product","2":"type-product","3":"status-publish","4":"has-post-thumbnail","6":"product_cat-hund","7":"product_cat-leckerlies-snacks-hund","8":"product_cat-zaehne-maul","10":"first","11":"instock","12":"taxable","13":"shipping-taxable","14":"purchasable","15":"product-type-variable"},"jetpack_sharing_enabled":true,"_links":{"self":[{"href":"https:\/\/xn--pferdundpftchen-itb.de\/woocommerce\/wp-json\/wp\/v2\/product\/2184","targetHints":{"allow":["GET"]}}],"collection":[{"href":"https:\/\/xn--pferdundpftchen-itb.de\/woocommerce\/wp-json\/wp\/v2\/product"}],"about":[{"href":"https:\/\/xn--pferdundpftchen-itb.de\/woocommerce\/wp-json\/wp\/v2\/types\/product"}],"replies":[{"embeddable":true,"href":"https:\/\/xn--pferdundpftchen-itb.de\/woocommerce\/wp-json\/wp\/v2\/comments?post=2184"}],"wp:featuredmedia":[{"embeddable":true,"href":"https:\/\/xn--pferdundpftchen-itb.de\/woocommerce\/wp-json\/wp\/v2\/media\/2177"}],"wp:attachment":[{"href":"https:\/\/xn--pferdundpftchen-itb.de\/woocommerce\/wp-json\/wp\/v2\/media?parent=2184"}],"wp:term":[{"taxonomy":"product_brand","embeddable":true,"href":"https:\/\/xn--pferdundpftchen-itb.de\/woocommerce\/wp-json\/wp\/v2\/product_brand?post=2184"},{"taxonomy":"product_cat","embeddable":true,"href":"https:\/\/xn--pferdundpftchen-itb.de\/woocommerce\/wp-json\/wp\/v2\/product_cat?post=2184"},{"taxonomy":"product_tag","embeddable":true,"href":"https:\/\/xn--pferdundpftchen-itb.de\/woocommerce\/wp-json\/wp\/v2\/product_tag?post=2184"}],"curies":[{"name":"wp","href":"https:\/\/api.w.org\/{rel}","templated":true}]}}