{"id":2189,"date":"2024-04-04T10:43:41","date_gmt":"2024-04-04T08:43:41","guid":{"rendered":"https:\/\/xn--pferdundpftchen-itb.de\/woocommerce\/?post_type=product&#038;p=2189"},"modified":"2025-02-09T19:12:44","modified_gmt":"2025-02-09T18:12:44","slug":"lammohren","status":"publish","type":"product","link":"https:\/\/xn--pferdundpftchen-itb.de\/woocommerce\/produkt\/lammohren\/","title":{"rendered":"Lammohren"},"content":{"rendered":"<p><strong>SANA Dog Lammohren \u2013 Der besondere Hundesnack f\u00fcr anspruchsvolle Vierbeiner!<\/strong><\/p>\n<p>Die <strong>SANA Dog Lammohren<\/strong> sind der perfekte Snack f\u00fcr alle, die ihrem Hund etwas ganz Besonderes bieten m\u00f6chten. Die zarten, fettarmen Lammohren sind reich an hochwertigem Kollagen \u2013 einem essenziellen Strukturprotein, das die Zugfestigkeit des Bindegewebes unterst\u00fctzt. Kollagen ist wichtig f\u00fcr die Elastizit\u00e4t und Festigkeit von Haut, B\u00e4ndern, Sehnen, Knorpeln, Knochen, Skelettmuskulatur, Blutgef\u00e4\u00dfen und sogar Z\u00e4hnen.<\/p>\n<p>Als hypoallergene Fleischsorte ist Lamm ideal f\u00fcr Hunde mit Allergien oder Futtermittelunvertr\u00e4glichkeiten geeignet.<\/p>\n<p>Unsere <strong>Lammohren<\/strong> werden ohne jegliche Zus\u00e4tze wie Zucker, Mais, Weizen, Soja, Farbstoffe, Bleichungsmittel, Konservierungsstoffe oder F\u00fcllstoffe in unserer eigenen Manufaktur hergestellt. Sie werden schonend luftgetrocknet \u2013 eine moderne Interpretation traditioneller Fleischkonservierungstechniken, die die N\u00e4hrstoffe bewahrt.<\/p>\n<p>Die sorgf\u00e4ltig ausgew\u00e4hlten Lammohren stammen aus lokaler und nachhaltiger Herkunft und sind zu 100 % r\u00fcckverfolgbar. Dank der behutsamen Verarbeitung bleiben die wertvollen N\u00e4hrstoffe erhalten, die deinen Hund dabei unterst\u00fctzen, gesund und vital zu bleiben.<\/p>\n<p><strong>SANA Dog Lammohren<\/strong> \u2013 nat\u00fcrlicher Kauspa\u00df mit Verantwortung und Qualit\u00e4t!<\/p>\n<p>Inhalt: 500g<\/p>\n<p>Zusammensetzung: 100% Lammohren<\/p>\n<p>F\u00fctterungsempfehlung: Als Belohnung oder Snack zwischen den Mahlzeiten. Reduzierung der Futtermenge nach Bedarf. Immer frisches und sauberes Trinkwasser bereitstellen. K\u00fchl und trocken lagern. Nicht f\u00fcr Hunde unter 3 Monaten geeignet.<\/p>\n","protected":false},"excerpt":{"rendered":"<p>SANA Dog Lammohren \u2013 Der besondere Hundesnack f\u00fcr anspruchsvolle Vierbeiner! Die SANA Dog Lammohren sind der perfekte Snack f\u00fcr alle, die ihrem Hund etwas ganz Besonderes bieten m\u00f6chten. Die zarten, fettarmen Lammohren sind reich an hochwertigem Kollagen \u2013 einem essenziellen Strukturprotein, das die Zugfestigkeit des Bindegewebes unterst\u00fctzt. Kollagen ist wichtig f\u00fcr die Elastizit\u00e4t und Festigkeit [&hellip;]<\/p>\n","protected":false},"featured_media":2174,"comment_status":"open","ping_status":"closed","template":"","meta":[],"product_brand":[],"product_cat":[20,68],"product_tag":[],"class_list":{"0":"post-2189","1":"product","2":"type-product","3":"status-publish","4":"has-post-thumbnail","6":"product_cat-hund","7":"product_cat-leckerlies-snacks-hund","9":"first","10":"instock","11":"taxable","12":"shipping-taxable","13":"purchasable","14":"product-type-simple"},"jetpack_sharing_enabled":true,"_links":{"self":[{"href":"https:\/\/xn--pferdundpftchen-itb.de\/woocommerce\/wp-json\/wp\/v2\/product\/2189","targetHints":{"allow":["GET"]}}],"collection":[{"href":"https:\/\/xn--pferdundpftchen-itb.de\/woocommerce\/wp-json\/wp\/v2\/product"}],"about":[{"href":"https:\/\/xn--pferdundpftchen-itb.de\/woocommerce\/wp-json\/wp\/v2\/types\/product"}],"replies":[{"embeddable":true,"href":"https:\/\/xn--pferdundpftchen-itb.de\/woocommerce\/wp-json\/wp\/v2\/comments?post=2189"}],"wp:featuredmedia":[{"embeddable":true,"href":"https:\/\/xn--pferdundpftchen-itb.de\/woocommerce\/wp-json\/wp\/v2\/media\/2174"}],"wp:attachment":[{"href":"https:\/\/xn--pferdundpftchen-itb.de\/woocommerce\/wp-json\/wp\/v2\/media?parent=2189"}],"wp:term":[{"taxonomy":"product_brand","embeddable":true,"href":"https:\/\/xn--pferdundpftchen-itb.de\/woocommerce\/wp-json\/wp\/v2\/product_brand?post=2189"},{"taxonomy":"product_cat","embeddable":true,"href":"https:\/\/xn--pferdundpftchen-itb.de\/woocommerce\/wp-json\/wp\/v2\/product_cat?post=2189"},{"taxonomy":"product_tag","embeddable":true,"href":"https:\/\/xn--pferdundpftchen-itb.de\/woocommerce\/wp-json\/wp\/v2\/product_tag?post=2189"}],"curies":[{"name":"wp","href":"https:\/\/api.w.org\/{rel}","templated":true}]}}