{"id":2191,"date":"2024-04-04T10:45:17","date_gmt":"2024-04-04T08:45:17","guid":{"rendered":"https:\/\/xn--pferdundpftchen-itb.de\/woocommerce\/?post_type=product&#038;p=2191"},"modified":"2025-02-09T19:13:58","modified_gmt":"2025-02-09T18:13:58","slug":"entenhaelse","status":"publish","type":"product","link":"https:\/\/xn--pferdundpftchen-itb.de\/woocommerce\/produkt\/entenhaelse\/","title":{"rendered":"Entenh\u00e4lse"},"content":{"rendered":"<p><strong>SANA Dog getrocknete Entenh\u00e4lse \u2013 Knuspriger Kauspa\u00df f\u00fcr deinen Vierbeiner!<\/strong><\/p>\n<p>Die <strong>SANA Dog Entenh\u00e4lse<\/strong> bieten einen <strong>knusprigen und aromatischen Kauspa\u00df<\/strong>, der Hunde aller Gr\u00f6\u00dfen und Rassen begeistert. Dank ihres intensiven Geschmacks sind sie die perfekte Belohnung f\u00fcr zwischendurch.<\/p>\n<p>Unsere Entenh\u00e4lse werden <strong>ohne Zus\u00e4tze<\/strong> wie Zucker, Mais, Weizen, Soja, Farbstoffe, Konservierungsstoffe, Fleischmehle oder F\u00fcllstoffe in unserer eigenen Manufaktur hergestellt. Sie werden dabei <strong>schonend luftgetrocknet<\/strong> \u2013 eine moderne Interpretation jahrhundertealter Fleischkonservierungstechniken, die die wertvollen Inhaltsstoffe bewahrt.<\/p>\n<p>Die sorgf\u00e4ltig ausgew\u00e4hlten Entenh\u00e4lse stammen aus <strong>lokaler und nachhaltiger Herkunft<\/strong> und sind zu <strong>100 % r\u00fcckverfolgbar<\/strong>. Durch den behutsamen Herstellungsprozess bleiben die nat\u00fcrlichen N\u00e4hrstoffe erhalten und tragen dazu bei, dass dein Hund lange gesund, vital und gl\u00fccklich bleibt.<\/p>\n<p><strong>SANA Dog Entenh\u00e4lse<\/strong> \u2013 ein knuspriger Genuss, den dein Hund lieben wird!<\/p>\n<p>Inhalt: 350g<\/p>\n<p>Zusammensetzung: 100% Entenh\u00e4lse<\/p>\n<p>F\u00fctterungsempfehlung: Als Belohnung oder Snack zwischen den Mahlzeiten. Reduzierung der Futtermenge nach Bedarf. Immer frisches und sauberes Trinkwasser bereitstellen. K\u00fchl und trocken lagern. Nicht f\u00fcr Hunde unter 3 Monaten geeignet.<\/p>\n","protected":false},"excerpt":{"rendered":"<p>SANA Dog getrocknete Entenh\u00e4lse \u2013 Knuspriger Kauspa\u00df f\u00fcr deinen Vierbeiner! Die SANA Dog Entenh\u00e4lse bieten einen knusprigen und aromatischen Kauspa\u00df, der Hunde aller Gr\u00f6\u00dfen und Rassen begeistert. Dank ihres intensiven Geschmacks sind sie die perfekte Belohnung f\u00fcr zwischendurch. Unsere Entenh\u00e4lse werden ohne Zus\u00e4tze wie Zucker, Mais, Weizen, Soja, Farbstoffe, Konservierungsstoffe, Fleischmehle oder F\u00fcllstoffe in unserer [&hellip;]<\/p>\n","protected":false},"featured_media":2171,"comment_status":"open","ping_status":"closed","template":"","meta":[],"product_brand":[],"product_cat":[20,68],"product_tag":[],"class_list":{"0":"post-2191","1":"product","2":"type-product","3":"status-publish","4":"has-post-thumbnail","6":"product_cat-hund","7":"product_cat-leckerlies-snacks-hund","9":"first","10":"instock","11":"taxable","12":"shipping-taxable","13":"purchasable","14":"product-type-simple"},"jetpack_sharing_enabled":true,"_links":{"self":[{"href":"https:\/\/xn--pferdundpftchen-itb.de\/woocommerce\/wp-json\/wp\/v2\/product\/2191","targetHints":{"allow":["GET"]}}],"collection":[{"href":"https:\/\/xn--pferdundpftchen-itb.de\/woocommerce\/wp-json\/wp\/v2\/product"}],"about":[{"href":"https:\/\/xn--pferdundpftchen-itb.de\/woocommerce\/wp-json\/wp\/v2\/types\/product"}],"replies":[{"embeddable":true,"href":"https:\/\/xn--pferdundpftchen-itb.de\/woocommerce\/wp-json\/wp\/v2\/comments?post=2191"}],"wp:featuredmedia":[{"embeddable":true,"href":"https:\/\/xn--pferdundpftchen-itb.de\/woocommerce\/wp-json\/wp\/v2\/media\/2171"}],"wp:attachment":[{"href":"https:\/\/xn--pferdundpftchen-itb.de\/woocommerce\/wp-json\/wp\/v2\/media?parent=2191"}],"wp:term":[{"taxonomy":"product_brand","embeddable":true,"href":"https:\/\/xn--pferdundpftchen-itb.de\/woocommerce\/wp-json\/wp\/v2\/product_brand?post=2191"},{"taxonomy":"product_cat","embeddable":true,"href":"https:\/\/xn--pferdundpftchen-itb.de\/woocommerce\/wp-json\/wp\/v2\/product_cat?post=2191"},{"taxonomy":"product_tag","embeddable":true,"href":"https:\/\/xn--pferdundpftchen-itb.de\/woocommerce\/wp-json\/wp\/v2\/product_tag?post=2191"}],"curies":[{"name":"wp","href":"https:\/\/api.w.org\/{rel}","templated":true}]}}