{"id":2192,"date":"2024-04-04T10:47:14","date_gmt":"2024-04-04T08:47:14","guid":{"rendered":"https:\/\/xn--pferdundpftchen-itb.de\/woocommerce\/?post_type=product&#038;p=2192"},"modified":"2025-02-09T19:15:33","modified_gmt":"2025-02-09T18:15:33","slug":"pferdeherzen","status":"publish","type":"product","link":"https:\/\/xn--pferdundpftchen-itb.de\/woocommerce\/produkt\/pferdeherzen\/","title":{"rendered":"Pferdeherzen"},"content":{"rendered":"<p><strong>SANA Dog getrocknete Pferdeherzen \u2013 Gesunder Premium-Snack f\u00fcr empfindliche Hunde!<\/strong><\/p>\n<p>Die <strong>SANA Dog Pferdeherzen<\/strong> bestehen aus <strong>100 % reinem Muskelfleisch<\/strong> und sind der perfekte Kausnack f\u00fcr Hunde, die einen hohen Proteingehalt ben\u00f6tigen. Pferdefleisch und Innereien sind bekannt f\u00fcr ihre hypoallergenen Eigenschaften und daher die <strong>erste Wahl f\u00fcr sensible oder allergische Hunde<\/strong>.<\/p>\n<p>Die fettarmen Pferdeherzen sind reich an <strong>essentiellen Aminos\u00e4uren<\/strong>, die die Grundlage aller Proteine bilden. Diese Aminos\u00e4uren sind entscheidend f\u00fcr die Zellstruktur und spielen eine wichtige Rolle bei vielen lebenswichtigen K\u00f6rperfunktionen.<\/p>\n<p>Unsere Pferdeherzen werden <strong>ohne jegliche Zus\u00e4tze<\/strong> wie Zucker, Mais, Weizen, Soja, Farbstoffe, Konservierungsstoffe, Fleischmehle oder F\u00fcllstoffe in einer kleinen Manufaktur hergestellt und dabei <strong>schonend luftgetrocknet<\/strong>. Diese Methode ist eine moderne Interpretation traditioneller Fleischkonservierungstechniken und bewahrt die wertvollen N\u00e4hrstoffe.<\/p>\n<p>Die sorgf\u00e4ltig ausgew\u00e4hlten Pferdeherzen stammen aus <strong>lokaler und nachhaltiger Herkunft<\/strong> und sind <strong>zu 100 % r\u00fcckverfolgbar<\/strong>. Durch die behutsame Verarbeitung bleibt die hohe N\u00e4hrstoffqualit\u00e4t erhalten, sodass dein Hund gesund und vital bleibt.<\/p>\n<p>Die Produkte werden in einem <strong>praktischen, wiederverschlie\u00dfbaren Beutel<\/strong> geliefert \u2013 ideal f\u00fcr die Aufbewahrung. Bitte k\u00fchl und trocken lagern und vor direkter Sonneneinstrahlung sch\u00fctzen.<\/p>\n<p><strong>SANA Dog Pferdeherzen<\/strong> \u2013 der nat\u00fcrliche Kausnack, der deinem Hund rundum guttut!<\/p>\n<p>Inhalt: 500g<\/p>\n<p>Zusammensetzung: 100% Pferdeherzen<\/p>\n<p>F\u00fctterungempfehlung: Als Belohnung oder Snack zwischen den Mahlzeiten. Reduzierung der Futtermenge nach Bedarf. Immer frisches und sauberes Trinkwasser bereitstellen. K\u00fchl und trocken lagern. Nicht f\u00fcr Hunde unter 3 Monaten geeignet.<\/p>\n","protected":false},"excerpt":{"rendered":"<p>SANA Dog getrocknete Pferdeherzen \u2013 Gesunder Premium-Snack f\u00fcr empfindliche Hunde! Die SANA Dog Pferdeherzen bestehen aus 100 % reinem Muskelfleisch und sind der perfekte Kausnack f\u00fcr Hunde, die einen hohen Proteingehalt ben\u00f6tigen. Pferdefleisch und Innereien sind bekannt f\u00fcr ihre hypoallergenen Eigenschaften und daher die erste Wahl f\u00fcr sensible oder allergische Hunde. Die fettarmen Pferdeherzen sind [&hellip;]<\/p>\n","protected":false},"featured_media":2179,"comment_status":"open","ping_status":"closed","template":"","meta":[],"product_brand":[],"product_cat":[20,68],"product_tag":[],"class_list":{"0":"post-2192","1":"product","2":"type-product","3":"status-publish","4":"has-post-thumbnail","6":"product_cat-hund","7":"product_cat-leckerlies-snacks-hund","9":"first","10":"instock","11":"taxable","12":"shipping-taxable","13":"purchasable","14":"product-type-simple"},"jetpack_sharing_enabled":true,"_links":{"self":[{"href":"https:\/\/xn--pferdundpftchen-itb.de\/woocommerce\/wp-json\/wp\/v2\/product\/2192","targetHints":{"allow":["GET"]}}],"collection":[{"href":"https:\/\/xn--pferdundpftchen-itb.de\/woocommerce\/wp-json\/wp\/v2\/product"}],"about":[{"href":"https:\/\/xn--pferdundpftchen-itb.de\/woocommerce\/wp-json\/wp\/v2\/types\/product"}],"replies":[{"embeddable":true,"href":"https:\/\/xn--pferdundpftchen-itb.de\/woocommerce\/wp-json\/wp\/v2\/comments?post=2192"}],"wp:featuredmedia":[{"embeddable":true,"href":"https:\/\/xn--pferdundpftchen-itb.de\/woocommerce\/wp-json\/wp\/v2\/media\/2179"}],"wp:attachment":[{"href":"https:\/\/xn--pferdundpftchen-itb.de\/woocommerce\/wp-json\/wp\/v2\/media?parent=2192"}],"wp:term":[{"taxonomy":"product_brand","embeddable":true,"href":"https:\/\/xn--pferdundpftchen-itb.de\/woocommerce\/wp-json\/wp\/v2\/product_brand?post=2192"},{"taxonomy":"product_cat","embeddable":true,"href":"https:\/\/xn--pferdundpftchen-itb.de\/woocommerce\/wp-json\/wp\/v2\/product_cat?post=2192"},{"taxonomy":"product_tag","embeddable":true,"href":"https:\/\/xn--pferdundpftchen-itb.de\/woocommerce\/wp-json\/wp\/v2\/product_tag?post=2192"}],"curies":[{"name":"wp","href":"https:\/\/api.w.org\/{rel}","templated":true}]}}