{"id":2194,"date":"2024-04-04T10:48:58","date_gmt":"2024-04-04T08:48:58","guid":{"rendered":"https:\/\/xn--pferdundpftchen-itb.de\/woocommerce\/?post_type=product&#038;p=2194"},"modified":"2025-02-09T19:16:49","modified_gmt":"2025-02-09T18:16:49","slug":"pferdefleisch","status":"publish","type":"product","link":"https:\/\/xn--pferdundpftchen-itb.de\/woocommerce\/produkt\/pferdefleisch\/","title":{"rendered":"Pferdefleisch"},"content":{"rendered":"<p><strong>SANA Dog getrocknetes Pferdefleisch \u2013 Hochwertiger Snack f\u00fcr empfindliche Hunde!<\/strong><\/p>\n<p>Das <strong>SANA Dog Pferdefleisch<\/strong> besteht aus <strong>100 % reinem Muskelfleisch<\/strong> und ist der ideale Kausnack f\u00fcr Hunde, die einen gesunden und proteinreichen Snack ben\u00f6tigen. Pferdefleisch ist bekannt f\u00fcr seine <strong>hypoallergenen Eigenschaften<\/strong> und somit die perfekte Wahl f\u00fcr Hunde mit empfindlichem Magen oder Futtermittelallergien.<\/p>\n<p>Dank seines <strong>hohen Proteingehalts<\/strong> liefert das Pferdefleisch wichtige N\u00e4hrstoffe, die deinem Hund helfen, gesund und vital zu bleiben. Es unterst\u00fctzt eine ausgewogene Ern\u00e4hrung und ist besonders leicht verdaulich.<\/p>\n<p>Unser Pferdefleisch wird <strong>ohne jegliche Zus\u00e4tze<\/strong> wie Zucker, Mais, Weizen, Soja, Farbstoffe, Konservierungsstoffe, Fleischmehle oder andere F\u00fcllstoffe in einer kleinen Manufaktur hergestellt. Es wird dabei <strong>schonend luftgetrocknet<\/strong>, um die nat\u00fcrlichen N\u00e4hrstoffe und den intensiven Geschmack zu bewahren. Diese Methode ist eine moderne Interpretation traditioneller Konservierungstechniken.<\/p>\n<p>Die sorgf\u00e4ltig ausgew\u00e4hlte Rohware stammt aus <strong>lokaler und nachhaltiger Herkunft<\/strong> und ist <strong>zu 100 % r\u00fcckverfolgbar<\/strong>. Durch die behutsame Verarbeitung bleiben die wertvollen Inhaltsstoffe erhalten \u2013 f\u00fcr eine gesunde Ern\u00e4hrung und ein vitales Hundeleben.<\/p>\n<p>Das Pferdefleisch wird in einem <strong>praktischen, wiederverschlie\u00dfbaren Beutel<\/strong> geliefert, der die Frische bewahrt und die Lagerung erleichtert. Bitte k\u00fchl und trocken lagern und vor direkter Sonneneinstrahlung sch\u00fctzen.<\/p>\n<p><strong>SANA Dog Pferdefleisch<\/strong> \u2013 der perfekte nat\u00fcrliche Snack f\u00fcr deinen vierbeinigen Liebling!<\/p>\n<p>Inhalt: 500g<\/p>\n<p>Zusammensetzung: 100% Pferdefleisch<\/p>\n<p>F\u00fctterungsempfehlung: Als Belohnung oder Snack zwischen den Mahlzeiten. Reduzierung der Futtermenge nach Bedarf. Immer frisches und sauberes Trinkwasser bereitstellen. K\u00fchl und trocken lagern. Nicht f\u00fcr Hunde unter 3 Monaten geeignet.<\/p>\n","protected":false},"excerpt":{"rendered":"<p>SANA Dog getrocknetes Pferdefleisch \u2013 Hochwertiger Snack f\u00fcr empfindliche Hunde! Das SANA Dog Pferdefleisch besteht aus 100 % reinem Muskelfleisch und ist der ideale Kausnack f\u00fcr Hunde, die einen gesunden und proteinreichen Snack ben\u00f6tigen. Pferdefleisch ist bekannt f\u00fcr seine hypoallergenen Eigenschaften und somit die perfekte Wahl f\u00fcr Hunde mit empfindlichem Magen oder Futtermittelallergien. Dank seines [&hellip;]<\/p>\n","protected":false},"featured_media":2178,"comment_status":"open","ping_status":"closed","template":"","meta":[],"product_brand":[],"product_cat":[20,68],"product_tag":[],"class_list":{"0":"post-2194","1":"product","2":"type-product","3":"status-publish","4":"has-post-thumbnail","6":"product_cat-hund","7":"product_cat-leckerlies-snacks-hund","9":"first","10":"instock","11":"taxable","12":"shipping-taxable","13":"purchasable","14":"product-type-simple"},"jetpack_sharing_enabled":true,"_links":{"self":[{"href":"https:\/\/xn--pferdundpftchen-itb.de\/woocommerce\/wp-json\/wp\/v2\/product\/2194","targetHints":{"allow":["GET"]}}],"collection":[{"href":"https:\/\/xn--pferdundpftchen-itb.de\/woocommerce\/wp-json\/wp\/v2\/product"}],"about":[{"href":"https:\/\/xn--pferdundpftchen-itb.de\/woocommerce\/wp-json\/wp\/v2\/types\/product"}],"replies":[{"embeddable":true,"href":"https:\/\/xn--pferdundpftchen-itb.de\/woocommerce\/wp-json\/wp\/v2\/comments?post=2194"}],"wp:featuredmedia":[{"embeddable":true,"href":"https:\/\/xn--pferdundpftchen-itb.de\/woocommerce\/wp-json\/wp\/v2\/media\/2178"}],"wp:attachment":[{"href":"https:\/\/xn--pferdundpftchen-itb.de\/woocommerce\/wp-json\/wp\/v2\/media?parent=2194"}],"wp:term":[{"taxonomy":"product_brand","embeddable":true,"href":"https:\/\/xn--pferdundpftchen-itb.de\/woocommerce\/wp-json\/wp\/v2\/product_brand?post=2194"},{"taxonomy":"product_cat","embeddable":true,"href":"https:\/\/xn--pferdundpftchen-itb.de\/woocommerce\/wp-json\/wp\/v2\/product_cat?post=2194"},{"taxonomy":"product_tag","embeddable":true,"href":"https:\/\/xn--pferdundpftchen-itb.de\/woocommerce\/wp-json\/wp\/v2\/product_tag?post=2194"}],"curies":[{"name":"wp","href":"https:\/\/api.w.org\/{rel}","templated":true}]}}