{"id":2214,"date":"2024-04-22T09:19:54","date_gmt":"2024-04-22T07:19:54","guid":{"rendered":"https:\/\/xn--pferdundpftchen-itb.de\/woocommerce\/?post_type=product&#038;p=2214"},"modified":"2024-04-22T09:19:54","modified_gmt":"2024-04-22T07:19:54","slug":"spirella-mikroalgen-mix","status":"publish","type":"product","link":"https:\/\/xn--pferdundpftchen-itb.de\/woocommerce\/produkt\/spirella-mikroalgen-mix\/","title":{"rendered":"Spirella Mikroalgen Mix"},"content":{"rendered":"<p>Chlorophyllreiche Algen mit hohem Gehalt an Eisen, Magnesium und Aminos\u00e4uren. Reich an Vitaminen des B-Komplexes, an Betacarotin und Vitamin C. Spirella Mikroalgen-Mix hilft bei der Regeneration, der Ausleitung, f\u00f6rdert die Blutbildung und wirkt positiv auf die Pigmentierung. Der hohe Chlorophyllgehalt reduziert die Ausd\u00fcnstungen l\u00e4ufiger H\u00fcndinnen und bindet Ger\u00fcche aus Maul oder Fell. <\/p>\n<p>Zusammensetzung: Spirulina und Chlorella<\/p>\n<p>F\u00fctterungsempfehlung:<br \/>\nbis 5 kg K\u00f6rpergewicht = 1 Messl\u00f6ffel<br \/>\n15 kg K\u00f6rpergewicht = 2 Messl\u00f6ffel<br \/>\n30 kg K\u00f6rpergewicht = 3 Messl\u00f6ffel<br \/>\n40 kg K\u00f6rpergewicht = 4 Messl\u00f6ffel<\/p>\n<p>Der Messl\u00f6ffel fasst 2 g<\/p>\n<p>Zur Entgiftung (am besten kombiniert mit Hepatika) sollte die Dosis an Spirella 10 &#8211; 14 Tage lang verdoppelt werden.<\/p>\n","protected":false},"excerpt":{"rendered":"<p>Chlorophyllreiche Algen mit hohem Gehalt an Eisen, Magnesium und Aminos\u00e4uren. Reich an Vitaminen des B-Komplexes, an Betacarotin und Vitamin C. Spirella Mikroalgen-Mix hilft bei der Regeneration, der Ausleitung, f\u00f6rdert die Blutbildung und wirkt positiv auf die Pigmentierung. Der hohe Chlorophyllgehalt reduziert die Ausd\u00fcnstungen l\u00e4ufiger H\u00fcndinnen und bindet Ger\u00fcche aus Maul oder Fell. Zusammensetzung: Spirulina und [&hellip;]<\/p>\n","protected":false},"featured_media":2215,"comment_status":"open","ping_status":"closed","template":"","meta":[],"product_brand":[],"product_cat":[20,41,42,30,43,57],"product_tag":[],"class_list":{"0":"post-2214","1":"product","2":"type-product","3":"status-publish","4":"has-post-thumbnail","6":"product_cat-hund","7":"product_cat-mineralstoffe","8":"product_cat-ausleitung-entgiftung","9":"product_cat-zaehne-maul","10":"product_cat-haut-fell","11":"product_cat-herz-kreislauf","13":"first","14":"instock","15":"taxable","16":"shipping-taxable","17":"purchasable","18":"product-type-variable"},"jetpack_sharing_enabled":true,"_links":{"self":[{"href":"https:\/\/xn--pferdundpftchen-itb.de\/woocommerce\/wp-json\/wp\/v2\/product\/2214","targetHints":{"allow":["GET"]}}],"collection":[{"href":"https:\/\/xn--pferdundpftchen-itb.de\/woocommerce\/wp-json\/wp\/v2\/product"}],"about":[{"href":"https:\/\/xn--pferdundpftchen-itb.de\/woocommerce\/wp-json\/wp\/v2\/types\/product"}],"replies":[{"embeddable":true,"href":"https:\/\/xn--pferdundpftchen-itb.de\/woocommerce\/wp-json\/wp\/v2\/comments?post=2214"}],"wp:featuredmedia":[{"embeddable":true,"href":"https:\/\/xn--pferdundpftchen-itb.de\/woocommerce\/wp-json\/wp\/v2\/media\/2215"}],"wp:attachment":[{"href":"https:\/\/xn--pferdundpftchen-itb.de\/woocommerce\/wp-json\/wp\/v2\/media?parent=2214"}],"wp:term":[{"taxonomy":"product_brand","embeddable":true,"href":"https:\/\/xn--pferdundpftchen-itb.de\/woocommerce\/wp-json\/wp\/v2\/product_brand?post=2214"},{"taxonomy":"product_cat","embeddable":true,"href":"https:\/\/xn--pferdundpftchen-itb.de\/woocommerce\/wp-json\/wp\/v2\/product_cat?post=2214"},{"taxonomy":"product_tag","embeddable":true,"href":"https:\/\/xn--pferdundpftchen-itb.de\/woocommerce\/wp-json\/wp\/v2\/product_tag?post=2214"}],"curies":[{"name":"wp","href":"https:\/\/api.w.org\/{rel}","templated":true}]}}